{"id":1914,"date":"2022-01-15T21:50:35","date_gmt":"2022-01-15T19:50:35","guid":{"rendered":"http:\/\/www.bodofilmklubb.no\/?page_id=1914"},"modified":"2022-01-15T21:52:48","modified_gmt":"2022-01-15T19:52:48","slug":"tirsdagsfilmen-010222","status":"publish","type":"page","link":"https:\/\/www.bodofilmklubb.no\/index.php\/tirsdagsfilmen-010222\/","title":{"rendered":"Tirsdagsfilmen 010222"},"content":{"rendered":"<p class=\"MsoNormal\">David Finchers film fra 2020 om tilblivelsen av Citizen Kane er en vanvittig stilig svart\/hvitt-reise tilbake til Hollywood p\u00e5 slutten av 1930-tallet. Med Gary Oldman i nok en gnistrenede hovedrolle som manuslegenden Herman J. Mankiewicz. Historien kretser om arbeidet med \u00e5 skrive ferdig manuset til Citizen Kane, som Mankiewicz skrev for Orson Welles samtidig som han kjempet en hard kamp mot alkoholismen og sin egen sterke, kyniske antipati mot hele Hollywood-systemet.<\/p>\n<p class=\"MsoNormal\">David Fincher har i flere ti\u00e5r v\u00e6rt blant USAs viktigste filmskapere, og en av Hollywood mest briljante stilister. I dagens film kj\u00f8rer han en gjennomf\u00f8rt noir-stil, som seg h\u00f8r og b\u00f8r for en film om Hollywoods gullalder, og han greier som vanlig \u00e5 sette sitt helt spesielle visuelle preg p\u00e5 filmen. Fans av hans aller beste filmer, som Seven (1995), Fight Club (1999) og Zodiac (2008), har virkelig noe \u00e5 glede seg til.<\/p>\n<p class=\"MsoNormal\">NB: Orson Welles \u00abCitizen Kane\u00bb kan du se p\u00e5 kino l\u00f8rdag 29. januar. Bod\u00f8 filmklubb viser \u00abverdens beste film\u00bb kl. 15:30.<\/p>\n","protected":false},"excerpt":{"rendered":"<p>David Finchers film fra 2020 om tilblivelsen av Citizen Kane er en vanvittig stilig svart\/hvitt-reise tilbake til Hollywood p\u00e5 slutten av 1930-tallet. Med Gary Oldman i nok en gnistrenede hovedrolle som manuslegenden Herman J. Mankiewicz. Historien kretser om arbeidet med \u00e5 skrive ferdig manuset til Citizen Kane, som Mankiewicz skrev for Orson Welles samtidig som [&hellip;]<\/p>\n","protected":false},"author":2,"featured_media":0,"parent":0,"menu_order":0,"comment_status":"open","ping_status":"closed","template":"","meta":{"footnotes":""},"class_list":["post-1914","page","type-page","status-publish","hentry"],"_links":{"self":[{"href":"https:\/\/www.bodofilmklubb.no\/index.php\/wp-json\/wp\/v2\/pages\/1914","targetHints":{"allow":["GET"]}}],"collection":[{"href":"https:\/\/www.bodofilmklubb.no\/index.php\/wp-json\/wp\/v2\/pages"}],"about":[{"href":"https:\/\/www.bodofilmklubb.no\/index.php\/wp-json\/wp\/v2\/types\/page"}],"author":[{"embeddable":true,"href":"https:\/\/www.bodofilmklubb.no\/index.php\/wp-json\/wp\/v2\/users\/2"}],"replies":[{"embeddable":true,"href":"https:\/\/www.bodofilmklubb.no\/index.php\/wp-json\/wp\/v2\/comments?post=1914"}],"version-history":[{"count":5,"href":"https:\/\/www.bodofilmklubb.no\/index.php\/wp-json\/wp\/v2\/pages\/1914\/revisions"}],"predecessor-version":[{"id":1921,"href":"https:\/\/www.bodofilmklubb.no\/index.php\/wp-json\/wp\/v2\/pages\/1914\/revisions\/1921"}],"wp:attachment":[{"href":"https:\/\/www.bodofilmklubb.no\/index.php\/wp-json\/wp\/v2\/media?parent=1914"}],"curies":[{"name":"wp","href":"https:\/\/api.w.org\/{rel}","templated":true}]}}