{"id":1952,"date":"2022-02-20T16:33:10","date_gmt":"2022-02-20T14:33:10","guid":{"rendered":"http:\/\/www.bodofilmklubb.no\/?page_id=1952"},"modified":"2022-02-20T16:33:10","modified_gmt":"2022-02-20T14:33:10","slug":"tirsdagsfilmen-010322","status":"publish","type":"page","link":"https:\/\/www.bodofilmklubb.no\/index.php\/tirsdagsfilmen-010322\/","title":{"rendered":"Tirsdagsfilmen 010322"},"content":{"rendered":"<p class=\"MsoNormal\">En absurd komedie om noe som egentlig ikke er til \u00e5 sp\u00f8ke med. Krigen i Bosnia g\u00e5r mot slutten. Landet ligger i ruiner og gode naboer har blitt bitre fiender. FN-soldater pr\u00f8ver \u00e5 holde ro og orden, men det murrer fortsatt under overflaten. Gammelt hat har f\u00e5tt ny n\u00e6ring.<\/p>\n<p class=\"MsoNormal\">Lokalbefolkningen fors\u00f8ker \u00e5 ta hverdagen tilbake, men jordene og veiene er underminerte og br\u00f8nnene forgiftet. I dette kaoset m\u00f8ter vi en gjeng hjelpearbeidere. &laquo;Aid Across Borders&raquo; har som viktigste oppgave \u00e5 rense br\u00f8nner slik at befolkningen f\u00e5r rent drikkevann. Det er enklere sagt enn gjort n\u00e5r alle mistenkeliggj\u00f8r alt, FN forlanger at boka skal f\u00f8lges til minste detalj og lokalbefolkningen fors\u00f8ker \u00e5 tjene en slant der de ser en mulighet for det.<\/p>\n<p class=\"MsoNormal\">V\u00e5r film klarer \u00e5 v\u00e6re b\u00e5de morsom og dypt grusom p\u00e5 \u00e9n gang. I rollene briljerer et stjernelag med Tim Robbins, Benicio del Toro og Olga Kurylenko i spissen.<\/p>\n","protected":false},"excerpt":{"rendered":"<p>En absurd komedie om noe som egentlig ikke er til \u00e5 sp\u00f8ke med. Krigen i Bosnia g\u00e5r mot slutten. Landet ligger i ruiner og gode naboer har blitt bitre fiender. FN-soldater pr\u00f8ver \u00e5 holde ro og orden, men det murrer fortsatt under overflaten. Gammelt hat har f\u00e5tt ny n\u00e6ring. Lokalbefolkningen fors\u00f8ker \u00e5 ta hverdagen tilbake, [&hellip;]<\/p>\n","protected":false},"author":2,"featured_media":0,"parent":0,"menu_order":0,"comment_status":"open","ping_status":"closed","template":"","meta":{"footnotes":""},"class_list":["post-1952","page","type-page","status-publish","hentry"],"_links":{"self":[{"href":"https:\/\/www.bodofilmklubb.no\/index.php\/wp-json\/wp\/v2\/pages\/1952","targetHints":{"allow":["GET"]}}],"collection":[{"href":"https:\/\/www.bodofilmklubb.no\/index.php\/wp-json\/wp\/v2\/pages"}],"about":[{"href":"https:\/\/www.bodofilmklubb.no\/index.php\/wp-json\/wp\/v2\/types\/page"}],"author":[{"embeddable":true,"href":"https:\/\/www.bodofilmklubb.no\/index.php\/wp-json\/wp\/v2\/users\/2"}],"replies":[{"embeddable":true,"href":"https:\/\/www.bodofilmklubb.no\/index.php\/wp-json\/wp\/v2\/comments?post=1952"}],"version-history":[{"count":1,"href":"https:\/\/www.bodofilmklubb.no\/index.php\/wp-json\/wp\/v2\/pages\/1952\/revisions"}],"predecessor-version":[{"id":1953,"href":"https:\/\/www.bodofilmklubb.no\/index.php\/wp-json\/wp\/v2\/pages\/1952\/revisions\/1953"}],"wp:attachment":[{"href":"https:\/\/www.bodofilmklubb.no\/index.php\/wp-json\/wp\/v2\/media?parent=1952"}],"curies":[{"name":"wp","href":"https:\/\/api.w.org\/{rel}","templated":true}]}}