{"id":1970,"date":"2022-05-15T14:08:52","date_gmt":"2022-05-15T12:08:52","guid":{"rendered":"http:\/\/www.bodofilmklubb.no\/?page_id=1970"},"modified":"2022-05-16T09:19:04","modified_gmt":"2022-05-16T07:19:04","slug":"tirsdagsfilmen-240522","status":"publish","type":"page","link":"https:\/\/www.bodofilmklubb.no\/index.php\/tirsdagsfilmen-240522\/","title":{"rendered":"Tirsdagsfilmen 240522"},"content":{"rendered":"<p class=\"MsoNormal\"><strong><span lang=\"EN-GB\">Sigmund Freud &#8211; A Jew without God<br \/>\n<\/span><\/strong><\/p>\n<p class=\"MsoNormal\">Frankrike, 2020<br \/>\nRegiss\u00f8r: David Teboul<br \/>\n1 t 37min<\/p>\n<p class=\"MsoNormal\">Fransk tale med engelske tekster<\/p>\n<p class=\"MsoNormal\">Vises tirsdag 24. mai kl. 18:00 &#8211; Stormen bibliotek, litteratursalen. Gratis inngang<\/p>\n<p class=\"MsoNormal\">\n<p class=\"MsoNormal\">Denne filmen er en dramatisert dokumentar basert p\u00e5 Sigmund Freuds private brev om sin barndom og ungdom og hans senere erfaringer som ektemann og familiemann. Regiss\u00f8r David Teboul kombinerer assosiativt historiske bilder og filmklipp med tekster fra Freud selv. Den andre viktige stemmen i filmen tilh\u00f8rer Freuds datter Anna. Til \u00e5 gi tekstene liv har regiss\u00f8r Teboul f\u00e5tt med seg et stjernelag av franske skuespillere til \u00e5 l\u00e5ne stemmene. Her finner vi Isabelle Huppert, Catherine Deneuve og Mathieu Amalric.<\/p>\n<p class=\"MsoNormal\">Dette er en fascinerende og vakker dokumentar som gir innblikk i Freuds liv. P\u00e5 en poetisk m\u00e5te setter filmen Freuds verk i forbindelse med hans famili\u00e6re bakgrunn, religion og de turbulente tidene han levde i.<\/p>\n<p class=\"MsoNormal\"><a href=\"http:\/\/www.lesfilmsdici.fr\/en\/in-production\/5095-freud.html\">Mer info<\/a><\/p>\n<p class=\"MsoNormal\">\n","protected":false},"excerpt":{"rendered":"<p>Sigmund Freud &#8211; A Jew without God Frankrike, 2020 Regiss\u00f8r: David Teboul 1 t 37min Fransk tale med engelske tekster Vises tirsdag 24. mai kl. 18:00 &#8211; Stormen bibliotek, litteratursalen. Gratis inngang Denne filmen er en dramatisert dokumentar basert p\u00e5 Sigmund Freuds private brev om sin barndom og ungdom og hans senere erfaringer som ektemann [&hellip;]<\/p>\n","protected":false},"author":2,"featured_media":0,"parent":0,"menu_order":0,"comment_status":"open","ping_status":"closed","template":"","meta":{"footnotes":""},"class_list":["post-1970","page","type-page","status-publish","hentry"],"_links":{"self":[{"href":"https:\/\/www.bodofilmklubb.no\/index.php\/wp-json\/wp\/v2\/pages\/1970","targetHints":{"allow":["GET"]}}],"collection":[{"href":"https:\/\/www.bodofilmklubb.no\/index.php\/wp-json\/wp\/v2\/pages"}],"about":[{"href":"https:\/\/www.bodofilmklubb.no\/index.php\/wp-json\/wp\/v2\/types\/page"}],"author":[{"embeddable":true,"href":"https:\/\/www.bodofilmklubb.no\/index.php\/wp-json\/wp\/v2\/users\/2"}],"replies":[{"embeddable":true,"href":"https:\/\/www.bodofilmklubb.no\/index.php\/wp-json\/wp\/v2\/comments?post=1970"}],"version-history":[{"count":5,"href":"https:\/\/www.bodofilmklubb.no\/index.php\/wp-json\/wp\/v2\/pages\/1970\/revisions"}],"predecessor-version":[{"id":1977,"href":"https:\/\/www.bodofilmklubb.no\/index.php\/wp-json\/wp\/v2\/pages\/1970\/revisions\/1977"}],"wp:attachment":[{"href":"https:\/\/www.bodofilmklubb.no\/index.php\/wp-json\/wp\/v2\/media?parent=1970"}],"curies":[{"name":"wp","href":"https:\/\/api.w.org\/{rel}","templated":true}]}}