{"id":1985,"date":"2022-09-01T19:10:58","date_gmt":"2022-09-01T17:10:58","guid":{"rendered":"http:\/\/www.bodofilmklubb.no\/?page_id=1985"},"modified":"2022-09-01T19:12:16","modified_gmt":"2022-09-01T17:12:16","slug":"tirsdagsfilmen-060922","status":"publish","type":"page","link":"https:\/\/www.bodofilmklubb.no\/index.php\/tirsdagsfilmen-060922\/","title":{"rendered":"Tirsdagsfilmen 060922"},"content":{"rendered":"<p class=\"MsoNormal\">Tema for h\u00f8stens program i biblioteket: Tidlig i karrieren<\/p>\n<p class=\"MsoNormal\">Newzealandske Taika Waititi er den usannsynlige outsideren som erobret Hollywood. Hans siste filmer inkluderer prisbel\u00f8nte <em>Jojo Rabbit<\/em> og storfilmen <em>Thor: Love and Thunder<\/em>. Det hele begynte dog i 2007 med en s\u00f8t og liten romantisk komedie han skrev og hadde regi for. Med denne filmen starter vi inn i tirsdagsfilmh\u00f8sten, som vi har satt under temaet: Tidlig i karrieren!<\/p>\n<p class=\"MsoNormal\">Waititis f\u00f8rste film handler om det umake paret Jarrod og Lily. Hun er avstandsforelsket i han, noe han ikke enser. Etter at hun krasjer karnevalsfesten hans if\u00f8rt et haikostyme innleder de et slags forhold. Lilys lykke skal imidlertid bli satt p\u00e5 sterk pr\u00f8ve n\u00e5r hun dras mer og mer inn i Jarrods absurde og selvopptatte verden, der han b\u00e6rer et ti \u00e5r gammelt intenst nag til en mobber p\u00e5 high school og legger all sin innsats inn p\u00e5 \u00e5 f\u00e5 tatt hevn.<\/p>\n<p><a href=\"https:\/\/www.bodofilmklubb.no\/index.php\/2018\/08\/tirsdagsfilmer-h%c3%b8sten-2018\/\">Mer info om tirsdagsfilmene<\/a><\/p>\n","protected":false},"excerpt":{"rendered":"<p>Tema for h\u00f8stens program i biblioteket: Tidlig i karrieren Newzealandske Taika Waititi er den usannsynlige outsideren som erobret Hollywood. Hans siste filmer inkluderer prisbel\u00f8nte Jojo Rabbit og storfilmen Thor: Love and Thunder. Det hele begynte dog i 2007 med en s\u00f8t og liten romantisk komedie han skrev og hadde regi for. Med denne filmen starter [&hellip;]<\/p>\n","protected":false},"author":2,"featured_media":0,"parent":0,"menu_order":0,"comment_status":"open","ping_status":"closed","template":"","meta":{"footnotes":""},"class_list":["post-1985","page","type-page","status-publish","hentry"],"_links":{"self":[{"href":"https:\/\/www.bodofilmklubb.no\/index.php\/wp-json\/wp\/v2\/pages\/1985","targetHints":{"allow":["GET"]}}],"collection":[{"href":"https:\/\/www.bodofilmklubb.no\/index.php\/wp-json\/wp\/v2\/pages"}],"about":[{"href":"https:\/\/www.bodofilmklubb.no\/index.php\/wp-json\/wp\/v2\/types\/page"}],"author":[{"embeddable":true,"href":"https:\/\/www.bodofilmklubb.no\/index.php\/wp-json\/wp\/v2\/users\/2"}],"replies":[{"embeddable":true,"href":"https:\/\/www.bodofilmklubb.no\/index.php\/wp-json\/wp\/v2\/comments?post=1985"}],"version-history":[{"count":3,"href":"https:\/\/www.bodofilmklubb.no\/index.php\/wp-json\/wp\/v2\/pages\/1985\/revisions"}],"predecessor-version":[{"id":1987,"href":"https:\/\/www.bodofilmklubb.no\/index.php\/wp-json\/wp\/v2\/pages\/1985\/revisions\/1987"}],"wp:attachment":[{"href":"https:\/\/www.bodofilmklubb.no\/index.php\/wp-json\/wp\/v2\/media?parent=1985"}],"curies":[{"name":"wp","href":"https:\/\/api.w.org\/{rel}","templated":true}]}}