{"id":2009,"date":"2022-09-17T16:07:22","date_gmt":"2022-09-17T14:07:22","guid":{"rendered":"http:\/\/www.bodofilmklubb.no\/?page_id=2009"},"modified":"2022-09-29T08:53:05","modified_gmt":"2022-09-29T06:53:05","slug":"dokumentarfilm-i-biblioteket-2022","status":"publish","type":"page","link":"https:\/\/www.bodofilmklubb.no\/index.php\/dokumentarfilm-i-biblioteket-2022\/","title":{"rendered":"Dokumentarfilm i biblioteket 2022"},"content":{"rendered":"<p>Helgen 15. &#8211; 16. oktober har Bod\u00f8 filmklubb gleden av \u00e5 vise fersk internasjonal dokumentarfilm. Filmer som vi ellers sjeldent eller aldri har sjansen til \u00e5 f\u00e5 vist i Bod\u00f8.<\/p>\n<p>Dette f\u00e5r vi til takket v\u00e6re <a href=\"https:\/\/www.mirage.no\/\">MIRAGE<\/a>, en ny festival for dokumentarfilm i Oslo.<\/p>\n<p>Denne helgen vil vi vise en knipe utvalgte filmer fra \u00e5rets Mirage-program. Det hele skjer i litteratursalen i Stormen bibliotek.<\/p>\n<p>Festivalpass koster 100,- kroner &#8211; med det kan du se alle filmene (hele 5 stykk). Det kan som vanlig betales kontant eller med Vipps.<\/p>\n<p>Mer info om titler og tidspunkter finner p\u00e5 en egen <a href=\"https:\/\/www.bodofilmklubb.no\/index.php\/2022\/09\/dokumentarfilmfestival-i-biblioteket\/\">nyhetsside<\/a>.<\/p>\n<p>Det er ingen aldersgrense, men filmene anbefales for ungdom og voksne.<\/p>\n","protected":false},"excerpt":{"rendered":"<p>Helgen 15. &#8211; 16. oktober har Bod\u00f8 filmklubb gleden av \u00e5 vise fersk internasjonal dokumentarfilm. Filmer som vi ellers sjeldent eller aldri har sjansen til \u00e5 f\u00e5 vist i Bod\u00f8. Dette f\u00e5r vi til takket v\u00e6re MIRAGE, en ny festival for dokumentarfilm i Oslo. Denne helgen vil vi vise en knipe utvalgte filmer fra \u00e5rets [&hellip;]<\/p>\n","protected":false},"author":2,"featured_media":0,"parent":0,"menu_order":0,"comment_status":"open","ping_status":"closed","template":"","meta":{"footnotes":""},"class_list":["post-2009","page","type-page","status-publish","hentry"],"_links":{"self":[{"href":"https:\/\/www.bodofilmklubb.no\/index.php\/wp-json\/wp\/v2\/pages\/2009","targetHints":{"allow":["GET"]}}],"collection":[{"href":"https:\/\/www.bodofilmklubb.no\/index.php\/wp-json\/wp\/v2\/pages"}],"about":[{"href":"https:\/\/www.bodofilmklubb.no\/index.php\/wp-json\/wp\/v2\/types\/page"}],"author":[{"embeddable":true,"href":"https:\/\/www.bodofilmklubb.no\/index.php\/wp-json\/wp\/v2\/users\/2"}],"replies":[{"embeddable":true,"href":"https:\/\/www.bodofilmklubb.no\/index.php\/wp-json\/wp\/v2\/comments?post=2009"}],"version-history":[{"count":6,"href":"https:\/\/www.bodofilmklubb.no\/index.php\/wp-json\/wp\/v2\/pages\/2009\/revisions"}],"predecessor-version":[{"id":2037,"href":"https:\/\/www.bodofilmklubb.no\/index.php\/wp-json\/wp\/v2\/pages\/2009\/revisions\/2037"}],"wp:attachment":[{"href":"https:\/\/www.bodofilmklubb.no\/index.php\/wp-json\/wp\/v2\/media?parent=2009"}],"curies":[{"name":"wp","href":"https:\/\/api.w.org\/{rel}","templated":true}]}}