{"id":201,"date":"2009-08-29T18:10:42","date_gmt":"2009-08-29T16:10:42","guid":{"rendered":"http:\/\/www.bodofilmklubb.no\/?page_id=201"},"modified":"2009-09-14T10:14:06","modified_gmt":"2009-09-14T08:14:06","slug":"jules-og-jim","status":"publish","type":"page","link":"https:\/\/www.bodofilmklubb.no\/index.php\/jules-og-jim\/","title":{"rendered":"Jules og Jim"},"content":{"rendered":"<p class=\"MsoNormal\" style=\"margin: 0cm 0cm 0pt;\"><span style=\"font-size: small; font-family: Times New Roman;\">Originaltittel: Jules et Jim<\/span><\/p>\n<p class=\"MsoNormal\" style=\"margin: 0cm 0cm 0pt;\"><span style=\"font-size: small; font-family: Times New Roman;\">Regi: Francois Truffaut<\/span><\/p>\n<p class=\"MsoNormal\" style=\"margin: 0cm 0cm 0pt;\"><span style=\"font-size: small; font-family: Times New Roman;\">Skuespillere: Jeanne Moreau, Oskar Werner, Henri Serre<\/span><\/p>\n<p class=\"MsoNormal\" style=\"margin: 0cm 0cm 0pt;\"><span style=\"font-size: small; font-family: Times New Roman;\">Nasjonalitet: Frankrike 1962<\/span><\/p>\n<p class=\"MsoNormal\" style=\"margin: 0cm 0cm 0pt;\"><span style=\"font-size: small; font-family: Times New Roman;\">Spr\u00e5k: Fransk<\/span><\/p>\n<p class=\"MsoNormal\" style=\"margin: 0cm 0cm 0pt;\"><span style=\"font-size: small; font-family: Times New Roman;\">Lengde: 1t 45min<\/span><\/p>\n<p class=\"MsoNormal\" style=\"margin: 0cm 0cm 0pt;\"><span style=\"font-size: small; font-family: Times New Roman;\">\u00a0<\/span><\/p>\n<p class=\"MsoNormal\" style=\"margin: 0cm 0cm 0pt;\"><strong style=\"mso-bidi-font-weight: normal;\"><span style=\"font-size: small;\"><span style=\"font-family: Times New Roman;\">Romantisk og melankolsk mesterverk av Francois Truffaut<\/span><\/span><\/strong><\/p>\n<p class=\"MsoNormal\" style=\"margin: 0cm 0cm 0pt;\"><span style=\"font-size: small; font-family: Times New Roman;\">\u00a0<\/span><\/p>\n<p class=\"MsoNormal\" style=\"margin: 0cm 0cm 0pt;\"><span style=\"font-size: small; font-family: Times New Roman;\">Her har vi en film som er elsket av b\u00e5de publikum og kritikk. En s\u00f8rgmunter trekanthistorie, ganske enest\u00e5ende i filmhistorien, som forbinder stor lekenhet i formen med en sikker tone i fortellingen. Om historien trenger man ikke \u00e5 vite s\u00e5 mye: Vi blir presentert for det egentlig ulike, men uatskillelige venneparet Jules og Jim. Tiden er rundt 1912 og begge lever et ubekymret bohemliv. S\u00e5 m\u00f8ter de vakre Catherine og blir forelsket begge to. En gifter seg med henne \u2013 den andre blir hennes elsker.<\/span><\/p>\n<p class=\"MsoNormal\" style=\"margin: 0cm 0cm 0pt;\"><span style=\"font-size: small; font-family: Times New Roman;\">En stor regiss\u00f8r p\u00e5 h\u00f8ydepunktet av sin kunst \u2013 en bedre start p\u00e5 et langt og spennende h\u00f8stprogram kan vi ikke tenke oss!<\/span><\/p>\n<p class=\"MsoNormal\" style=\"margin: 0cm 0cm 0pt;\">\u00a0<\/p>\n<p class=\"MsoNormal\" style=\"margin: 0cm 0cm 0pt;\"><span style=\"font-size: small; font-family: Times New Roman;\">se ogs\u00e5: <a href=\"https:\/\/www.bodofilmklubb.no\/index.php\/2009\/09\/programendring-jules-og-jim-vs-vals-med-bashir\/\">https:\/\/www.bodofilmklubb.no\/index.php\/2009\/09\/programendring-jules-og-jim-vs-vals-med-bashir\/<\/a><\/span><\/p>\n","protected":false},"excerpt":{"rendered":"<p>Originaltittel: Jules et Jim Regi: Francois Truffaut Skuespillere: Jeanne Moreau, Oskar Werner, Henri Serre Nasjonalitet: Frankrike 1962 Spr\u00e5k: Fransk Lengde: 1t 45min \u00a0 Romantisk og melankolsk mesterverk av Francois Truffaut \u00a0 Her har vi en film som er elsket av b\u00e5de publikum og kritikk. En s\u00f8rgmunter trekanthistorie, ganske enest\u00e5ende i filmhistorien, som forbinder stor lekenhet [&hellip;]<\/p>\n","protected":false},"author":2,"featured_media":0,"parent":0,"menu_order":0,"comment_status":"open","ping_status":"open","template":"","meta":{"footnotes":""},"class_list":["post-201","page","type-page","status-publish","hentry"],"_links":{"self":[{"href":"https:\/\/www.bodofilmklubb.no\/index.php\/wp-json\/wp\/v2\/pages\/201","targetHints":{"allow":["GET"]}}],"collection":[{"href":"https:\/\/www.bodofilmklubb.no\/index.php\/wp-json\/wp\/v2\/pages"}],"about":[{"href":"https:\/\/www.bodofilmklubb.no\/index.php\/wp-json\/wp\/v2\/types\/page"}],"author":[{"embeddable":true,"href":"https:\/\/www.bodofilmklubb.no\/index.php\/wp-json\/wp\/v2\/users\/2"}],"replies":[{"embeddable":true,"href":"https:\/\/www.bodofilmklubb.no\/index.php\/wp-json\/wp\/v2\/comments?post=201"}],"version-history":[{"count":2,"href":"https:\/\/www.bodofilmklubb.no\/index.php\/wp-json\/wp\/v2\/pages\/201\/revisions"}],"predecessor-version":[{"id":267,"href":"https:\/\/www.bodofilmklubb.no\/index.php\/wp-json\/wp\/v2\/pages\/201\/revisions\/267"}],"wp:attachment":[{"href":"https:\/\/www.bodofilmklubb.no\/index.php\/wp-json\/wp\/v2\/media?parent=201"}],"curies":[{"name":"wp","href":"https:\/\/api.w.org\/{rel}","templated":true}]}}