{"id":2025,"date":"2022-09-25T14:14:14","date_gmt":"2022-09-25T12:14:14","guid":{"rendered":"http:\/\/www.bodofilmklubb.no\/?page_id=2025"},"modified":"2022-09-25T14:14:50","modified_gmt":"2022-09-25T12:14:50","slug":"tirsdagsfilmen-041022","status":"publish","type":"page","link":"https:\/\/www.bodofilmklubb.no\/index.php\/tirsdagsfilmen-041022\/","title":{"rendered":"Tirsdagsfilmen 041022"},"content":{"rendered":"<p class=\"MsoNormal\"><strong>Jean-Luc Godards revolusjonerende debutfilm fra 1959<\/strong><\/p>\n<p class=\"MsoNormal\">\n<p class=\"MsoNormal\">I september d\u00f8de Jean-Luc Godard 91 \u00e5r gammel. Veldig f\u00e5 kunstnere er det forunt \u00e5 v\u00e6re synonym med en revolusjonerende kunstnerisk bevegelse. Godard ble det med \u00e5 v\u00e6re ansiktet til den \u00abfranske nye b\u00f8lgen\u00bb, en bevegelse som endret filmmediet for alltid.<br \/>\nHans f\u00f8rste spillefilm, som vi skal vise i dag, er da ogs\u00e5 den ene filmen som for alltid vil v\u00e6re knyttet til denne omveltningen. Det som i grunn er en slags fransk hommage til amerikansk krim, ble s\u00e5 omveltende fordi Godard v\u00e5gde \u00e5 bryte reglene. Han benyttet seg av et h\u00e5ndholdt og hele tiden bevegelig kamera for \u00e5 understreke den kaotiske atmosf\u00e6ren, og han gjorde en utstrakt bruk av jump-cuts som et stilistisk virkemiddel for \u00e5 understreke den skj\u00f8desl\u00f8se og rastl\u00f8se naturen til filmens helt og heltinne. \u00abHeltene\u00bb i filmen er det andre ikoniske aspektet ved filmen. Ingen er so kul p\u00e5 film som den unge Jean-Paul Belmondo. Ingen personifiserer et nytt kvinneideal for 1960-tallet bedre enn Jean Seberg.<br \/>\nEn klassiker med stor K. H\u00f8yst severdig ogs\u00e5 i dag, om bare for \u00e5 se hvor filmskaperne i over 60 \u00e5r har hentet inspirasjonen sin.<\/p>\n<p class=\"MsoNormal\">Mer info om <a href=\"https:\/\/www.bodofilmklubb.no\/index.php\/2018\/08\/tirsdagsfilmer-h%c3%b8sten-2018\/\">tirsdagsfilmene<\/a><\/p>\n","protected":false},"excerpt":{"rendered":"<p>Jean-Luc Godards revolusjonerende debutfilm fra 1959 I september d\u00f8de Jean-Luc Godard 91 \u00e5r gammel. Veldig f\u00e5 kunstnere er det forunt \u00e5 v\u00e6re synonym med en revolusjonerende kunstnerisk bevegelse. Godard ble det med \u00e5 v\u00e6re ansiktet til den \u00abfranske nye b\u00f8lgen\u00bb, en bevegelse som endret filmmediet for alltid. Hans f\u00f8rste spillefilm, som vi skal vise i [&hellip;]<\/p>\n","protected":false},"author":2,"featured_media":0,"parent":0,"menu_order":0,"comment_status":"open","ping_status":"closed","template":"","meta":{"footnotes":""},"class_list":["post-2025","page","type-page","status-publish","hentry"],"_links":{"self":[{"href":"https:\/\/www.bodofilmklubb.no\/index.php\/wp-json\/wp\/v2\/pages\/2025","targetHints":{"allow":["GET"]}}],"collection":[{"href":"https:\/\/www.bodofilmklubb.no\/index.php\/wp-json\/wp\/v2\/pages"}],"about":[{"href":"https:\/\/www.bodofilmklubb.no\/index.php\/wp-json\/wp\/v2\/types\/page"}],"author":[{"embeddable":true,"href":"https:\/\/www.bodofilmklubb.no\/index.php\/wp-json\/wp\/v2\/users\/2"}],"replies":[{"embeddable":true,"href":"https:\/\/www.bodofilmklubb.no\/index.php\/wp-json\/wp\/v2\/comments?post=2025"}],"version-history":[{"count":2,"href":"https:\/\/www.bodofilmklubb.no\/index.php\/wp-json\/wp\/v2\/pages\/2025\/revisions"}],"predecessor-version":[{"id":2027,"href":"https:\/\/www.bodofilmklubb.no\/index.php\/wp-json\/wp\/v2\/pages\/2025\/revisions\/2027"}],"wp:attachment":[{"href":"https:\/\/www.bodofilmklubb.no\/index.php\/wp-json\/wp\/v2\/media?parent=2025"}],"curies":[{"name":"wp","href":"https:\/\/api.w.org\/{rel}","templated":true}]}}