{"id":2049,"date":"2022-10-27T21:29:05","date_gmt":"2022-10-27T19:29:05","guid":{"rendered":"http:\/\/www.bodofilmklubb.no\/?page_id=2049"},"modified":"2022-10-27T21:30:35","modified_gmt":"2022-10-27T19:30:35","slug":"tirsdagsfilmen-011122","status":"publish","type":"page","link":"https:\/\/www.bodofilmklubb.no\/index.php\/tirsdagsfilmen-011122\/","title":{"rendered":"Tirsdagsfilmen 011122"},"content":{"rendered":"<p class=\"MsoNormal\">I Bod\u00f8 er vi glade i islandsk film og vi er glade i Mads Mikkelsen. Denne islandsk\/amerikanske produksjonen viser hele registeret til Mikkelsen.<\/p>\n<p class=\"MsoNormal\">Mikkelsen spiller en polforsker som har m\u00e5ttet n\u00f8dlande i Arktis med det lille flyet sitt. Han klamrer seg til livet og et fjernt h\u00e5p om \u00e5 bli reddet, og miraklet dukker en dag opp i form av et annet sm\u00e5fly p\u00e5 himmelen. Men tragisk nok mislykkes flyet med landingen, piloten omkommer og hans kone blir hardt skadet. Uten tilstrekkelig mat og medisin bestemmer Mikkelsens rollefigur seg for \u00e5 slepe den skadde kvinnen p\u00e5 en slede gjennom is\u00f8det i h\u00e5p om \u00e5 m\u00f8te p\u00e5 hjelp. Med en vekselsvis sveipende og intim kameraf\u00f8ring tar <em><span style=\"font-style: normal; font-family: &quot;Arial&quot;, sans-serif;\">filmen<\/span><\/em><em><span style=\"font-family: &quot;Arial&quot;, sans-serif;\"> <\/span><\/em>oss gjennom noen grufulle dager med lidelser og pr\u00f8velser. Mads Mikkelsen spiller virkelig ut sitt store register i denne intense overlevelsesthrilleren, og regiss\u00f8r Joe Pena benytter seg av den brutale naturen til \u00e5 dosere mellom spenning, h\u00e5p og fortvilelse p\u00e5 en overbevisende m\u00e5te. <em><span style=\"font-style: normal; font-family: &quot;Arial&quot;, sans-serif;\">Dette<\/span><\/em><em><span style=\"font-family: &quot;Arial&quot;, sans-serif;\"> <\/span><\/em>er en enest\u00e5ende kraftanstrengelse av en film.<\/p>\n<p><a href=\"https:\/\/www.bodofilmklubb.no\/index.php\/2018\/08\/tirsdagsfilmer-h%c3%b8sten-2018\/\">Tirsdagsfilmer<\/a><\/p>\n","protected":false},"excerpt":{"rendered":"<p>I Bod\u00f8 er vi glade i islandsk film og vi er glade i Mads Mikkelsen. Denne islandsk\/amerikanske produksjonen viser hele registeret til Mikkelsen. Mikkelsen spiller en polforsker som har m\u00e5ttet n\u00f8dlande i Arktis med det lille flyet sitt. Han klamrer seg til livet og et fjernt h\u00e5p om \u00e5 bli reddet, og miraklet dukker en [&hellip;]<\/p>\n","protected":false},"author":2,"featured_media":0,"parent":0,"menu_order":0,"comment_status":"open","ping_status":"closed","template":"","meta":{"footnotes":""},"class_list":["post-2049","page","type-page","status-publish","hentry"],"_links":{"self":[{"href":"https:\/\/www.bodofilmklubb.no\/index.php\/wp-json\/wp\/v2\/pages\/2049","targetHints":{"allow":["GET"]}}],"collection":[{"href":"https:\/\/www.bodofilmklubb.no\/index.php\/wp-json\/wp\/v2\/pages"}],"about":[{"href":"https:\/\/www.bodofilmklubb.no\/index.php\/wp-json\/wp\/v2\/types\/page"}],"author":[{"embeddable":true,"href":"https:\/\/www.bodofilmklubb.no\/index.php\/wp-json\/wp\/v2\/users\/2"}],"replies":[{"embeddable":true,"href":"https:\/\/www.bodofilmklubb.no\/index.php\/wp-json\/wp\/v2\/comments?post=2049"}],"version-history":[{"count":2,"href":"https:\/\/www.bodofilmklubb.no\/index.php\/wp-json\/wp\/v2\/pages\/2049\/revisions"}],"predecessor-version":[{"id":2051,"href":"https:\/\/www.bodofilmklubb.no\/index.php\/wp-json\/wp\/v2\/pages\/2049\/revisions\/2051"}],"wp:attachment":[{"href":"https:\/\/www.bodofilmklubb.no\/index.php\/wp-json\/wp\/v2\/media?parent=2049"}],"curies":[{"name":"wp","href":"https:\/\/api.w.org\/{rel}","templated":true}]}}