{"id":2062,"date":"2022-11-28T23:20:01","date_gmt":"2022-11-28T21:20:01","guid":{"rendered":"http:\/\/www.bodofilmklubb.no\/?page_id=2062"},"modified":"2022-11-28T23:26:51","modified_gmt":"2022-11-28T21:26:51","slug":"film-i-biblioteket-061222","status":"publish","type":"page","link":"https:\/\/www.bodofilmklubb.no\/index.php\/film-i-biblioteket-061222\/","title":{"rendered":"Film i biblioteket &#8211; Cin\u00e9ma de banlieue"},"content":{"rendered":"<p class=\"MsoNormal\"><span>V\u00e5ren 2022 viste filmklubben en rekke franske filmer under tema <a name=\"_GoBack\"><\/a><em>Cin\u00e9ma de banlieue.<\/em><\/span><\/p>\n<p class=\"MsoNormal\"><span>H\u00f8sten 2022 kom en ny fransk film som strutter s\u00e5 av energi, sinne og ren filmmagi at vi \u00f8nsker \u00e5 avslutte film i biblioteket-programmet v\u00e5rt med den.<\/span><\/p>\n<p class=\"MsoNormal\"><span>Historien tar utgangspunkt i det fiktive kvartalet Athena i Paris, passende nok navngitt etter den greske krigsgudinnen som blant annet verner bysamfunn.<\/span><\/p>\n<p class=\"MsoNormal\"><span>Der erkl\u00e6rer en gruppe ungdommer krig mot politiet etter at noen uniformerte politimenn angivelig skal ha drept en 13 \u00e5r gammel gutt p\u00e5 en lekeplass.<\/span><\/p>\n<p class=\"MsoNormal\"><span>Den yngste storebroren, Kalim (Sami Slimane), leder an i oppr\u00f8ret med et sorgfullt og brennende raseri. Den eldste, narkolangeren Moktar (Ouassini Embarek) trekker seg unna for \u00e5 beskytte seg selv og virksomheten, mens den mellomste, Abdel (Dali Benssalah) m\u00e5 fors\u00f8ke \u00e5 megle mellom partene midt i sin egen sorg.<\/span><\/p>\n<p class=\"MsoNormal\"><span>Vi m\u00f8ter ogs\u00e5 en unge og fersk politimann som kastes inn i oppr\u00f8ret og viser hvordan den eskalerende volden oppleves fra \u00abden andre siden\u00bb.<\/span><\/p>\n<p class=\"MsoNormal\"><span>Det hele er mektig imponerende iscenesatt med en rekke lange, uavbrutte tagninger som suger tilskueren rett inn i dramatikken. En film som gir mye stoff til diskusjon og ettertanke.<\/span><\/p>\n<p class=\"MsoNormal\">Info om <a href=\"https:\/\/www.bodofilmklubb.no\/index.php\/2018\/08\/tirsdagsfilmer-h%c3%b8sten-2018\/\">tirsdagsfilmene<\/a><\/p>\n","protected":false},"excerpt":{"rendered":"<p>V\u00e5ren 2022 viste filmklubben en rekke franske filmer under tema Cin\u00e9ma de banlieue. H\u00f8sten 2022 kom en ny fransk film som strutter s\u00e5 av energi, sinne og ren filmmagi at vi \u00f8nsker \u00e5 avslutte film i biblioteket-programmet v\u00e5rt med den. Historien tar utgangspunkt i det fiktive kvartalet Athena i Paris, passende nok navngitt etter den [&hellip;]<\/p>\n","protected":false},"author":2,"featured_media":0,"parent":0,"menu_order":0,"comment_status":"open","ping_status":"closed","template":"","meta":{"footnotes":""},"class_list":["post-2062","page","type-page","status-publish","hentry"],"_links":{"self":[{"href":"https:\/\/www.bodofilmklubb.no\/index.php\/wp-json\/wp\/v2\/pages\/2062","targetHints":{"allow":["GET"]}}],"collection":[{"href":"https:\/\/www.bodofilmklubb.no\/index.php\/wp-json\/wp\/v2\/pages"}],"about":[{"href":"https:\/\/www.bodofilmklubb.no\/index.php\/wp-json\/wp\/v2\/types\/page"}],"author":[{"embeddable":true,"href":"https:\/\/www.bodofilmklubb.no\/index.php\/wp-json\/wp\/v2\/users\/2"}],"replies":[{"embeddable":true,"href":"https:\/\/www.bodofilmklubb.no\/index.php\/wp-json\/wp\/v2\/comments?post=2062"}],"version-history":[{"count":5,"href":"https:\/\/www.bodofilmklubb.no\/index.php\/wp-json\/wp\/v2\/pages\/2062\/revisions"}],"predecessor-version":[{"id":2068,"href":"https:\/\/www.bodofilmklubb.no\/index.php\/wp-json\/wp\/v2\/pages\/2062\/revisions\/2068"}],"wp:attachment":[{"href":"https:\/\/www.bodofilmklubb.no\/index.php\/wp-json\/wp\/v2\/media?parent=2062"}],"curies":[{"name":"wp","href":"https:\/\/api.w.org\/{rel}","templated":true}]}}