{"id":2123,"date":"2023-08-27T18:57:33","date_gmt":"2023-08-27T16:57:33","guid":{"rendered":"http:\/\/www.bodofilmklubb.no\/?page_id=2123"},"modified":"2023-08-27T19:01:20","modified_gmt":"2023-08-27T17:01:20","slug":"zero-fucks-given","status":"publish","type":"page","link":"https:\/\/www.bodofilmklubb.no\/index.php\/zero-fucks-given\/","title":{"rendered":"Zero Fucks Given"},"content":{"rendered":"<p class=\"MsoNormal\">Originaltittel: Rien \u00e0 Foutre<br \/>\nRegiss\u00f8r: Emmanuel Marre, Julie Lecoustre<br \/>\nLand: Frankrike, Belgia<br \/>\n\u00c5r: 2021<br \/>\nSpilletid: 1t 55m<\/p>\n<p class=\"MsoNormal\">Spr\u00e5k: Fransk med engelske tekster<\/p>\n<p class=\"MsoNormal\">Gullpalme-vinner Ad\u00e8le Exarchopoulos (<em>Bl\u00e5 er den varmeste fargen<\/em>) briljerer som en ung flyvertinne som pr\u00f8ver \u00e5 navigere jobb med et turbulent og retningsl\u00f8st privatliv, p\u00e5 reise gjennom Europa og p\u00e5 s\u00f8ken etter seg selv.<\/p>\n<p class=\"MsoNormal\">\n<p class=\"MsoNormal\">Cassandra bruker den ledige tiden sin mellom vakter p\u00e5 \u00e5 drikke sm\u00e5 flasker med duty free alkohol, s\u00f8ke bekreftelse fra menn p\u00e5 Tinder, og feste med tilfeldige mennesker hun m\u00f8ter i hver by. Hun har ikke noe imot \u00e5 ta p\u00e5 seg ledige vakter, men hun jobber for et lite selskap og f\u00e5r d\u00e5rlig betalt. Dr\u00f8mmen er \u00e5 jobbe for et bedre selskap, men det kan v\u00e6re vanskelig \u00e5 oppn\u00e5 med hennes utsvevende livsstil.<\/p>\n<p class=\"MsoNormal\">Zero Fucks Given er et lavm\u00e6lt drama, og oppleves nesten som en dokumentar. Det f\u00f8les s\u00e5 virkelig at man kunne trodd at vi f\u00f8lger en ekte flyvertinne p\u00e5 jobben, med alle sm\u00e5 og store utfordringer det inneb\u00e6rer, og vi blir desto mer knyttet til Cassandra p\u00e5 hennes vei til \u00e5 bli voksen. Vi f\u00e5r ta del i hva det vil si \u00e5 v\u00e6re en del av et globalisert arbeidsliv, p\u00e5 godt og vondt. Filmen b\u00e6res frem av Ad\u00e8le Exarchopoulos\u2019 n\u00e6rv\u00e6r i bokstavelig talt hver eneste scene.<\/p>\n<p class=\"MsoNormal\"><a href=\"https:\/\/www.youtube.com\/watch?v=a2dfJhaNdCA\">Trailer<\/a><\/p>\n<p class=\"MsoNormal\">Visningen er st\u00f8ttet av Institut fran\u00e7ais<\/p>\n","protected":false},"excerpt":{"rendered":"<p>Originaltittel: Rien \u00e0 Foutre Regiss\u00f8r: Emmanuel Marre, Julie Lecoustre Land: Frankrike, Belgia \u00c5r: 2021 Spilletid: 1t 55m Spr\u00e5k: Fransk med engelske tekster Gullpalme-vinner Ad\u00e8le Exarchopoulos (Bl\u00e5 er den varmeste fargen) briljerer som en ung flyvertinne som pr\u00f8ver \u00e5 navigere jobb med et turbulent og retningsl\u00f8st privatliv, p\u00e5 reise gjennom Europa og p\u00e5 s\u00f8ken etter seg [&hellip;]<\/p>\n","protected":false},"author":2,"featured_media":0,"parent":0,"menu_order":0,"comment_status":"open","ping_status":"closed","template":"","meta":{"footnotes":""},"class_list":["post-2123","page","type-page","status-publish","hentry"],"_links":{"self":[{"href":"https:\/\/www.bodofilmklubb.no\/index.php\/wp-json\/wp\/v2\/pages\/2123","targetHints":{"allow":["GET"]}}],"collection":[{"href":"https:\/\/www.bodofilmklubb.no\/index.php\/wp-json\/wp\/v2\/pages"}],"about":[{"href":"https:\/\/www.bodofilmklubb.no\/index.php\/wp-json\/wp\/v2\/types\/page"}],"author":[{"embeddable":true,"href":"https:\/\/www.bodofilmklubb.no\/index.php\/wp-json\/wp\/v2\/users\/2"}],"replies":[{"embeddable":true,"href":"https:\/\/www.bodofilmklubb.no\/index.php\/wp-json\/wp\/v2\/comments?post=2123"}],"version-history":[{"count":4,"href":"https:\/\/www.bodofilmklubb.no\/index.php\/wp-json\/wp\/v2\/pages\/2123\/revisions"}],"predecessor-version":[{"id":2126,"href":"https:\/\/www.bodofilmklubb.no\/index.php\/wp-json\/wp\/v2\/pages\/2123\/revisions\/2126"}],"wp:attachment":[{"href":"https:\/\/www.bodofilmklubb.no\/index.php\/wp-json\/wp\/v2\/media?parent=2123"}],"curies":[{"name":"wp","href":"https:\/\/api.w.org\/{rel}","templated":true}]}}