{"id":2128,"date":"2023-08-27T19:30:25","date_gmt":"2023-08-27T17:30:25","guid":{"rendered":"http:\/\/www.bodofilmklubb.no\/?page_id=2128"},"modified":"2023-12-01T10:21:34","modified_gmt":"2023-12-01T08:21:34","slug":"good-mother","status":"publish","type":"page","link":"https:\/\/www.bodofilmklubb.no\/index.php\/good-mother\/","title":{"rendered":"Good Mother"},"content":{"rendered":"<p class=\"MsoNormal\">Originaltittel: Bonne m\u00e8re<br \/>\nRegiss\u00f8r: Hafsia Herzi<br \/>\nLand: Frankrike<br \/>\n\u00c5r: 2021<br \/>\nSpilletid: 1t 39m<\/p>\n<p class=\"MsoNormal\">Spr\u00e5k: Fransk med engelske tekster<\/p>\n<p class=\"MsoNormal\">\n<p class=\"MsoNormal\">Med et kj\u00e6rlig blikk tegner Hafsia Herzi portrettet av en mor, en familie og et nabolag nord i Marseille.<\/p>\n<p class=\"MsoNormal\">Nora jobber hardt for \u00e5 holde familien sammen i blokkleiligheten sin nord i Marseille. Hun er ryggraden i familien hennes. For \u00e5 ta vare p\u00e5 dem jobber hun som renholder om morgenen og deretter i sykepleien. Barna hennes mangler perspektiv. Noen gj\u00f8r ingenting, og en s\u00f8nn sitter i fengsel. Nora pr\u00f8ver \u00e5 hjelpe ham s\u00e5 godt hun kan. Nora er sliten, men hun gir seg ikke.<\/p>\n<p class=\"MsoNormal\">Rollene i filmen (inkludert hovedpersonen) spilles nesten utelukkende av ekstremt troverdige ikke-profesjonelle skuespillere. Med mye empati og ekte interesse forteller <em>Bonne m\u00e8re<\/em> historien om dette familiemikrokosmos som reflekterer samfunnet rundt.<\/p>\n<p class=\"MsoNormal\">En imponerende film om en mors ubetingede kj\u00e6rlighet.<\/p>\n<p class=\"MsoNormal\"><span> <\/span><a href=\"https:\/\/www.youtube.com\/watch?v=-n0FfGr4Vw0\">Trailer<br \/>\n<\/a><\/p>\n<p class=\"MsoNormal\"><a href=\"https:\/\/fb.me\/e\/3KdhpLz6P\">Facebook<\/a><\/p>\n<p class=\"MsoNormal\">Visningen er st\u00f8ttet av Institut fran\u00e7ais<\/p>\n<p class=\"MsoNormal\">Gratis inngang for alle<\/p>\n","protected":false},"excerpt":{"rendered":"<p>Originaltittel: Bonne m\u00e8re Regiss\u00f8r: Hafsia Herzi Land: Frankrike \u00c5r: 2021 Spilletid: 1t 39m Spr\u00e5k: Fransk med engelske tekster Med et kj\u00e6rlig blikk tegner Hafsia Herzi portrettet av en mor, en familie og et nabolag nord i Marseille. Nora jobber hardt for \u00e5 holde familien sammen i blokkleiligheten sin nord i Marseille. Hun er ryggraden i [&hellip;]<\/p>\n","protected":false},"author":2,"featured_media":0,"parent":0,"menu_order":0,"comment_status":"open","ping_status":"closed","template":"","meta":{"footnotes":""},"class_list":["post-2128","page","type-page","status-publish","hentry"],"_links":{"self":[{"href":"https:\/\/www.bodofilmklubb.no\/index.php\/wp-json\/wp\/v2\/pages\/2128","targetHints":{"allow":["GET"]}}],"collection":[{"href":"https:\/\/www.bodofilmklubb.no\/index.php\/wp-json\/wp\/v2\/pages"}],"about":[{"href":"https:\/\/www.bodofilmklubb.no\/index.php\/wp-json\/wp\/v2\/types\/page"}],"author":[{"embeddable":true,"href":"https:\/\/www.bodofilmklubb.no\/index.php\/wp-json\/wp\/v2\/users\/2"}],"replies":[{"embeddable":true,"href":"https:\/\/www.bodofilmklubb.no\/index.php\/wp-json\/wp\/v2\/comments?post=2128"}],"version-history":[{"count":8,"href":"https:\/\/www.bodofilmklubb.no\/index.php\/wp-json\/wp\/v2\/pages\/2128\/revisions"}],"predecessor-version":[{"id":2224,"href":"https:\/\/www.bodofilmklubb.no\/index.php\/wp-json\/wp\/v2\/pages\/2128\/revisions\/2224"}],"wp:attachment":[{"href":"https:\/\/www.bodofilmklubb.no\/index.php\/wp-json\/wp\/v2\/media?parent=2128"}],"curies":[{"name":"wp","href":"https:\/\/api.w.org\/{rel}","templated":true}]}}