{"id":215,"date":"2009-08-29T20:14:58","date_gmt":"2009-08-29T18:14:58","guid":{"rendered":"http:\/\/www.bodofilmklubb.no\/?page_id=215"},"modified":"2009-09-05T20:47:30","modified_gmt":"2009-09-05T18:47:30","slug":"pa-vei-mot-livet","status":"publish","type":"page","link":"https:\/\/www.bodofilmklubb.no\/index.php\/pa-vei-mot-livet\/","title":{"rendered":"P\u00e5 vei mot livet"},"content":{"rendered":"<p class=\"MsoNormal\" style=\"margin: 0cm 0cm 0pt;\"><span style=\"font-size: small;\"><span style=\"font-family: Times New Roman;\">Orginal tittel: Les Quatre Cent Coups, Regi: Fran\u00e7ois Truffaut, Skuespillere: Jean-Pierre L\u00e9aud, Claire Maurier, Albert R\u00e9my, Nasjonalitet: Frankrike 1959, Spr\u00e5k: fransk, Lengde: 1 t 44 min<\/span><\/span><\/p>\n<p class=\"MsoNormal\" style=\"margin: 0cm 0cm 0pt;\"><span style=\"font-size: small; font-family: Times New Roman;\">\u00a0<\/span><\/p>\n<p class=\"MsoNormal\" style=\"margin: 0cm 0cm 0pt;\"><span style=\"font-size: small;\"><span style=\"font-family: Times New Roman;\"><strong>Filmklubben presenterer en sentral film fra den franske nye b\u00f8lgen<\/strong><\/span><\/span><\/p>\n<p class=\"MsoNormal\" style=\"margin: 0cm 0cm 0pt;\"><span style=\"font-size: small; font-family: Times New Roman;\">P\u00e5 vei mot livet er en av tre filmer som representerer starten for den franske nye b\u00f8lgen. Filmen, som delvis er basert p\u00e5 regiss\u00f8rens egen biografi, kretser rundt 13-\u00e5rige Antoine Doinels liv og pr\u00f8velser. Filmen har en bredde av sjarm og humor i tillegg til dybde og alvor. Dette er den f\u00f8rste av totalt fem filmer som Truffauts<span style=\"mso-spacerun: yes;\">\u00a0 <\/span>laget rundt hans \u201dalter ego\u201d Antoine Doinel. Truffaut debuterte med denne filmen og vant Gullpalmen i Cannes, etter \u00e5ret f\u00f8r har v\u00e6rt utestengt fra samme filmfestival fordi han hadde rettet sterkt kritikk mot den etablerte franske filmverden. P\u00e5 vei mot livet regnes i dag som en av de beste debutfilmene noensinne.<\/span><\/p>\n<p>\u00a0Klipp: <a href=\"http:\/\/www.youtube.com\/watch?v=BlHckmVjnho\">http:\/\/www.youtube.com\/watch?v=BlHckmVjnho<\/a><\/p>\n","protected":false},"excerpt":{"rendered":"<p>Orginal tittel: Les Quatre Cent Coups, Regi: Fran\u00e7ois Truffaut, Skuespillere: Jean-Pierre L\u00e9aud, Claire Maurier, Albert R\u00e9my, Nasjonalitet: Frankrike 1959, Spr\u00e5k: fransk, Lengde: 1 t 44 min \u00a0 Filmklubben presenterer en sentral film fra den franske nye b\u00f8lgen P\u00e5 vei mot livet er en av tre filmer som representerer starten for den franske nye b\u00f8lgen. Filmen, [&hellip;]<\/p>\n","protected":false},"author":2,"featured_media":0,"parent":0,"menu_order":0,"comment_status":"open","ping_status":"open","template":"","meta":{"footnotes":""},"class_list":["post-215","page","type-page","status-publish","hentry"],"_links":{"self":[{"href":"https:\/\/www.bodofilmklubb.no\/index.php\/wp-json\/wp\/v2\/pages\/215","targetHints":{"allow":["GET"]}}],"collection":[{"href":"https:\/\/www.bodofilmklubb.no\/index.php\/wp-json\/wp\/v2\/pages"}],"about":[{"href":"https:\/\/www.bodofilmklubb.no\/index.php\/wp-json\/wp\/v2\/types\/page"}],"author":[{"embeddable":true,"href":"https:\/\/www.bodofilmklubb.no\/index.php\/wp-json\/wp\/v2\/users\/2"}],"replies":[{"embeddable":true,"href":"https:\/\/www.bodofilmklubb.no\/index.php\/wp-json\/wp\/v2\/comments?post=215"}],"version-history":[{"count":4,"href":"https:\/\/www.bodofilmklubb.no\/index.php\/wp-json\/wp\/v2\/pages\/215\/revisions"}],"predecessor-version":[{"id":217,"href":"https:\/\/www.bodofilmklubb.no\/index.php\/wp-json\/wp\/v2\/pages\/215\/revisions\/217"}],"wp:attachment":[{"href":"https:\/\/www.bodofilmklubb.no\/index.php\/wp-json\/wp\/v2\/media?parent=215"}],"curies":[{"name":"wp","href":"https:\/\/api.w.org\/{rel}","templated":true}]}}