{"id":2160,"date":"2023-09-10T17:53:15","date_gmt":"2023-09-10T15:53:15","guid":{"rendered":"http:\/\/www.bodofilmklubb.no\/?page_id=2160"},"modified":"2023-09-10T17:56:08","modified_gmt":"2023-09-10T15:56:08","slug":"z","status":"publish","type":"page","link":"https:\/\/www.bodofilmklubb.no\/index.php\/z\/","title":{"rendered":"Z"},"content":{"rendered":"<p class=\"MsoNormal\">Spilletid: 2t 7m<\/p>\n<p class=\"MsoNormal\">Produsert: Frankrike\/Algerie 1969<\/p>\n<p class=\"MsoNormal\">Regi: Costa-Gavras<\/p>\n<p class=\"MsoNormal\">Medvirkende: Jean-Louis Trintignant, Jacques P\u00e9rrin, Yves Montand, Francois P\u00e9rier<\/p>\n<p class=\"MsoNormal\">Tale: Fransk<\/p>\n<p class=\"MsoNormal\">Tekst: Engelsk<\/p>\n<p class=\"MsoNormal\">\n<p class=\"MsoNormal\">\n<p class=\"MsoNormal\"><strong>Z er en av tidenes mest vellagde og politisk betente thrillere.<\/strong><\/p>\n<p class=\"MsoNormal\">\n<p class=\"MsoNormal\">Den legendariske regiss\u00f8ren Costa-Gavras har siden 1960-tallet v\u00e6rt et av de toneangivende navnene i b\u00e5de europeisk og amerikansk film, kjent for sine intelligente og engasjerende thrillere som tar utgangspunkt i politiske eller historiske forhold.<\/p>\n<p class=\"MsoNormal\">I 1968, etter nesten to \u00e5rs slit for \u00e5 skaffe finansiering, lykkes det Costa-Gavras \u00e5 starte produksjonen av Z. Temaet for filmen var uten tvil \u00e5rsaken til at s\u00e5 mange kviet seg for \u00e5 st\u00f8tte prosjektet. Basert p\u00e5 en bok av eksil-grekeren Vassili Vassilikos er Z den sanne historien om rettssaken rundt drapet p\u00e5 Grigorios Lambrakis. N\u00e6rmere etterforskning viste at Lambrakis d\u00f8d var en ren likvidering og at den var utf\u00f8rt av h\u00f8ytst\u00e5ende politioffiserer p\u00e5 kommando fra det tiltredende milit\u00e6rregimet i Hellas. Lambrakis-saken ble et politisk sv\u00e6rt betent tema b\u00e5de innenfor og utenfor Hellas\u2019 grenser da den kom opp i 1963. Landet hvor handlingen i Z foreg\u00e5r nevnes ikke en eneste gang, men Costa-Gavras har gjort det umulig \u00e5 misforst\u00e5 at det er hans eget f\u00f8deland det er snakk om. Filmen ble selvsagt forbudt av datidens regjerende milit\u00e6rjunta i Hellas og forsterket regiss\u00f8rens status som persona non grata i Hellas.<\/p>\n<p class=\"MsoNormal\">Z er ikke bare historien om Lambrakis, sier Costa-Gavras. Det er ogs\u00e5 historien om Kennedy, Martin Luther King, Lumumba og alle andre fredsforkjempere som har blitt uskyldige ofre for politisk maktkamp. Z er et symbol p\u00e5 de ekstreme midler fascismen er villig til \u00e5 ta i bruk for \u00e5 n\u00e5 sine m\u00e5l. Den st\u00e5r ogs\u00e5 som det perfekte eksempel p\u00e5 filmmediets evne til \u00e5 formidle politiske budskap. Det er et tankekors at Z vant juryens spesialpris i Cannes i 1969, \u00e5ret etter at filmfestivalen m\u00e5tte avbrytes pga av den politiske uroen i Frankrike. Jean-Louis Trintignant fikk prisen for beste mannlige skuespiller for sin tolkning av forh\u00f8rsdommeren i Lambrakissaken.<\/p>\n<p class=\"MsoNormal\">Vi viser filmen i samarbeid med Institut fran\u00e7ais<\/p>\n<p class=\"MsoNormal\"><a href=\"https:\/\/www.youtube.com\/watch?v=FFMdS9PVD04\">Trailer<\/a><\/p>\n","protected":false},"excerpt":{"rendered":"<p>Spilletid: 2t 7m Produsert: Frankrike\/Algerie 1969 Regi: Costa-Gavras Medvirkende: Jean-Louis Trintignant, Jacques P\u00e9rrin, Yves Montand, Francois P\u00e9rier Tale: Fransk Tekst: Engelsk Z er en av tidenes mest vellagde og politisk betente thrillere. Den legendariske regiss\u00f8ren Costa-Gavras har siden 1960-tallet v\u00e6rt et av de toneangivende navnene i b\u00e5de europeisk og amerikansk film, kjent for sine intelligente [&hellip;]<\/p>\n","protected":false},"author":2,"featured_media":0,"parent":0,"menu_order":0,"comment_status":"open","ping_status":"closed","template":"","meta":{"footnotes":""},"class_list":["post-2160","page","type-page","status-publish","hentry"],"_links":{"self":[{"href":"https:\/\/www.bodofilmklubb.no\/index.php\/wp-json\/wp\/v2\/pages\/2160","targetHints":{"allow":["GET"]}}],"collection":[{"href":"https:\/\/www.bodofilmklubb.no\/index.php\/wp-json\/wp\/v2\/pages"}],"about":[{"href":"https:\/\/www.bodofilmklubb.no\/index.php\/wp-json\/wp\/v2\/types\/page"}],"author":[{"embeddable":true,"href":"https:\/\/www.bodofilmklubb.no\/index.php\/wp-json\/wp\/v2\/users\/2"}],"replies":[{"embeddable":true,"href":"https:\/\/www.bodofilmklubb.no\/index.php\/wp-json\/wp\/v2\/comments?post=2160"}],"version-history":[{"count":3,"href":"https:\/\/www.bodofilmklubb.no\/index.php\/wp-json\/wp\/v2\/pages\/2160\/revisions"}],"predecessor-version":[{"id":2165,"href":"https:\/\/www.bodofilmklubb.no\/index.php\/wp-json\/wp\/v2\/pages\/2160\/revisions\/2165"}],"wp:attachment":[{"href":"https:\/\/www.bodofilmklubb.no\/index.php\/wp-json\/wp\/v2\/media?parent=2160"}],"curies":[{"name":"wp","href":"https:\/\/api.w.org\/{rel}","templated":true}]}}