{"id":2167,"date":"2023-09-10T18:07:15","date_gmt":"2023-09-10T16:07:15","guid":{"rendered":"http:\/\/www.bodofilmklubb.no\/?page_id=2167"},"modified":"2023-09-10T18:14:45","modified_gmt":"2023-09-10T16:14:45","slug":"vagabond","status":"publish","type":"page","link":"https:\/\/www.bodofilmklubb.no\/index.php\/vagabond\/","title":{"rendered":"Vagabond"},"content":{"rendered":"<p class=\"MsoNormal\">Spilletid: 1t 44m<\/p>\n<p class=\"MsoNormal\"><span lang=\"FI\">Originaltittel: Sans toi ni loi<\/span><\/p>\n<p class=\"MsoNormal\">Produsert: Frankrike 1985<\/p>\n<p class=\"MsoNormal\">Regi: Agn\u00e8s Varda<\/p>\n<p class=\"MsoNormal\">Medvirkende: Sandrine Bonnaire, Macha Meril, Stephane Freiss, Laurence Cortadellas, Marthe Jarnias<\/p>\n<p class=\"MsoNormal\">Tale: Fransk<\/p>\n<p class=\"MsoNormal\">Tekst: Norsk<\/p>\n<p class=\"MsoNormal\">\n<p class=\"MsoNormal\"><strong>Gripende portrett og et av h\u00f8ydepunktene i fransk 80-tallsfilm.<\/strong><\/p>\n<p class=\"MsoNormal\">I en periode p\u00e5 1980-tallet da nesten alt fokus var rettet mot stilsikre unge regiss\u00f8rer som Beneix, Besson og Carax, dukket Agn\u00e8s Varda opp med en film som tross sitt litt dystre stemningsbilde, hadde en nesten magisk utstr\u00e5ling. Dette ble ogs\u00e5 det definitive gjennombruddet for det store skuespillertalentet Sandrine Bonnaire.<\/p>\n<p class=\"MsoNormal\">I en gr\u00f8ftekant langs veien finner en bonde ei sterkt nedfrosset ung jente. Hun er livl\u00f8s. Med tiln\u00e6rmelsesvis dokumentariske virkemidler forteller Varda historien om denne jenta, og hvordan hun havnet der hun ble funnet. Historien f\u00f8lger jenta langs landeveien, mens intervjuer med mennesker som m\u00f8tte henne fors\u00f8ker \u00e5 utvide bildet av henne. Jenta s\u00f8kte ensomhet, og hun p\u00e5virket nesten ubevisst alle de mennesker hun m\u00f8tte. Hennes ytre var sjeldent tiltalende, men hennes oppf\u00f8rsel var rebelsk. Likevel sitter mange mennesker igjen med et godt, eller et sympatisk, minne av henne.<\/p>\n<p class=\"MsoNormal\"><em>Vagabond <\/em>er et gripende kvinneportrett, og det er til filmens fortjeneste at publikum selv har en f\u00f8lelse av \u00e5 ha m\u00f8tt denne kvinnen n\u00e5r man forlater kinosalen. Vagabond er ikke en \u00abfalsk dokumentar\u00bb, men en historie basert p\u00e5 virkelige hendelser som blander virkemidler fra b\u00e5de fiksjon og dokumentar. Varda har selv uttalt at mye av filmen ble til underveis, etter hvert som man fulgte jentas spor og m\u00f8tte mennesker langs veien. Kanskje er Vagabond et av de beste roadmoviene som har blitt laget, i hvert fall i en europeisk forstand. I amerikanske roadmovies er attributter som bil og v\u00e5pen konvensjoner som illustrerer genren, i Vagabond er det bare mennesket og landeveien. Livet blir til mens man g\u00e5r.<\/p>\n<p class=\"MsoNormal\">I samarbeid med Cinematekene<\/p>\n<p class=\"MsoNormal\"><a href=\"https:\/\/www.youtube.com\/watch?v=niPLWtg2G0g\">Trailer<\/a><\/p>\n","protected":false},"excerpt":{"rendered":"<p>Spilletid: 1t 44m Originaltittel: Sans toi ni loi Produsert: Frankrike 1985 Regi: Agn\u00e8s Varda Medvirkende: Sandrine Bonnaire, Macha Meril, Stephane Freiss, Laurence Cortadellas, Marthe Jarnias Tale: Fransk Tekst: Norsk Gripende portrett og et av h\u00f8ydepunktene i fransk 80-tallsfilm. I en periode p\u00e5 1980-tallet da nesten alt fokus var rettet mot stilsikre unge regiss\u00f8rer som Beneix, [&hellip;]<\/p>\n","protected":false},"author":2,"featured_media":0,"parent":0,"menu_order":0,"comment_status":"open","ping_status":"closed","template":"","meta":{"footnotes":""},"class_list":["post-2167","page","type-page","status-publish","hentry"],"_links":{"self":[{"href":"https:\/\/www.bodofilmklubb.no\/index.php\/wp-json\/wp\/v2\/pages\/2167","targetHints":{"allow":["GET"]}}],"collection":[{"href":"https:\/\/www.bodofilmklubb.no\/index.php\/wp-json\/wp\/v2\/pages"}],"about":[{"href":"https:\/\/www.bodofilmklubb.no\/index.php\/wp-json\/wp\/v2\/types\/page"}],"author":[{"embeddable":true,"href":"https:\/\/www.bodofilmklubb.no\/index.php\/wp-json\/wp\/v2\/users\/2"}],"replies":[{"embeddable":true,"href":"https:\/\/www.bodofilmklubb.no\/index.php\/wp-json\/wp\/v2\/comments?post=2167"}],"version-history":[{"count":2,"href":"https:\/\/www.bodofilmklubb.no\/index.php\/wp-json\/wp\/v2\/pages\/2167\/revisions"}],"predecessor-version":[{"id":2174,"href":"https:\/\/www.bodofilmklubb.no\/index.php\/wp-json\/wp\/v2\/pages\/2167\/revisions\/2174"}],"wp:attachment":[{"href":"https:\/\/www.bodofilmklubb.no\/index.php\/wp-json\/wp\/v2\/media?parent=2167"}],"curies":[{"name":"wp","href":"https:\/\/api.w.org\/{rel}","templated":true}]}}