{"id":22,"date":"2008-08-25T17:54:59","date_gmt":"2008-08-25T15:54:59","guid":{"rendered":"http:\/\/www.bodofilmklubb.no\/?page_id=22"},"modified":"2026-01-18T12:09:06","modified_gmt":"2026-01-18T11:09:06","slug":"vedtekter-for-bod%c3%b8-filmklubb","status":"publish","type":"page","link":"https:\/\/www.bodofilmklubb.no\/index.php\/vedtekter-for-bod%c3%b8-filmklubb\/","title":{"rendered":"Vedtekter for Bod\u00f8 filmklubb"},"content":{"rendered":"<ol>\n<li>Navnet er Bod\u00f8 filmklubb<\/li>\n<li>Filmklubbens form\u00e5l er \u00e5:\n<ul>\n<li>fremme interessen for film som kunstart og opplysnings- og underholdningsmedium<\/li>\n<li>fremme studiet av filmkunnskap, dvs. vurdering og forst\u00e5else av film og filmens funksjon i samfunnet. Dette s\u00f8kes n\u00e5dd ved \u00e5 arrangere filmforestillinger i forbindelse med foredrag, diskusjoner, studieringer og trykt materiell.<\/li>\n<\/ul>\n<\/li>\n<li>Klubben er en sluttet forening som arrangerer lukkede filmvisninger for medlemmer. Samarbeidsarrangementer med andre organisasjoner er mulig.<\/li>\n<li>Medlemskontingenten fastsettes av \u00e5rsm\u00f8tet\/styret. Medlemskortene er strengt personlige.<\/li>\n<li>\u00c5rsm\u00f8tet holdes innen utgangen av februar og innkalles ved minst 14 dagers varsel. P\u00e5 \u00e5rsm\u00f8tet behandles melding fra styret, revidert regnskap, valg av styret og revisor og eventuelle forslag.<\/li>\n<li>Styret konstituerer seg selv og har myndighet til \u00e5 opprette arbeidsgrupper.<\/li>\n<li>Klubbens virksomhet er ideell og har ikke n\u00e6ring som form\u00e5l. Klubbens midler skal utelukkende brukes i samsvar med de form\u00e5l som er angitt i \u00a72. Klubbens styremedlemmer skal arbeide vederlagsfritt. Et eventuelt overskudd skal g\u00e5 til fremme av klubbens form\u00e5l.<\/li>\n<li>Forslag til vedtektsendring m\u00e5 v\u00e6re sendt skriftlig til styret minst fire uker f\u00f8r \u00e5rsm\u00f8tet. Endringer i vedtektene kan bare skje dersom 2\/3 av de fremm\u00f8tte medlemmer stemmer for dette p\u00e5 \u00e5rsm\u00f8tet.<\/li>\n<li>Filmklubben kan bare oppl\u00f8ses av \u00e5rsm\u00f8tet dersom 2\/3 av de fremm\u00f8tte medlemmer stemmer for dette og dagsorden er kunngjort p\u00e5 forh\u00e5nd. I tilfelle oppl\u00f8sning skal eventuelle pengemidler og andre eiendeler overf\u00f8res til Norsk Filmklubbforbund til fremme av filmklubbvirksomheten.<\/li>\n<\/ol>\n<p>Bod\u00f8 23.06.2022<\/p>\n","protected":false},"excerpt":{"rendered":"<p>Navnet er Bod\u00f8 filmklubb Filmklubbens form\u00e5l er \u00e5: fremme interessen for film som kunstart og opplysnings- og underholdningsmedium fremme studiet av filmkunnskap, dvs. vurdering og forst\u00e5else av film og filmens funksjon i samfunnet. Dette s\u00f8kes n\u00e5dd ved \u00e5 arrangere filmforestillinger i forbindelse med foredrag, diskusjoner, studieringer og trykt materiell. Klubben er en sluttet forening som [&hellip;]<\/p>\n","protected":false},"author":1,"featured_media":0,"parent":0,"menu_order":0,"comment_status":"closed","ping_status":"open","template":"","meta":{"footnotes":""},"class_list":["post-22","page","type-page","status-publish","hentry"],"_links":{"self":[{"href":"https:\/\/www.bodofilmklubb.no\/index.php\/wp-json\/wp\/v2\/pages\/22","targetHints":{"allow":["GET"]}}],"collection":[{"href":"https:\/\/www.bodofilmklubb.no\/index.php\/wp-json\/wp\/v2\/pages"}],"about":[{"href":"https:\/\/www.bodofilmklubb.no\/index.php\/wp-json\/wp\/v2\/types\/page"}],"author":[{"embeddable":true,"href":"https:\/\/www.bodofilmklubb.no\/index.php\/wp-json\/wp\/v2\/users\/1"}],"replies":[{"embeddable":true,"href":"https:\/\/www.bodofilmklubb.no\/index.php\/wp-json\/wp\/v2\/comments?post=22"}],"version-history":[{"count":5,"href":"https:\/\/www.bodofilmklubb.no\/index.php\/wp-json\/wp\/v2\/pages\/22\/revisions"}],"predecessor-version":[{"id":2639,"href":"https:\/\/www.bodofilmklubb.no\/index.php\/wp-json\/wp\/v2\/pages\/22\/revisions\/2639"}],"wp:attachment":[{"href":"https:\/\/www.bodofilmklubb.no\/index.php\/wp-json\/wp\/v2\/media?parent=22"}],"curies":[{"name":"wp","href":"https:\/\/api.w.org\/{rel}","templated":true}]}}