{"id":227,"date":"2009-08-29T21:48:25","date_gmt":"2009-08-29T19:48:25","guid":{"rendered":"http:\/\/www.bodofilmklubb.no\/?page_id=227"},"modified":"2009-08-29T21:50:21","modified_gmt":"2009-08-29T19:50:21","slug":"jakten","status":"publish","type":"page","link":"https:\/\/www.bodofilmklubb.no\/index.php\/jakten\/","title":{"rendered":"Jakten"},"content":{"rendered":"<p class=\"MsoNormal\" style=\"margin: 0cm 0cm 0pt;\"><strong style=\"mso-bidi-font-weight: normal;\"><span style=\"font-size: small;\"><\/span><\/strong><\/p>\n<p class=\"MsoNormal\" style=\"margin: 0cm 0cm 0pt;\"><strong style=\"mso-bidi-font-weight: normal;\"><span style=\"font-size: small;\"><\/span><\/strong><\/p>\n<p class=\"MsoNormal\" style=\"margin: 0cm 0cm 0pt;\"><span style=\"font-size: small;\"><span style=\"font-family: Times New Roman;\">Regi: Erik L\u00f8chen, Skuespillere: Benedikte Liseth, Rolf S\u00f8der, Tor Stokke, Carsten Byhring, Olafr Havrevold, Nasjonalitet: Norge 1959, Spr\u00e5k: Norsk, Lengde: 1 t. 34 min.<\/span><\/span><\/p>\n<p class=\"MsoNormal\" style=\"margin: 0cm 0cm 0pt;\"><span style=\"font-size: small; font-family: Times New Roman;\">\u00a0<\/span><\/p>\n<p class=\"MsoNormal\" style=\"margin: 0cm 0cm 0pt;\"><span style=\"font-size: small;\"><span style=\"font-family: Times New Roman;\">Klassisk norsk film anbefalt av Gunnar Iversen<\/span><\/span><\/p>\n<p class=\"MsoNormal\" style=\"margin: 0cm 0cm 0pt;\"><span style=\"font-size: small;\"><span style=\"font-family: Times New Roman;\">I Jan Kj\u00e6rstads siste roman Jeg er br\u00f8drene Walker oppdager hovedpersonen en dag at faren tidligere hadde hatt en brennende filminteresse. P\u00e5 1960-tallet hadde faren skrevet et manus til en spillefilm, og han forteller om hvilken storhetstid norsk film var inne i: \u201dP\u00e5 den tiden var Norge inne i en eksepsjonelt lovende periode, med regiss\u00f8rer som Arne Skouen og ikke minst Erik L\u00f8chen. Jeg s\u00e5 Jakten ni ganger.\u201d<\/span><\/span><\/p>\n<p class=\"MsoNormal\" style=\"margin: 0cm 0cm 0pt;\"><span style=\"font-size: small;\"><span style=\"font-family: Times New Roman;\">Jakten kan ses mer enn ni ganger, og n\u00e5r den n\u00e5 vises p\u00e5 filmklubben er det en vital femti\u00e5ring som fremdeles kan overraske og utfordre. P\u00e5 overflaten en trekanthistorie, men samtidig en stilstudie om tilbakeblikk, og en dyptloddende unders\u00f8kelse av mannlig begj\u00e6r som f\u00f8der vold. <\/span><\/span><\/p>\n<p class=\"MsoNormal\" style=\"margin: 0cm 0cm 0pt;\"><span style=\"font-size: small;\"><span style=\"font-family: Times New Roman;\">Bj\u00f8rn og Knut begj\u00e6rer samme kvinne, og hun liker \u00e5 bli begj\u00e6rt. Sammen drar de tre p\u00e5 rypejakt i fjellet, men bare to kommer tilbake. Jakten er et mesterverk. En klassiker i ordets egentlig bemerkelse; en film som har hatt betydning i norsk filmliv i femti \u00e5r. Det er en film som ikke ligner noe annet, og som fremdeles har hemmeligheter. Samtidig er det en spennende reise regiss\u00f8ren tar oss med p\u00e5. Til den norske fjellheimen, der to menn g\u00e5r i holmgang om en kvinne.<\/span><\/span><\/p>\n<p class=\"MsoNormal\" style=\"margin: 0cm 0cm 0pt;\"><span style=\"font-size: small; font-family: Times New Roman;\">\u00a0<\/span><\/p>\n<p class=\"MsoNormal\" style=\"margin: 0cm 0cm 0pt;\"><span style=\"font-size: small; font-family: Times New Roman;\">Gunnar Iversen (professor i filmvitenskap NTNU)<\/span><\/p>\n<p class=\"MsoNormal\" style=\"margin: 0cm 0cm 0pt;\">\u00a0<\/p>\n<p class=\"MsoNormal\" style=\"margin: 0cm 0cm 0pt;\"><span style=\"font-size: small; font-family: Times New Roman;\">NB: Vi viser en ny digital kinokopi av filmen.<\/span><\/p>\n","protected":false},"excerpt":{"rendered":"<p>Regi: Erik L\u00f8chen, Skuespillere: Benedikte Liseth, Rolf S\u00f8der, Tor Stokke, Carsten Byhring, Olafr Havrevold, Nasjonalitet: Norge 1959, Spr\u00e5k: Norsk, Lengde: 1 t. 34 min. \u00a0 Klassisk norsk film anbefalt av Gunnar Iversen I Jan Kj\u00e6rstads siste roman Jeg er br\u00f8drene Walker oppdager hovedpersonen en dag at faren tidligere hadde hatt en brennende filminteresse. P\u00e5 1960-tallet [&hellip;]<\/p>\n","protected":false},"author":2,"featured_media":0,"parent":0,"menu_order":0,"comment_status":"open","ping_status":"open","template":"","meta":{"footnotes":""},"class_list":["post-227","page","type-page","status-publish","hentry"],"_links":{"self":[{"href":"https:\/\/www.bodofilmklubb.no\/index.php\/wp-json\/wp\/v2\/pages\/227","targetHints":{"allow":["GET"]}}],"collection":[{"href":"https:\/\/www.bodofilmklubb.no\/index.php\/wp-json\/wp\/v2\/pages"}],"about":[{"href":"https:\/\/www.bodofilmklubb.no\/index.php\/wp-json\/wp\/v2\/types\/page"}],"author":[{"embeddable":true,"href":"https:\/\/www.bodofilmklubb.no\/index.php\/wp-json\/wp\/v2\/users\/2"}],"replies":[{"embeddable":true,"href":"https:\/\/www.bodofilmklubb.no\/index.php\/wp-json\/wp\/v2\/comments?post=227"}],"version-history":[{"count":2,"href":"https:\/\/www.bodofilmklubb.no\/index.php\/wp-json\/wp\/v2\/pages\/227\/revisions"}],"predecessor-version":[{"id":229,"href":"https:\/\/www.bodofilmklubb.no\/index.php\/wp-json\/wp\/v2\/pages\/227\/revisions\/229"}],"wp:attachment":[{"href":"https:\/\/www.bodofilmklubb.no\/index.php\/wp-json\/wp\/v2\/media?parent=227"}],"curies":[{"name":"wp","href":"https:\/\/api.w.org\/{rel}","templated":true}]}}