{"id":2288,"date":"2024-08-31T15:26:26","date_gmt":"2024-08-31T13:26:26","guid":{"rendered":"http:\/\/www.bodofilmklubb.no\/?page_id=2288"},"modified":"2024-08-31T15:32:33","modified_gmt":"2024-08-31T13:32:33","slug":"shallow-grave","status":"publish","type":"page","link":"https:\/\/www.bodofilmklubb.no\/index.php\/shallow-grave\/","title":{"rendered":"Shallow Grave"},"content":{"rendered":"<p class=\"MsoNormal\">Tittel: Shallow Grave<\/p>\n<p class=\"MsoNormal\">Storbritannia 1994<\/p>\n<p class=\"MsoNormal\">1t 29min<\/p>\n<p class=\"MsoNormal\">Regi: Danny Boyle<\/p>\n<p class=\"MsoNormal\">Med: Ewan McGregor, Kerry Fox, Christopher Eccleston, Ken Stott<\/p>\n<p class=\"MsoNormal\">Tale: Engelsk<\/p>\n<p class=\"MsoNormal\">Tekst: Norsk<\/p>\n<p class=\"MsoNormal\">\n<p class=\"MsoNormal\">\n<p class=\"MsoNormal\"><strong>M\u00f8rk, m\u00f8rk krimkomedie<\/strong><\/p>\n<p class=\"MsoNormal\">Danny Boyle fikk sitt store internasjonale gjennombrudd med <em>Trainspotting<\/em> i 1996, men allerede to \u00e5r tidligere debuterte han med <em>Shallow Grave<\/em>, en miks av svart komedie og thriller,\u00a0som ble en stor hit.<em> <\/em><\/p>\n<p class=\"MsoNormal\">Juliet er lege, Alex er journalist og David er regnskapsf\u00f8rer. Sammen\u00a0deler de\u00a0en\u00a0leilighet i Edinburgh, og\u00a0s\u00f8ker etter en fjerdemann \u00e5 dele leien med. Etter mange intervjurunder finner de Hugo, som f\u00e5r flytte inn. Noen dager senere finner de ham p\u00e5 soverommet sitt, livl\u00f8s, med en koffert stappfull av penger under sengen.<\/p>\n<p class=\"MsoNormal\"><a href=\"https:\/\/www.youtube.com\/watch?v=zy1jNIQRsas\">Trailer<\/a><\/p>\n","protected":false},"excerpt":{"rendered":"<p>Tittel: Shallow Grave Storbritannia 1994 1t 29min Regi: Danny Boyle Med: Ewan McGregor, Kerry Fox, Christopher Eccleston, Ken Stott Tale: Engelsk Tekst: Norsk M\u00f8rk, m\u00f8rk krimkomedie Danny Boyle fikk sitt store internasjonale gjennombrudd med Trainspotting i 1996, men allerede to \u00e5r tidligere debuterte han med Shallow Grave, en miks av svart komedie og thriller,\u00a0som ble [&hellip;]<\/p>\n","protected":false},"author":2,"featured_media":0,"parent":0,"menu_order":0,"comment_status":"open","ping_status":"closed","template":"","meta":{"footnotes":""},"class_list":["post-2288","page","type-page","status-publish","hentry"],"_links":{"self":[{"href":"https:\/\/www.bodofilmklubb.no\/index.php\/wp-json\/wp\/v2\/pages\/2288","targetHints":{"allow":["GET"]}}],"collection":[{"href":"https:\/\/www.bodofilmklubb.no\/index.php\/wp-json\/wp\/v2\/pages"}],"about":[{"href":"https:\/\/www.bodofilmklubb.no\/index.php\/wp-json\/wp\/v2\/types\/page"}],"author":[{"embeddable":true,"href":"https:\/\/www.bodofilmklubb.no\/index.php\/wp-json\/wp\/v2\/users\/2"}],"replies":[{"embeddable":true,"href":"https:\/\/www.bodofilmklubb.no\/index.php\/wp-json\/wp\/v2\/comments?post=2288"}],"version-history":[{"count":8,"href":"https:\/\/www.bodofilmklubb.no\/index.php\/wp-json\/wp\/v2\/pages\/2288\/revisions"}],"predecessor-version":[{"id":2294,"href":"https:\/\/www.bodofilmklubb.no\/index.php\/wp-json\/wp\/v2\/pages\/2288\/revisions\/2294"}],"wp:attachment":[{"href":"https:\/\/www.bodofilmklubb.no\/index.php\/wp-json\/wp\/v2\/media?parent=2288"}],"curies":[{"name":"wp","href":"https:\/\/api.w.org\/{rel}","templated":true}]}}