{"id":2297,"date":"2024-09-06T16:31:56","date_gmt":"2024-09-06T14:31:56","guid":{"rendered":"http:\/\/www.bodofilmklubb.no\/?page_id=2297"},"modified":"2024-09-06T16:33:52","modified_gmt":"2024-09-06T14:33:52","slug":"following","status":"publish","type":"page","link":"https:\/\/www.bodofilmklubb.no\/index.php\/following\/","title":{"rendered":"Following"},"content":{"rendered":"<p class=\"MsoNormal\">Storbritannia 1998<\/p>\n<p class=\"MsoNormal\">Regi: Christopher Nolan<\/p>\n<p class=\"MsoNormal\">Medvirkende: Jeremy Theobald, Alex Haw, Lucy Russell, John Nolan<\/p>\n<p class=\"MsoNormal\">Tale: Engelsk<\/p>\n<p class=\"MsoNormal\">Tekst: Norsk<\/p>\n<p class=\"MsoNormal\">Lengde: 1t 9min<\/p>\n<p class=\"MsoNormal\">\n<p class=\"MsoNormal\">\n<p class=\"MsoNormal\"><strong>F\u00f8r Oppenheimer, Inception og Memento\u2026\u00a0Following!<\/strong><\/p>\n<p class=\"MsoNormal\">\n<p class=\"MsoNormal\">En ung aspirerende forfatter forf\u00f8lger fremmede mennesker for \u00e5 hente inspirasjon til sin f\u00f8rste roman. N\u00e5r han m\u00f8ter en velkledd mann i m\u00f8rk dress tar inspirasjonen en ny retning, og sammen gj\u00f8r de to mennene en rekke innbrudd.<\/p>\n<p class=\"MsoNormal\"><em>Following<\/em> er Christopher Nolans debutfilm, en noirduftende mysteriethriller. Filmen er skutt p\u00e5 16mm, og den la grunnen for mye av det vi etter hvert har sett som Nolans kjennetegn. Den ble ogs\u00e5 bel\u00f8nnet med festivalpriser og gode kritikker da den hadde premiere.<\/p>\n<p class=\"MsoNormal\"><a href=\"https:\/\/www.youtube.com\/watch?v=62TTN6gD2So\">Trailer<\/a><\/p>\n<p class=\"MsoNormal\">\n","protected":false},"excerpt":{"rendered":"<p>Storbritannia 1998 Regi: Christopher Nolan Medvirkende: Jeremy Theobald, Alex Haw, Lucy Russell, John Nolan Tale: Engelsk Tekst: Norsk Lengde: 1t 9min F\u00f8r Oppenheimer, Inception og Memento\u2026\u00a0Following! En ung aspirerende forfatter forf\u00f8lger fremmede mennesker for \u00e5 hente inspirasjon til sin f\u00f8rste roman. N\u00e5r han m\u00f8ter en velkledd mann i m\u00f8rk dress tar inspirasjonen en ny retning, [&hellip;]<\/p>\n","protected":false},"author":2,"featured_media":0,"parent":0,"menu_order":0,"comment_status":"open","ping_status":"closed","template":"","meta":{"footnotes":""},"class_list":["post-2297","page","type-page","status-publish","hentry"],"_links":{"self":[{"href":"https:\/\/www.bodofilmklubb.no\/index.php\/wp-json\/wp\/v2\/pages\/2297","targetHints":{"allow":["GET"]}}],"collection":[{"href":"https:\/\/www.bodofilmklubb.no\/index.php\/wp-json\/wp\/v2\/pages"}],"about":[{"href":"https:\/\/www.bodofilmklubb.no\/index.php\/wp-json\/wp\/v2\/types\/page"}],"author":[{"embeddable":true,"href":"https:\/\/www.bodofilmklubb.no\/index.php\/wp-json\/wp\/v2\/users\/2"}],"replies":[{"embeddable":true,"href":"https:\/\/www.bodofilmklubb.no\/index.php\/wp-json\/wp\/v2\/comments?post=2297"}],"version-history":[{"count":3,"href":"https:\/\/www.bodofilmklubb.no\/index.php\/wp-json\/wp\/v2\/pages\/2297\/revisions"}],"predecessor-version":[{"id":2299,"href":"https:\/\/www.bodofilmklubb.no\/index.php\/wp-json\/wp\/v2\/pages\/2297\/revisions\/2299"}],"wp:attachment":[{"href":"https:\/\/www.bodofilmklubb.no\/index.php\/wp-json\/wp\/v2\/media?parent=2297"}],"curies":[{"name":"wp","href":"https:\/\/api.w.org\/{rel}","templated":true}]}}