{"id":230,"date":"2009-08-29T21:54:00","date_gmt":"2009-08-29T19:54:00","guid":{"rendered":"http:\/\/www.bodofilmklubb.no\/?page_id=230"},"modified":"2009-10-21T13:41:57","modified_gmt":"2009-10-21T11:41:57","slug":"die-grosse-stille","status":"publish","type":"page","link":"https:\/\/www.bodofilmklubb.no\/index.php\/die-grosse-stille\/","title":{"rendered":"Die grosse Stille"},"content":{"rendered":"<p class=\"MsoNormal\" style=\"margin: 0cm 0cm 0pt;\"><span style=\"font-size: small; font-family: Times New Roman;\">Dokumentarfilm<\/span><\/p>\n<p class=\"MsoNormal\" style=\"margin: 0cm 0cm 0pt;\"><span style=\"font-size: small; font-family: Times New Roman;\">Regi: Philip Gr\u00f6ning<\/span><\/p>\n<p class=\"MsoNormal\" style=\"margin: 0cm 0cm 0pt;\"><span style=\"font-size: small; font-family: Times New Roman;\">Nasjonalitet: Tyskland 2002-2005<\/span><\/p>\n<p class=\"MsoNormal\" style=\"margin: 0cm 0cm 0pt;\"><span style=\"font-size: small; font-family: Times New Roman;\">Spr\u00e5k: Fransk og latin \u2013 uten tekster (men filmen er mest <em style=\"mso-bidi-font-style: normal;\">stille<\/em>)<\/span><\/p>\n<p class=\"MsoNormal\" style=\"margin: 0cm 0cm 0pt;\"><span style=\"font-size: small; font-family: Times New Roman;\">Lengde: 2t 47min<\/span><\/p>\n<p class=\"MsoNormal\" style=\"margin: 0cm 0cm 0pt;\"><span style=\"font-size: small; font-family: Times New Roman;\">Utleie: Goethe Institutt Oslo<\/span><\/p>\n<p class=\"MsoNormal\" style=\"margin: 0cm 0cm 0pt;\"><span style=\"font-size: small; font-family: Times New Roman;\">\u00a0<\/span><\/p>\n<p class=\"MsoNormal\" style=\"margin: 0cm 0cm 0pt;\"><span style=\"font-size: small; font-family: Times New Roman;\">Helt unik dokumentarfilm \u2013 en erfaring for livet!<\/span><\/p>\n<p class=\"MsoNormal\" style=\"margin: 0cm 0cm 0pt;\"><span style=\"font-size: small; font-family: Times New Roman;\">\u00a0<\/span><\/p>\n<p class=\"MsoNormal\" style=\"margin: 0cm 0cm 0pt;\"><span style=\"font-size: small; font-family: Times New Roman;\">Filmen <em style=\"mso-bidi-font-style: normal;\">Die grosse Stille<\/em> er en unik mulighet til \u00e5 oppleve livet innenfor murene til det legendariske klosteret \u201dLa Grande Chartreuse\u201d som ligger i de franske alpene. Karteuserne, taushetsordenen, er den katolske kirkens aller strengeste og mest lukka orden og det tok regiss\u00f8ren lang tid til \u00e5 f\u00e5 lov til \u00e5 lage filmen. Tillatelsen var knyttet til klare og strenge regler: ingen filmmusikk, ingen ledsagende kommentarer, ingen filmteam, ingen kunstig lys og ingen intervjuer. Philip Gr\u00f6ning tilbrakte s\u00e5 et halvt \u00e5r i klosteret og filmet munkenes liv. I nesten tre timer f\u00e5r vi kaste et unikt blikk i en fascinerende og fremmede verden som allikevel er del av v\u00e5r felles europeiske kulturarv. Og helt klart: Filmen er en utfordring for oss vanlige kinogjengere (ja ogs\u00e5 filmklubbmedlemmer!). Men vi vil p\u00e5st\u00e5 at t\u00e5lmodighet og et \u00e5pent sinn vil bli bel\u00f8nnet med en filmopplevelse du ikke har v\u00e6rt bort i f\u00f8r.<\/span><\/p>\n<p class=\"MsoNormal\" style=\"margin: 0cm 0cm 0pt;\">\u00a0<\/p>\n<p class=\"MsoNormal\" style=\"margin: 0cm 0cm 0pt;\"><span style=\"font-size: small; font-family: Times New Roman;\">Trailer: <a href=\"http:\/\/www.youtube.com\/watch?v=sgNj2Sf_mgo\">http:\/\/www.youtube.com\/watch?v=sgNj2Sf_mgo<\/a><\/span><\/p>\n","protected":false},"excerpt":{"rendered":"<p>Dokumentarfilm Regi: Philip Gr\u00f6ning Nasjonalitet: Tyskland 2002-2005 Spr\u00e5k: Fransk og latin \u2013 uten tekster (men filmen er mest stille) Lengde: 2t 47min Utleie: Goethe Institutt Oslo \u00a0 Helt unik dokumentarfilm \u2013 en erfaring for livet! \u00a0 Filmen Die grosse Stille er en unik mulighet til \u00e5 oppleve livet innenfor murene til det legendariske klosteret \u201dLa [&hellip;]<\/p>\n","protected":false},"author":2,"featured_media":0,"parent":0,"menu_order":0,"comment_status":"open","ping_status":"open","template":"","meta":{"footnotes":""},"class_list":["post-230","page","type-page","status-publish","hentry"],"_links":{"self":[{"href":"https:\/\/www.bodofilmklubb.no\/index.php\/wp-json\/wp\/v2\/pages\/230","targetHints":{"allow":["GET"]}}],"collection":[{"href":"https:\/\/www.bodofilmklubb.no\/index.php\/wp-json\/wp\/v2\/pages"}],"about":[{"href":"https:\/\/www.bodofilmklubb.no\/index.php\/wp-json\/wp\/v2\/types\/page"}],"author":[{"embeddable":true,"href":"https:\/\/www.bodofilmklubb.no\/index.php\/wp-json\/wp\/v2\/users\/2"}],"replies":[{"embeddable":true,"href":"https:\/\/www.bodofilmklubb.no\/index.php\/wp-json\/wp\/v2\/comments?post=230"}],"version-history":[{"count":3,"href":"https:\/\/www.bodofilmklubb.no\/index.php\/wp-json\/wp\/v2\/pages\/230\/revisions"}],"predecessor-version":[{"id":269,"href":"https:\/\/www.bodofilmklubb.no\/index.php\/wp-json\/wp\/v2\/pages\/230\/revisions\/269"}],"wp:attachment":[{"href":"https:\/\/www.bodofilmklubb.no\/index.php\/wp-json\/wp\/v2\/media?parent=230"}],"curies":[{"name":"wp","href":"https:\/\/api.w.org\/{rel}","templated":true}]}}