{"id":2303,"date":"2024-09-13T15:41:06","date_gmt":"2024-09-13T13:41:06","guid":{"rendered":"http:\/\/www.bodofilmklubb.no\/?page_id=2303"},"modified":"2024-09-13T15:50:34","modified_gmt":"2024-09-13T13:50:34","slug":"picnic-at-hanging-rock","status":"publish","type":"page","link":"https:\/\/www.bodofilmklubb.no\/index.php\/picnic-at-hanging-rock\/","title":{"rendered":"Picnic at Hanging Rock"},"content":{"rendered":"<p class=\"MsoNormal\">Australia 1975<\/p>\n<p class=\"MsoNormal\">Regi: Peter Weir<\/p>\n<p class=\"MsoNormal\"><span lang=\"EN-GB\">Medvirkende: Rachel Roberts, Dominic Guard, Vivian Gray, Helen Morse<\/span><\/p>\n<p class=\"MsoNormal\"><span lang=\"EN-GB\">Lengde: 1t 55min<\/span><\/p>\n<p class=\"MsoNormal\"><span lang=\"EN-GB\">Tale: Engelsk<\/span><\/p>\n<p class=\"MsoNormal\"><span lang=\"EN-GB\">Tekst: Norsk<\/span><\/p>\n<p class=\"MsoNormal\">\n<p class=\"MsoNormal\"><strong><span lang=\"EN-GB\"> <\/span><\/strong><\/p>\n<p class=\"MsoNormal\"><strong><span lang=\"EN-GB\"> <\/span><\/strong><\/p>\n<p class=\"MsoNormal\"><strong>Usedvanlig vakkert og dypt forstyrrende p\u00e5 samme\u00a0tid.<\/strong><\/p>\n<p class=\"MsoNormal\">\n<p class=\"MsoNormal\">Appleyard College er en kostskole med streng og viktoriansk moral,\u00a0som ser det som sin oppgave \u00e5 forme unge piker til \u00e5 bli gode hustruer for sine kommende ektemenn. Det er\u00a0valentindagen \u00e5r 1900 og en\u00a0gruppe elever og l\u00e6rere gj\u00f8r\u00a0seg klar til en utflukt til Hanging Rock, en fjellformasjon i Victoria med stor religi\u00f8s og symbolsk verdi for aboriginerne. F\u00f8r dagen er omme har tre elever og en skolel\u00e6rer forsvunnet. Hva har skjedd? Er det en forbrytelse, eller er det en overnaturlig hendelse som ligger bak? Til tross for omfattende s\u00f8k i omr\u00e5det forblir de fire sporl\u00f8st forsvunnet. Forsvinningen utl\u00f8ser en rekke hendelser og f\u00e5r frem det beste\u00a0\u2013\u00a0og verste\u00a0\u2013\u00a0i menneskene involvert.<\/p>\n<p class=\"MsoNormal\"><em>Picnic at Hanging Rock<\/em> er en film som forteller at det finnes en verden utenfor v\u00e5rt lille rasjonelle univers, der drifter og instinkter r\u00e5der grunnen. Det er en usedvanlig vakker og samtidig dypt forstyrrende\u00a0film, med bilder og musikk som gir en f\u00f8lelse av melankoli og uro, og en lengsel etter noe fullkomment. Sofia Coppolas debutfilm\u00a0<em>The Virgin Suicides<\/em> er tydelig inspirert av den dr\u00f8mmende, pastellfargede og uhyggelige atmosf\u00e6ren, jentene i\u00a0lange hvite kjoler, og underliggende temaer som seksualitet og d\u00f8dsdrift.<\/p>\n<p class=\"MsoNormal\"><a href=\"https:\/\/www.youtube.com\/watch?v=UWqCHKtKPKI\">Trailer<\/a><\/p>\n","protected":false},"excerpt":{"rendered":"<p>Australia 1975 Regi: Peter Weir Medvirkende: Rachel Roberts, Dominic Guard, Vivian Gray, Helen Morse Lengde: 1t 55min Tale: Engelsk Tekst: Norsk Usedvanlig vakkert og dypt forstyrrende p\u00e5 samme\u00a0tid. Appleyard College er en kostskole med streng og viktoriansk moral,\u00a0som ser det som sin oppgave \u00e5 forme unge piker til \u00e5 bli gode hustruer for sine kommende [&hellip;]<\/p>\n","protected":false},"author":2,"featured_media":0,"parent":0,"menu_order":0,"comment_status":"open","ping_status":"closed","template":"","meta":{"footnotes":""},"class_list":["post-2303","page","type-page","status-publish","hentry"],"_links":{"self":[{"href":"https:\/\/www.bodofilmklubb.no\/index.php\/wp-json\/wp\/v2\/pages\/2303","targetHints":{"allow":["GET"]}}],"collection":[{"href":"https:\/\/www.bodofilmklubb.no\/index.php\/wp-json\/wp\/v2\/pages"}],"about":[{"href":"https:\/\/www.bodofilmklubb.no\/index.php\/wp-json\/wp\/v2\/types\/page"}],"author":[{"embeddable":true,"href":"https:\/\/www.bodofilmklubb.no\/index.php\/wp-json\/wp\/v2\/users\/2"}],"replies":[{"embeddable":true,"href":"https:\/\/www.bodofilmklubb.no\/index.php\/wp-json\/wp\/v2\/comments?post=2303"}],"version-history":[{"count":5,"href":"https:\/\/www.bodofilmklubb.no\/index.php\/wp-json\/wp\/v2\/pages\/2303\/revisions"}],"predecessor-version":[{"id":2308,"href":"https:\/\/www.bodofilmklubb.no\/index.php\/wp-json\/wp\/v2\/pages\/2303\/revisions\/2308"}],"wp:attachment":[{"href":"https:\/\/www.bodofilmklubb.no\/index.php\/wp-json\/wp\/v2\/media?parent=2303"}],"curies":[{"name":"wp","href":"https:\/\/api.w.org\/{rel}","templated":true}]}}