{"id":2318,"date":"2024-09-14T19:13:39","date_gmt":"2024-09-14T17:13:39","guid":{"rendered":"http:\/\/www.bodofilmklubb.no\/?page_id=2318"},"modified":"2024-10-12T18:30:25","modified_gmt":"2024-10-12T16:30:25","slug":"the-day-of-the-locust","status":"publish","type":"page","link":"https:\/\/www.bodofilmklubb.no\/index.php\/the-day-of-the-locust\/","title":{"rendered":"The Day of The Locust"},"content":{"rendered":"<p class=\"MsoNormal\"><span lang=\"EN-GB\" style=\"mso-ansi-language: EN-GB;\">USA 1975<\/span><\/p>\n<p class=\"MsoNormal\"><span lang=\"EN-GB\" style=\"mso-ansi-language: EN-GB;\">Regi: John Schlesinger<\/span><\/p>\n<p class=\"MsoNormal\"><span lang=\"EN-GB\" style=\"mso-ansi-language: EN-GB;\">Medvirkende: Donald Sutherland,\u00a0Karen Black,\u00a0William Atherton,\u00a0Burgess Meredith,\u00a0Richard Dysart,\u00a0John Hillerman,\u00a0Geraldine Page<\/span><\/p>\n<p class=\"MsoNormal\"><span lang=\"EN-GB\" style=\"mso-ansi-language: EN-GB;\">Lengde: 2t 24min<\/span><\/p>\n<p class=\"MsoNormal\"><span lang=\"EN-GB\" style=\"mso-ansi-language: EN-GB;\">Tale: engelsk<\/span><\/p>\n<p class=\"MsoNormal\"><span lang=\"EN-GB\" style=\"mso-ansi-language: EN-GB;\">Tekst: <strong>NB UTEKSTET<\/strong><\/span><\/p>\n<p class=\"MsoNormal\">\n<p class=\"MsoNormal\"><strong>Medaljens bakside i\u00a0Hollywood<\/strong><\/p>\n<p class=\"MsoNormal\">I kj\u00f8lvannet av New Hollywoods store gullalder, etter filmer som\u00a0<em>Easy Rider<\/em>,\u00a0<em>M*A*S*H<\/em>,\u00a0<em>Mean Streets<\/em> og\u00a0<em>Gudfaren<\/em> (ganger to), og i samme \u00e5ret som enda et nytt stort generasjonsskifte sto for d\u00f8ra med Steven Spielbergs\u00a0<em>Haisommer<\/em>, kom\u00a0<em>The Day of the Locust<\/em>, signert bransjeveteranen John Schlesinger. Engelskmannen hadde sl\u00e5tt gjennom hjemme med\u00a0<em>Billy Liar<\/em> (1963),\u00a0<em>Darling<\/em> (1965) og\u00a0<em>Far from the Madding Crowd<\/em> (1967), og han slang seg p\u00e5 b\u00f8lgen i det motkulturelle nye Hollywood da han USA-debuterte med\u00a0<em>Midnight Cowboy<\/em> i 1969. Det er med rette denne som st\u00e5r igjen som Schlesingers virkelig store bragd, men\u00a0<em>The Day of the Locust<\/em> fortjener ogs\u00e5 oppmerksomhet p\u00e5 nesten samme linje som\u00a0<em>Midnight Cowboy<\/em> og den etterf\u00f8lgende\u00a0<em>Maratonmannen<\/em> (1976).<\/p>\n<p class=\"MsoNormal\">Nettopp det \u00e5 komme til Hollywood for \u00e5 s\u00f8ke lykken er utgangspunktet for historien i\u00a0<em>The Day of the Locus<\/em>t, som er basert p\u00e5 Nathanael Wests roman fra 1939 og som utspiller seg p\u00e5 30-tallet. Tod Hackett er ung og nyutdannet, og for \u00e5 f\u00e5 en fot innenfor og med ambisjoner om \u00e5 stige i gradene helt opp til art director starter han i maleravdelingen i et av de store studioene. Det er i dette milj\u00f8et, og ikke minst blant naboene i leilighetsbygget San Berardino Arms, at Tod (og vi) blir kjent med en rekke akt\u00f8rer som p\u00e5 ulike vis trekker oss med inn i Hollywoods skygger, der vi virkelig f\u00e5r se medaljens bakside (som for \u00f8vrig var filmens norske tittel da den ble lansert p\u00e5 kino).<\/p>\n<p class=\"MsoNormal\">Kort sagt blir Tod kjent med Faye Greene, som han blir veldig betatt av. Han fors\u00f8ker \u00e5 hjelpe henne fram s\u00e5 hun kan f\u00e5 oppfylt sin egen skuespillerdr\u00f8m, mens Faye m\u00e5 hanskes med beilere av en lang r\u00f8ffere type enn Tod samtidig som at hun m\u00e5 passe sin alkoholiserte og uberegnelige far Harry. Faye liker Tod godt, men hun gj\u00f8r det samtidig klart at det er rikdom som skal til for at hun skal gifte seg. N\u00e5r Faye pr\u00f8ver \u00e5 finne Harry etter en av hans utflukter m\u00f8ter hun den merkelige og sjenerte einst\u00f8ingen Homer Simpson(!) i et av Hollywoods villastr\u00f8k. Herfra sprenges de moralske grensene stadig mer, og omgivelsene begynner n\u00e6rmest bokstavelig talt \u00e5 rase sammen rundt Tod og Faye. Det hele kulminerer i et fullstendig psykotisk inferno, i en dr\u00f8mmefabrikk som ikke er i stand til \u00e5 produsere annet enn groteske mareritt.<\/p>\n<p class=\"MsoNormal\">Donald Sutherland (1935-2024) gikk dessverre bort tidligere i \u00e5r. Hans prestasjon i rollen som Homer Simpson f\u00f8yer seg inn i rekken av bemerkelsesverdige h\u00f8ydepunkter fra samme fase i Sutherlands karriere, etter filmer som\u00a0<em>M*A*S*H<\/em>,\u00a0<em>Klute<\/em> og\u00a0<em>Don\u2019t Look Now<\/em>.<\/p>\n<p class=\"MsoNormal\"><a href=\"https:\/\/www.youtube.com\/watch?v=n9ncP1fwLIs\">Trailer<\/a><\/p>\n<p class=\"MsoNormal\">Tekst: Svein Inge S\u00e6ther, Cinemateket Trondheim<\/p>\n","protected":false},"excerpt":{"rendered":"<p>USA 1975 Regi: John Schlesinger Medvirkende: Donald Sutherland,\u00a0Karen Black,\u00a0William Atherton,\u00a0Burgess Meredith,\u00a0Richard Dysart,\u00a0John Hillerman,\u00a0Geraldine Page Lengde: 2t 24min Tale: engelsk Tekst: NB UTEKSTET Medaljens bakside i\u00a0Hollywood I kj\u00f8lvannet av New Hollywoods store gullalder, etter filmer som\u00a0Easy Rider,\u00a0M*A*S*H,\u00a0Mean Streets og\u00a0Gudfaren (ganger to), og i samme \u00e5ret som enda et nytt stort generasjonsskifte sto for d\u00f8ra med Steven [&hellip;]<\/p>\n","protected":false},"author":2,"featured_media":0,"parent":0,"menu_order":0,"comment_status":"open","ping_status":"closed","template":"","meta":{"footnotes":""},"class_list":["post-2318","page","type-page","status-publish","hentry"],"_links":{"self":[{"href":"https:\/\/www.bodofilmklubb.no\/index.php\/wp-json\/wp\/v2\/pages\/2318","targetHints":{"allow":["GET"]}}],"collection":[{"href":"https:\/\/www.bodofilmklubb.no\/index.php\/wp-json\/wp\/v2\/pages"}],"about":[{"href":"https:\/\/www.bodofilmklubb.no\/index.php\/wp-json\/wp\/v2\/types\/page"}],"author":[{"embeddable":true,"href":"https:\/\/www.bodofilmklubb.no\/index.php\/wp-json\/wp\/v2\/users\/2"}],"replies":[{"embeddable":true,"href":"https:\/\/www.bodofilmklubb.no\/index.php\/wp-json\/wp\/v2\/comments?post=2318"}],"version-history":[{"count":5,"href":"https:\/\/www.bodofilmklubb.no\/index.php\/wp-json\/wp\/v2\/pages\/2318\/revisions"}],"predecessor-version":[{"id":2385,"href":"https:\/\/www.bodofilmklubb.no\/index.php\/wp-json\/wp\/v2\/pages\/2318\/revisions\/2385"}],"wp:attachment":[{"href":"https:\/\/www.bodofilmklubb.no\/index.php\/wp-json\/wp\/v2\/media?parent=2318"}],"curies":[{"name":"wp","href":"https:\/\/api.w.org\/{rel}","templated":true}]}}