{"id":2323,"date":"2024-09-14T19:20:18","date_gmt":"2024-09-14T17:20:18","guid":{"rendered":"http:\/\/www.bodofilmklubb.no\/?page_id=2323"},"modified":"2024-11-20T19:38:23","modified_gmt":"2024-11-20T18:38:23","slug":"d%c3%b8den-pa-oslo-s","status":"publish","type":"page","link":"https:\/\/www.bodofilmklubb.no\/index.php\/d%c3%b8den-pa-oslo-s\/","title":{"rendered":"D\u00f8den p\u00e5 Oslo S"},"content":{"rendered":"<p class=\"MsoNormal\">Norge 1990<\/p>\n<p class=\"MsoNormal\">Lengde: 1t 39min<\/p>\n<p class=\"MsoNormal\">Regi: Eva Isaksen<\/p>\n<p class=\"MsoNormal\">Medvirkende: H\u00e5vard Bakke, Tommy Karlsen, Helle Beck Figenschow, Brit Elisabeth Haagensli<\/p>\n<p class=\"MsoNormal\">Tale: Norsk<\/p>\n<p><strong>Programavslutning: inngang for ikke-medlemmer = 50,- (12 \u00e5r)<\/strong><\/p>\n<p class=\"MsoNormal\"><strong>Kj\u00e6rlighet og m\u00f8rke bakgater i Oslo anno\u00a01990.<\/strong><\/p>\n<p class=\"MsoNormal\"><em>D\u00f8den p\u00e5 Oslo S <\/em>kom feiende som et friskt pust da den hadde premiere i august 1990. Filmen ble en stor publikumssuksess, et samstemt kritikerkorps roste filmen og nordmenn, med ungdom i spissen, valfartet til kinoene. Endelig en film som kommuniserte med de unge, p\u00e5 deres premisser, uten \u00e5 bli anstrengt kul eller for politisk korrekt. Filmen ble ber\u00f8mmet for friskt filmspr\u00e5k, god karakterinstruksjon og sitt aktuelle tema fra vrangsiden av det norske samfunnet. I ettertid er den b\u00e5de blitt latterliggjort gjennom Harald Eias parodier og reaktualisert med Nationaltheatrets bejublede forestilling p\u00e5 \u00d8kernsenteret. N\u00e5 er filmen nyrestaurert.<\/p>\n<p class=\"MsoNormal\"><em>D\u00f8den p\u00e5 Oslo S<\/em> er\u00a0basert p\u00e5 Ingvar Ambj\u00f8rnsens boksuksess for ungdom, noe som selvsagt beredte grunnen for filmens store nedslagsfelt blant publikum.\u00a0Sammen med de ganske uskyldige Oslo-guttene Pelle og Proffen\u00a0f\u00e5r vi et innblikk i tilv\u00e6relsen til ungdom som lever livene sine p\u00e5 gata og i kondemnerte g\u00e5rder med stoffmisbruk og prostitusjon. Filla og Stein vanker i milj\u00f8et, men bor p\u00e5 et guttehjem der forstanderen har skumle opplegg p\u00e5 gang. S\u00e5 treffer Pelle\u00a0Lena og forelsker seg. Men Lena har et problem, et stort problem, og en dag forsvinner hun.<\/p>\n<p class=\"MsoNormal\"><a href=\"https:\/\/filmoteket.no\/Films\/Play\/185932?trailer=True\">Trailer<\/a><\/p>\n","protected":false},"excerpt":{"rendered":"<p>Norge 1990 Lengde: 1t 39min Regi: Eva Isaksen Medvirkende: H\u00e5vard Bakke, Tommy Karlsen, Helle Beck Figenschow, Brit Elisabeth Haagensli Tale: Norsk Programavslutning: inngang for ikke-medlemmer = 50,- (12 \u00e5r) Kj\u00e6rlighet og m\u00f8rke bakgater i Oslo anno\u00a01990. D\u00f8den p\u00e5 Oslo S kom feiende som et friskt pust da den hadde premiere i august 1990. Filmen ble [&hellip;]<\/p>\n","protected":false},"author":2,"featured_media":0,"parent":0,"menu_order":0,"comment_status":"open","ping_status":"closed","template":"","meta":{"footnotes":""},"class_list":["post-2323","page","type-page","status-publish","hentry"],"_links":{"self":[{"href":"https:\/\/www.bodofilmklubb.no\/index.php\/wp-json\/wp\/v2\/pages\/2323","targetHints":{"allow":["GET"]}}],"collection":[{"href":"https:\/\/www.bodofilmklubb.no\/index.php\/wp-json\/wp\/v2\/pages"}],"about":[{"href":"https:\/\/www.bodofilmklubb.no\/index.php\/wp-json\/wp\/v2\/types\/page"}],"author":[{"embeddable":true,"href":"https:\/\/www.bodofilmklubb.no\/index.php\/wp-json\/wp\/v2\/users\/2"}],"replies":[{"embeddable":true,"href":"https:\/\/www.bodofilmklubb.no\/index.php\/wp-json\/wp\/v2\/comments?post=2323"}],"version-history":[{"count":6,"href":"https:\/\/www.bodofilmklubb.no\/index.php\/wp-json\/wp\/v2\/pages\/2323\/revisions"}],"predecessor-version":[{"id":2406,"href":"https:\/\/www.bodofilmklubb.no\/index.php\/wp-json\/wp\/v2\/pages\/2323\/revisions\/2406"}],"wp:attachment":[{"href":"https:\/\/www.bodofilmklubb.no\/index.php\/wp-json\/wp\/v2\/media?parent=2323"}],"curies":[{"name":"wp","href":"https:\/\/api.w.org\/{rel}","templated":true}]}}