{"id":2331,"date":"2024-09-14T19:59:00","date_gmt":"2024-09-14T17:59:00","guid":{"rendered":"http:\/\/www.bodofilmklubb.no\/?page_id=2331"},"modified":"2024-11-08T09:54:53","modified_gmt":"2024-11-08T08:54:53","slug":"ghost-world","status":"publish","type":"page","link":"https:\/\/www.bodofilmklubb.no\/index.php\/ghost-world\/","title":{"rendered":"Ghost World"},"content":{"rendered":"<p class=\"MsoNormal\"><strong><span lang=\"EN-GB\" style=\"mso-ansi-language: EN-GB;\">I samarbeid med Department of English, Nord universitet<\/span><\/strong><\/p>\n<p class=\"MsoNormal\">USA 2001<\/p>\n<p class=\"MsoNormal\">Regi: Terry Zwigoff<\/p>\n<p class=\"MsoNormal\">Medvirkende: Thora Birch, Scarlett Johansson, Steve Buscemi<\/p>\n<p class=\"MsoNormal\">Lengde: 1 t 51min<\/p>\n<p class=\"MsoNormal\">Spr\u00e5k: engelsk<\/p>\n<p class=\"MsoNormal\"><strong>NB: Ikke tekstet<\/strong><\/p>\n<p class=\"MsoNormal\"><strong>Den kuleste coming-of-age filmen p\u00e5 denne siden av 2000-tallet<\/strong><\/p>\n<p class=\"MsoNormal\">De to ten\u00e5ringsjentene Enid og Rebecca bor i en amerikansk forstad, er ferdig p\u00e5 high school, vet ikke helt hva de skal gj\u00f8re n\u00e5 og kommer med syrlige og ironiske kommentarer til alt og alle.<\/p>\n<p class=\"MsoNormal\">Ghost World er historien om Enid (Thora Birch) og Rebecca (Scarlett Johansson), to overironiske ten\u00e5ringsjenter i m\u00f8te med den fascinerende usikkerheten livet byr p\u00e5 etter high school. N\u00e5r deres livslange vennskap l\u00f8ftes inn i en ny \u00e6ra blir det ubalanse i forholdet. De b\u00e5nd som hittil har gjort dem uadskillelige sl\u00e5r knuter p\u00e5 seg og det som s\u00e5 ut til \u00e5 v\u00e6re en fremtid av uendelige muligheter likner mer og mer p\u00e5 en kjedelig hverdag med lavt betalte service-jobber og bleke minner. Vi f\u00f8lger unge Enids m\u00e5ll\u00f8se s\u00f8ken etter retning og identitet.<\/p>\n<p class=\"MsoNormal\">Det er sommer. Enid og Rebecca er ferdige med alt som har med skole \u00e5 gj\u00f8re og er p\u00e5 jakt etter en leilighet \u00e5 dele. Ett problem er at Enid har ikke best\u00e5tt eksamen helt. Men hva kan vel v\u00e6re enklere enn et sommerkurs i kunstfag, spesielt for en s\u00e5pass talentfull kunstner som Enid? De to venninnene finner en helt utrolig patetisk kontaktannonse i en avis og ringer med en gang. Det som begynner som en ufin sp\u00f8k, skaper overraskende hengivelse hos Enid som utvikler en begeistret fascinasjon for den definitivt uhippe Seymour (Steve Buscemi). I mellomtiden tar Rebecca seg jobb p\u00e5 \u00abThe Coffee Experience\u00bb i et fors\u00f8k p\u00e5 \u00e5 gjennomf\u00f8re dr\u00f8mmen om egen leilighet.<\/p>\n<p class=\"MsoNormal\">Zwigoffs evne til \u00e5 skape skrekkblandet fryd hos sitt publikum sl\u00e5r p\u00e5 nytt ut i full blomst med Ghost World, et underholdende og sympatisk blikk inn i en helt ny gruppe av enest\u00e5ende, utilfredse mennesker.<\/p>\n<p class=\"MsoNormal\">Ghost World er basert p\u00e5 kult-tegneserien med samme navn, av Daniel Clowes, som ogs\u00e5 har skrevet filmens manus sammen med Terry Zwigoff. Hovedpersonen Enid er spilt av Thora Birch (American Beauty). Bestevenninnen Rebecca spilles av en ung Scarlett Johansson. Som Seymour m\u00f8ter vi kongen av independent-skuespillere, Steve Buscemi.<\/p>\n<p class=\"MsoNormal\"><a href=\"https:\/\/www.youtube.com\/watch?v=juzGS-GN79M\">Trailer<\/a><\/p>\n","protected":false},"excerpt":{"rendered":"<p>I samarbeid med Department of English, Nord universitet USA 2001 Regi: Terry Zwigoff Medvirkende: Thora Birch, Scarlett Johansson, Steve Buscemi Lengde: 1 t 51min Spr\u00e5k: engelsk NB: Ikke tekstet Den kuleste coming-of-age filmen p\u00e5 denne siden av 2000-tallet De to ten\u00e5ringsjentene Enid og Rebecca bor i en amerikansk forstad, er ferdig p\u00e5 high school, vet [&hellip;]<\/p>\n","protected":false},"author":2,"featured_media":0,"parent":0,"menu_order":0,"comment_status":"open","ping_status":"closed","template":"","meta":{"footnotes":""},"class_list":["post-2331","page","type-page","status-publish","hentry"],"_links":{"self":[{"href":"https:\/\/www.bodofilmklubb.no\/index.php\/wp-json\/wp\/v2\/pages\/2331","targetHints":{"allow":["GET"]}}],"collection":[{"href":"https:\/\/www.bodofilmklubb.no\/index.php\/wp-json\/wp\/v2\/pages"}],"about":[{"href":"https:\/\/www.bodofilmklubb.no\/index.php\/wp-json\/wp\/v2\/types\/page"}],"author":[{"embeddable":true,"href":"https:\/\/www.bodofilmklubb.no\/index.php\/wp-json\/wp\/v2\/users\/2"}],"replies":[{"embeddable":true,"href":"https:\/\/www.bodofilmklubb.no\/index.php\/wp-json\/wp\/v2\/comments?post=2331"}],"version-history":[{"count":5,"href":"https:\/\/www.bodofilmklubb.no\/index.php\/wp-json\/wp\/v2\/pages\/2331\/revisions"}],"predecessor-version":[{"id":2398,"href":"https:\/\/www.bodofilmklubb.no\/index.php\/wp-json\/wp\/v2\/pages\/2331\/revisions\/2398"}],"wp:attachment":[{"href":"https:\/\/www.bodofilmklubb.no\/index.php\/wp-json\/wp\/v2\/media?parent=2331"}],"curies":[{"name":"wp","href":"https:\/\/api.w.org\/{rel}","templated":true}]}}