{"id":241,"date":"2009-08-29T22:18:29","date_gmt":"2009-08-29T20:18:29","guid":{"rendered":"http:\/\/www.bodofilmklubb.no\/?page_id=241"},"modified":"2009-09-05T20:53:49","modified_gmt":"2009-09-05T18:53:49","slug":"h%c3%b8stsonaten","status":"publish","type":"page","link":"https:\/\/www.bodofilmklubb.no\/index.php\/h%c3%b8stsonaten\/","title":{"rendered":"H\u00f8stsonaten"},"content":{"rendered":"<p class=\"MsoNormal\" style=\"margin: 0cm 0cm 0pt;\"><span style=\"font-size: small;\"><span style=\"font-family: Times New Roman;\">Regi: Ingmar Bergman, Skuespillere: Ingrid Bergman, Liv Ullmann, Lena Nyman, Gunnar Bj\u00f6rnstrand, Nasjonalitet: Vest-Tyskland 1978, Spr\u00e5k: Svensk \u2013 uten norsk tekst, Lengde: 1 t. 32 min.<\/span><\/span><\/p>\n<p class=\"MsoNormal\" style=\"margin: 0cm 0cm 0pt;\"><span style=\"font-size: small; font-family: Times New Roman;\">\u00a0<\/span><\/p>\n<p class=\"MsoNormal\" style=\"margin: 0cm 0cm 0pt;\"><span style=\"font-size: small;\"><span style=\"font-family: Times New Roman;\"><strong>En klassisk Bergmanfilm med Liv Ullmann<\/strong><\/span><\/span><\/p>\n<p class=\"MsoNormal\" style=\"margin: 0cm 0cm 0pt;\"><span style=\"font-size: small;\"><span style=\"font-family: Times New Roman;\">Eva (Liv Ullmann) som er bosatt i en liten norsk bygd skriver til sin mor, den kjente pianistinnen Charlotte Andergast (Ingrid Bergman), og ber henne bes\u00f8ke dem. Charlotte har nettopp mistet sin venn og akkompagn\u00f8r Leonardo. Selv har Eva ikke kommet over sorgen etter at hennes 4-\u00e5rige s\u00f8nn druknet. Charlotte ankommer og blir irritert over at Eva har tatt hjem sin lamme s\u00f8ster Helena som Charlotte selv plasserte p\u00e5 hjem for handikappede. Om natten f\u00e5r Charlotte mareritt og Eva fors\u00f8ker \u00e5 berolige henne. De begynner \u00e5 snakke om fortiden. Eva minnes barndommen og hvordan moren neglisjerte b\u00e5de mann og barn for karrierens skyld.<\/span><\/span><\/p>\n<p class=\"MsoNormal\" style=\"margin: 0cm 0cm 0pt;\"><span style=\"font-size: small; font-family: Times New Roman;\">Hovedproblematikken i H\u00f8stsonaten er i hvilken grad det er rett \u00e5 ofre kunsten for familiens skyld eller familien for kunstens skyld. Ingrid Bergman og Liv Ullmann gj\u00f8r<span style=\"mso-spacerun: yes;\">\u00a0 <\/span>begge ypperlige prestasjoner i sine roller.<\/span><\/p>\n<p>Klipp:<\/p>\n<p><a href=\"http:\/\/www.youtube.com\/watch?v=oUUBe9LXfYg&amp;feature=related\">http:\/\/www.youtube.com\/watch?v=oUUBe9LXfYg&amp;feature=related<\/a><\/p>\n","protected":false},"excerpt":{"rendered":"<p>Regi: Ingmar Bergman, Skuespillere: Ingrid Bergman, Liv Ullmann, Lena Nyman, Gunnar Bj\u00f6rnstrand, Nasjonalitet: Vest-Tyskland 1978, Spr\u00e5k: Svensk \u2013 uten norsk tekst, Lengde: 1 t. 32 min. \u00a0 En klassisk Bergmanfilm med Liv Ullmann Eva (Liv Ullmann) som er bosatt i en liten norsk bygd skriver til sin mor, den kjente pianistinnen Charlotte Andergast (Ingrid Bergman), [&hellip;]<\/p>\n","protected":false},"author":2,"featured_media":0,"parent":0,"menu_order":0,"comment_status":"open","ping_status":"open","template":"","meta":{"footnotes":""},"class_list":["post-241","page","type-page","status-publish","hentry"],"_links":{"self":[{"href":"https:\/\/www.bodofilmklubb.no\/index.php\/wp-json\/wp\/v2\/pages\/241","targetHints":{"allow":["GET"]}}],"collection":[{"href":"https:\/\/www.bodofilmklubb.no\/index.php\/wp-json\/wp\/v2\/pages"}],"about":[{"href":"https:\/\/www.bodofilmklubb.no\/index.php\/wp-json\/wp\/v2\/types\/page"}],"author":[{"embeddable":true,"href":"https:\/\/www.bodofilmklubb.no\/index.php\/wp-json\/wp\/v2\/users\/2"}],"replies":[{"embeddable":true,"href":"https:\/\/www.bodofilmklubb.no\/index.php\/wp-json\/wp\/v2\/comments?post=241"}],"version-history":[{"count":4,"href":"https:\/\/www.bodofilmklubb.no\/index.php\/wp-json\/wp\/v2\/pages\/241\/revisions"}],"predecessor-version":[{"id":244,"href":"https:\/\/www.bodofilmklubb.no\/index.php\/wp-json\/wp\/v2\/pages\/241\/revisions\/244"}],"wp:attachment":[{"href":"https:\/\/www.bodofilmklubb.no\/index.php\/wp-json\/wp\/v2\/media?parent=241"}],"curies":[{"name":"wp","href":"https:\/\/api.w.org\/{rel}","templated":true}]}}