{"id":2426,"date":"2025-01-04T15:01:16","date_gmt":"2025-01-04T14:01:16","guid":{"rendered":"https:\/\/www.bodofilmklubb.no\/?page_id=2426"},"modified":"2025-01-04T15:02:02","modified_gmt":"2025-01-04T14:02:02","slug":"the-universal-theory","status":"publish","type":"page","link":"https:\/\/www.bodofilmklubb.no\/index.php\/the-universal-theory\/","title":{"rendered":"The Universal Theory"},"content":{"rendered":"\n<p>Tyskland, Sveits 2023<\/p>\n\n\n\n<p>Regi: Timm Kr\u00f6ger<\/p>\n\n\n\n<p>Skuespillere: Jan B\u00fclow, Hanns Zischler, Olivia Ross<\/p>\n\n\n\n<p>Lengde: 1t 58min<\/p>\n\n\n\n<p>Tale: Tysk<\/p>\n\n\n\n<p>Tekst: Engelsk<\/p>\n\n\n\n<p><strong><br>Leken sjangermiks som m\u00e5 oppleves p\u00e5 kino<\/strong><\/p>\n\n\n\n<p>De st\u00f8rste forskerne innen feltet m\u00f8ttes i 1962 i de sveitsiske alpene til en fysikk-kongress for \u00e5 diskutere en &laquo;teori om alt&raquo;, en som skal forklare verden som den er. Men snart begynner mystiske og uforklarlige ting \u00e5 skje, i hvert fall for normaltenkende mennesker. En spennende thriller om kvantemekanikk, filmet i fantastiske svart-hvitt-bilder.<\/p>\n\n\n\n<p>I <em>The Universal Theory<\/em> stokker Timm Kr\u00f6ger filmhistoriens kort grundig for \u00e5 skape noe mystisk nytt. I tillegg til de storsl\u00e5tte Cinemascope-bildene til fotograf Roland Stuprich, inkluderer dette ogs\u00e5 filmmusikken til David Schweighart, der sitater fra klassiske filmpartiturer av Bernard Hermann f\u00e5r en moderne vri.<\/p>\n\n\n\n<p>En leken sjangerblanding med mange kj\u00e6rlige nikk til <em>film noir<\/em> og Alfred Hitchcock.<\/p>\n\n\n\n<p>Denne filmen fikk sin norske premiere som del av Bod\u00f8 filmfestival 2024. Den har fortjent en runde til p\u00e5 Fram kino \u2013 siste sjanse for \u00e5 se den p\u00e5 en norsk kino!<\/p>\n\n\n\n<p>I samarbeid med Goethe Instituttet.<\/p>\n\n\n\n<p><a href=\"https:\/\/www.youtube.com\/watch?v=tOvR_alTSOg\">Trailer<\/a><\/p>\n","protected":false},"excerpt":{"rendered":"<p>Tyskland, Sveits 2023 Regi: Timm Kr\u00f6ger Skuespillere: Jan B\u00fclow, Hanns Zischler, Olivia Ross Lengde: 1t 58min Tale: Tysk Tekst: Engelsk Leken sjangermiks som m\u00e5 oppleves p\u00e5 kino De st\u00f8rste forskerne innen feltet m\u00f8ttes i 1962 i de sveitsiske alpene til en fysikk-kongress for \u00e5 diskutere en &laquo;teori om alt&raquo;, en som skal forklare verden som [&hellip;]<\/p>\n","protected":false},"author":2,"featured_media":0,"parent":0,"menu_order":0,"comment_status":"closed","ping_status":"closed","template":"","meta":{"footnotes":""},"class_list":["post-2426","page","type-page","status-publish","hentry"],"_links":{"self":[{"href":"https:\/\/www.bodofilmklubb.no\/index.php\/wp-json\/wp\/v2\/pages\/2426","targetHints":{"allow":["GET"]}}],"collection":[{"href":"https:\/\/www.bodofilmklubb.no\/index.php\/wp-json\/wp\/v2\/pages"}],"about":[{"href":"https:\/\/www.bodofilmklubb.no\/index.php\/wp-json\/wp\/v2\/types\/page"}],"author":[{"embeddable":true,"href":"https:\/\/www.bodofilmklubb.no\/index.php\/wp-json\/wp\/v2\/users\/2"}],"replies":[{"embeddable":true,"href":"https:\/\/www.bodofilmklubb.no\/index.php\/wp-json\/wp\/v2\/comments?post=2426"}],"version-history":[{"count":2,"href":"https:\/\/www.bodofilmklubb.no\/index.php\/wp-json\/wp\/v2\/pages\/2426\/revisions"}],"predecessor-version":[{"id":2429,"href":"https:\/\/www.bodofilmklubb.no\/index.php\/wp-json\/wp\/v2\/pages\/2426\/revisions\/2429"}],"wp:attachment":[{"href":"https:\/\/www.bodofilmklubb.no\/index.php\/wp-json\/wp\/v2\/media?parent=2426"}],"curies":[{"name":"wp","href":"https:\/\/api.w.org\/{rel}","templated":true}]}}