{"id":2435,"date":"2025-01-04T20:06:14","date_gmt":"2025-01-04T19:06:14","guid":{"rendered":"https:\/\/www.bodofilmklubb.no\/?page_id=2435"},"modified":"2025-01-04T20:06:14","modified_gmt":"2025-01-04T19:06:14","slug":"marguerites-lidenskap","status":"publish","type":"page","link":"https:\/\/www.bodofilmklubb.no\/index.php\/marguerites-lidenskap\/","title":{"rendered":"Marguerites lidenskap"},"content":{"rendered":"\n<p>Frankrike 2023<\/p>\n\n\n\n<p>1 t 54 min<\/p>\n\n\n\n<p>Regi: Anna Novion<\/p>\n\n\n\n<p>Med: Ella Rumpf, Julien Frison, Jean-Pierre Darroussin<\/p>\n\n\n\n<p>Tale: Fransk<\/p>\n\n\n\n<p>Tekst: Norsk<\/p>\n\n\n\n<p><strong>Fengende fransk film om en kvinnelig matematiker<\/strong><\/p>\n\n\n\n<p>Marguerite studerer matematikk ved et av Frankrikes mest prestisjefylte universiteter. Hennes fremtidige karriere i akademia virker forutbestemt.<\/p>\n\n\n\n<p>Men den dagen Marguerite skal presentere sin avhandling, g\u00e5r noe fryktelig galt. Marguerite bestemmer seg for \u00e5 legge alle sine klare planer bak seg og begynne helt p\u00e5 nytt.<\/p>\n\n\n\n<p><a href=\"https:\/\/www.filmmagasinet.no\/2024\/06\/marguerites-lidenskap\/\">Omtale<\/a><\/p>\n\n\n\n<p><a href=\"https:\/\/www.youtube.com\/watch?v=DW7H6Wf0P-s\">Trailer<\/a><\/p>\n","protected":false},"excerpt":{"rendered":"<p>Frankrike 2023 1 t 54 min Regi: Anna Novion Med: Ella Rumpf, Julien Frison, Jean-Pierre Darroussin Tale: Fransk Tekst: Norsk Fengende fransk film om en kvinnelig matematiker Marguerite studerer matematikk ved et av Frankrikes mest prestisjefylte universiteter. Hennes fremtidige karriere i akademia virker forutbestemt. Men den dagen Marguerite skal presentere sin avhandling, g\u00e5r noe fryktelig [&hellip;]<\/p>\n","protected":false},"author":2,"featured_media":0,"parent":0,"menu_order":0,"comment_status":"closed","ping_status":"closed","template":"","meta":{"footnotes":""},"class_list":["post-2435","page","type-page","status-publish","hentry"],"_links":{"self":[{"href":"https:\/\/www.bodofilmklubb.no\/index.php\/wp-json\/wp\/v2\/pages\/2435","targetHints":{"allow":["GET"]}}],"collection":[{"href":"https:\/\/www.bodofilmklubb.no\/index.php\/wp-json\/wp\/v2\/pages"}],"about":[{"href":"https:\/\/www.bodofilmklubb.no\/index.php\/wp-json\/wp\/v2\/types\/page"}],"author":[{"embeddable":true,"href":"https:\/\/www.bodofilmklubb.no\/index.php\/wp-json\/wp\/v2\/users\/2"}],"replies":[{"embeddable":true,"href":"https:\/\/www.bodofilmklubb.no\/index.php\/wp-json\/wp\/v2\/comments?post=2435"}],"version-history":[{"count":1,"href":"https:\/\/www.bodofilmklubb.no\/index.php\/wp-json\/wp\/v2\/pages\/2435\/revisions"}],"predecessor-version":[{"id":2436,"href":"https:\/\/www.bodofilmklubb.no\/index.php\/wp-json\/wp\/v2\/pages\/2435\/revisions\/2436"}],"wp:attachment":[{"href":"https:\/\/www.bodofilmklubb.no\/index.php\/wp-json\/wp\/v2\/media?parent=2435"}],"curies":[{"name":"wp","href":"https:\/\/api.w.org\/{rel}","templated":true}]}}