{"id":2444,"date":"2025-01-04T20:28:46","date_gmt":"2025-01-04T19:28:46","guid":{"rendered":"https:\/\/www.bodofilmklubb.no\/?page_id=2444"},"modified":"2025-01-04T20:28:46","modified_gmt":"2025-01-04T19:28:46","slug":"rod-himmel","status":"publish","type":"page","link":"https:\/\/www.bodofilmklubb.no\/index.php\/rod-himmel\/","title":{"rendered":"R\u00f8d himmel"},"content":{"rendered":"\n<p>Tyskland 2023<\/p>\n\n\n\n<p>1 t 42 min<\/p>\n\n\n\n<p>Regi: Christian Petzold<\/p>\n\n\n\n<p>Tale: Tysk<\/p>\n\n\n\n<p>Tekst: Norsk<\/p>\n\n\n\n<p><strong>Vi pr\u00f8ver p\u00e5 nytt og viser Christian Petzolds flotte film MED norske tekster<\/strong><\/p>\n\n\n\n<p>Forfatter Leon og fotografen Felix l\u00e5ner et feriehus for \u00e5 f\u00e5 etterlengtet ro til sine kreative prosjekter. P\u00e5 veien bryter bilen ned, feriehuset viser seg \u00e5 ogs\u00e5 v\u00e6re utleid til en fremmed kvinne og en skogbrann begynner \u00e5 true i det fjerne. Mens den spontane Felix raskt tilpasser seg situasjonen, blir den gretne Leon mer opptatt av \u00e5 klage over forstyrrelsene av hans kunstneriske prosess. Og som om ikke det var nok, st\u00e5r snart redakt\u00f8ren hans p\u00e5 d\u00f8rstokken, klar til \u00e5 vurdere hans nye bokprosjekt.<\/p>\n\n\n\n<p><em>R\u00f8d himmel<\/em> er et intimt og tidvis humoristisk drama om vennskap, sjalusi, sm\u00e5lighet og frykt for \u00e5 ikke strekke til.<\/p>\n\n\n\n<p><a href=\"https:\/\/www.filmmagasinet.no\/2024\/06\/rod-himmel\/\">Omtale<\/a><\/p>\n\n\n\n<p><a href=\"https:\/\/www.youtube.com\/watch?v=0j2-5NR_mMw\">Trailer<\/a><\/p>\n\n\n\n<p><\/p>\n","protected":false},"excerpt":{"rendered":"<p>Tyskland 2023 1 t 42 min Regi: Christian Petzold Tale: Tysk Tekst: Norsk Vi pr\u00f8ver p\u00e5 nytt og viser Christian Petzolds flotte film MED norske tekster Forfatter Leon og fotografen Felix l\u00e5ner et feriehus for \u00e5 f\u00e5 etterlengtet ro til sine kreative prosjekter. P\u00e5 veien bryter bilen ned, feriehuset viser seg \u00e5 ogs\u00e5 v\u00e6re utleid [&hellip;]<\/p>\n","protected":false},"author":2,"featured_media":0,"parent":0,"menu_order":0,"comment_status":"closed","ping_status":"closed","template":"","meta":{"footnotes":""},"class_list":["post-2444","page","type-page","status-publish","hentry"],"_links":{"self":[{"href":"https:\/\/www.bodofilmklubb.no\/index.php\/wp-json\/wp\/v2\/pages\/2444","targetHints":{"allow":["GET"]}}],"collection":[{"href":"https:\/\/www.bodofilmklubb.no\/index.php\/wp-json\/wp\/v2\/pages"}],"about":[{"href":"https:\/\/www.bodofilmklubb.no\/index.php\/wp-json\/wp\/v2\/types\/page"}],"author":[{"embeddable":true,"href":"https:\/\/www.bodofilmklubb.no\/index.php\/wp-json\/wp\/v2\/users\/2"}],"replies":[{"embeddable":true,"href":"https:\/\/www.bodofilmklubb.no\/index.php\/wp-json\/wp\/v2\/comments?post=2444"}],"version-history":[{"count":1,"href":"https:\/\/www.bodofilmklubb.no\/index.php\/wp-json\/wp\/v2\/pages\/2444\/revisions"}],"predecessor-version":[{"id":2445,"href":"https:\/\/www.bodofilmklubb.no\/index.php\/wp-json\/wp\/v2\/pages\/2444\/revisions\/2445"}],"wp:attachment":[{"href":"https:\/\/www.bodofilmklubb.no\/index.php\/wp-json\/wp\/v2\/media?parent=2444"}],"curies":[{"name":"wp","href":"https:\/\/api.w.org\/{rel}","templated":true}]}}