{"id":2447,"date":"2025-01-04T20:37:37","date_gmt":"2025-01-04T19:37:37","guid":{"rendered":"https:\/\/www.bodofilmklubb.no\/?page_id=2447"},"modified":"2025-01-04T20:37:37","modified_gmt":"2025-01-04T19:37:37","slug":"breakfast-at-tiffanys-2","status":"publish","type":"page","link":"https:\/\/www.bodofilmklubb.no\/index.php\/breakfast-at-tiffanys-2\/","title":{"rendered":"Breakfast at Tiffany&#8217;s"},"content":{"rendered":"\n<p>USA 1961<\/p>\n\n\n\n<p>1 t 55 min<\/p>\n\n\n\n<p>Regi: Blake Edwards<\/p>\n\n\n\n<p>Med: Audrey Hepburn, George Peppard, Patricia Neal<\/p>\n\n\n\n<p>Tale: Engelsk<\/p>\n\n\n\n<p>Tekst: Utekstet<\/p>\n\n\n\n<p><strong>Audrey Hepburn, magisk sjarm, ikoniske kostymer og litt Truman Capote<\/strong><\/p>\n\n\n\n<p>I filmatiseringen ble Truman Capotes stilsikre, ganske tvetydige roman&nbsp;<em>Breakfast at Tiffany\u2019s&nbsp;<\/em>forvandlet til en elegant romantisk komedie, men likevel ikke helt uten spor av den opprinnelige m\u00f8rkere undertonen fra boka.<\/p>\n\n\n\n<p>Vi befinner oss p\u00e5 Manhattan. Holly Golightly er en naiv og eksentrisk jetsetter og luksusprostituert p\u00e5 jakt etter en skikkelig riking \u00e5 gifte seg med. Men inn i etasjen over og inn i livet hennes flytter den ikke altfor suksessrike forfatteren Paul Varjak, og ting blir ikke riktig helt det samme etter det. Hvem som er den rette for Holly, kan enhver kinogjenger se: Poenget her er likevel ikke den happy ending som m\u00e5 komme, men mye underfundig og intelligent moro p\u00e5 veien dit.<br><br>Capote hadde tenkt seg Marilyn Monroe i hovedrollen som luksusprostituerte Holly, men hun sa nei av hensyn til sitt image. Rollen endte hos Audrey Hepburn og var med \u00e5 skape hennes stjernestatus p\u00e5 sekstitallet. I tillegg til Audreys sjarm og spilleglede har filmen et minneverdig utvalg uts\u00f8kte kostymer designet av blant annet Edith Head. Antrekket med sort kjole og hansker, stort perlehalsb\u00e5nd, oppsatt h\u00e5r og m\u00f8rke solbriller, som Holly Golightly har p\u00e5 seg mens hun p\u00e5 morgenkvisten etter en mislykket date drikker kaffe, spiser croissant og beundrer dyre diamanter i Tiffanys utstillingsvindu, har f\u00e5tt ikonisk status.<br><br>Nydelige \u00abMoon River\u00bb, et av komponist Henry Mancinis aller mest kjente temaer, ble naturligvis beh\u00f8rig oscarbel\u00f8nnet, og kom til \u00e5 f\u00f8lge Audrey Hepburn videre i karrieren som hennes eget musikalske signaturtema.<br>(Cinemateket)<\/p>\n\n\n\n<p><a href=\"https:\/\/www.youtube.com\/watch?v=KlZ4fYqjGJI\">Trailer<\/a><\/p>\n","protected":false},"excerpt":{"rendered":"<p>USA 1961 1 t 55 min Regi: Blake Edwards Med: Audrey Hepburn, George Peppard, Patricia Neal Tale: Engelsk Tekst: Utekstet Audrey Hepburn, magisk sjarm, ikoniske kostymer og litt Truman Capote I filmatiseringen ble Truman Capotes stilsikre, ganske tvetydige roman&nbsp;Breakfast at Tiffany\u2019s&nbsp;forvandlet til en elegant romantisk komedie, men likevel ikke helt uten spor av den opprinnelige [&hellip;]<\/p>\n","protected":false},"author":2,"featured_media":0,"parent":0,"menu_order":0,"comment_status":"closed","ping_status":"closed","template":"","meta":{"footnotes":""},"class_list":["post-2447","page","type-page","status-publish","hentry"],"_links":{"self":[{"href":"https:\/\/www.bodofilmklubb.no\/index.php\/wp-json\/wp\/v2\/pages\/2447","targetHints":{"allow":["GET"]}}],"collection":[{"href":"https:\/\/www.bodofilmklubb.no\/index.php\/wp-json\/wp\/v2\/pages"}],"about":[{"href":"https:\/\/www.bodofilmklubb.no\/index.php\/wp-json\/wp\/v2\/types\/page"}],"author":[{"embeddable":true,"href":"https:\/\/www.bodofilmklubb.no\/index.php\/wp-json\/wp\/v2\/users\/2"}],"replies":[{"embeddable":true,"href":"https:\/\/www.bodofilmklubb.no\/index.php\/wp-json\/wp\/v2\/comments?post=2447"}],"version-history":[{"count":1,"href":"https:\/\/www.bodofilmklubb.no\/index.php\/wp-json\/wp\/v2\/pages\/2447\/revisions"}],"predecessor-version":[{"id":2448,"href":"https:\/\/www.bodofilmklubb.no\/index.php\/wp-json\/wp\/v2\/pages\/2447\/revisions\/2448"}],"wp:attachment":[{"href":"https:\/\/www.bodofilmklubb.no\/index.php\/wp-json\/wp\/v2\/media?parent=2447"}],"curies":[{"name":"wp","href":"https:\/\/api.w.org\/{rel}","templated":true}]}}