{"id":245,"date":"2009-08-29T22:29:36","date_gmt":"2009-08-29T20:29:36","guid":{"rendered":"http:\/\/www.bodofilmklubb.no\/?page_id=245"},"modified":"2009-08-29T22:33:17","modified_gmt":"2009-08-29T20:33:17","slug":"paraplyene-i-cherbourg","status":"publish","type":"page","link":"https:\/\/www.bodofilmklubb.no\/index.php\/paraplyene-i-cherbourg\/","title":{"rendered":"Paraplyene i Cherbourg"},"content":{"rendered":"<p class=\"MsoNormal\" style=\"margin: 0cm 0cm 0pt;\"><span style=\"font-size: small;\"><span style=\"font-family: Times New Roman;\">Musikal<\/span><\/span><\/p>\n<p class=\"MsoNormal\" style=\"margin: 0cm 0cm 0pt;\"><span style=\"font-size: small;\"><span style=\"font-family: Times New Roman;\">Orginal tittel: Les Parapluies de Cherbourg, Regi: Jacques Demy, Skuespillere: Catherine Deneuve, Nino Castelnuovo, Nasjonalitet: Frankrike 1964, Spr\u00e5k: fransk m\/engelsk tekst, Lengde: 1 t. 31 min.<\/span><\/span><\/p>\n<p class=\"MsoNormal\" style=\"margin: 0cm 0cm 0pt;\"><span style=\"font-size: small; font-family: Times New Roman;\">\u00a0<\/span><\/p>\n<p class=\"MsoNormal\" style=\"margin: 0cm 0cm 0pt;\"><span style=\"font-size: small;\"><span style=\"font-family: Times New Roman;\">Vi takker for en flott filmklubbh\u00f8st med en film som burde gj\u00f8re alle glad &#8211; gled dere!<\/span><\/span><\/p>\n<p class=\"MsoNormal\" style=\"margin: 0cm 0cm 0pt;\">\u00a0<\/p>\n<p class=\"MsoNormal\" style=\"margin: 0cm 0cm 0pt;\"><span style=\"font-size: small;\"><span style=\"font-family: Times New Roman;\"><em>Paraplyene i Cherbourg<\/em> har den perfekte blandingen av<span style=\"mso-spacerun: yes;\">\u00a0 <\/span>lekenhet, skj\u00f8nnhet og lidenskap som enhver musikal tilstreber <\/span><\/span><\/p>\n<p class=\"MsoNormal\" style=\"margin: 0cm 0cm 0pt;\"><span style=\"font-size: small;\"><span style=\"font-family: Times New Roman;\">Filmen foreg\u00e5r i den franske havnebyen Cherbourg der Genevi\u00e8ve, en vakker 17-\u00e5ring, arbeider i morens paraply-butikk. Hun blir stormende forelsket i bilmekanikeren Guy. De lover hverandre evig kj\u00e6rlighet og \u00f8nsker \u00e5 gifte seg. Krigen i Algerie er i gang og Guy blir innkalt til milit\u00e6rtjeneste. I Avskjedens time blir Genevi\u00e8ve gravid, og mens barnefaren er i krigen, frir en velst\u00e5ende diamanthandler til henne, og lover \u00e5 oppfostre barnet som sitt eget.<\/span><\/span><\/p>\n<p class=\"MsoNormal\" style=\"margin: 0cm 0cm 0pt;\"><span style=\"font-size: small;\"><span style=\"font-family: Times New Roman;\">Genevi\u00e8ve\u2019s mor presser henne til \u00e5 si ja til frieriet og de nygifte flytter til Paris. Men s\u00e5 dukker Guy opp i Cherbourg&#8230;<\/span><\/span><\/p>\n<p class=\"MsoNormal\" style=\"margin: 0cm 0cm 0pt;\">\u00a0<\/p>\n<p class=\"MsoNormal\" style=\"margin: 0cm 0cm 0pt;\"><span style=\"font-size: small; font-family: Times New Roman;\">Klipp: <a href=\"http:\/\/www.youtube.com\/watch?v=3JS4JMY0JWM\">http:\/\/www.youtube.com\/watch?v=3JS4JMY0JWM<\/a><\/span><\/p>\n<p class=\"MsoNormal\" style=\"margin: 0cm 0cm 0pt;\"><span style=\"font-size: small; font-family: Times New Roman;\">og <a href=\"http:\/\/www.youtube.com\/watch?v=KhQ2Mb_Xa7Y&amp;feature=related\">http:\/\/www.youtube.com\/watch?v=KhQ2Mb_Xa7Y&amp;feature=related<\/a><\/span><\/p>\n<p class=\"MsoNormal\" style=\"margin: 0cm 0cm 0pt;\">\u00a0<\/p>\n","protected":false},"excerpt":{"rendered":"<p>Musikal Orginal tittel: Les Parapluies de Cherbourg, Regi: Jacques Demy, Skuespillere: Catherine Deneuve, Nino Castelnuovo, Nasjonalitet: Frankrike 1964, Spr\u00e5k: fransk m\/engelsk tekst, Lengde: 1 t. 31 min. \u00a0 Vi takker for en flott filmklubbh\u00f8st med en film som burde gj\u00f8re alle glad &#8211; gled dere! \u00a0 Paraplyene i Cherbourg har den perfekte blandingen av\u00a0 lekenhet, [&hellip;]<\/p>\n","protected":false},"author":2,"featured_media":0,"parent":0,"menu_order":0,"comment_status":"open","ping_status":"open","template":"","meta":{"footnotes":""},"class_list":["post-245","page","type-page","status-publish","hentry"],"_links":{"self":[{"href":"https:\/\/www.bodofilmklubb.no\/index.php\/wp-json\/wp\/v2\/pages\/245","targetHints":{"allow":["GET"]}}],"collection":[{"href":"https:\/\/www.bodofilmklubb.no\/index.php\/wp-json\/wp\/v2\/pages"}],"about":[{"href":"https:\/\/www.bodofilmklubb.no\/index.php\/wp-json\/wp\/v2\/types\/page"}],"author":[{"embeddable":true,"href":"https:\/\/www.bodofilmklubb.no\/index.php\/wp-json\/wp\/v2\/users\/2"}],"replies":[{"embeddable":true,"href":"https:\/\/www.bodofilmklubb.no\/index.php\/wp-json\/wp\/v2\/comments?post=245"}],"version-history":[{"count":2,"href":"https:\/\/www.bodofilmklubb.no\/index.php\/wp-json\/wp\/v2\/pages\/245\/revisions"}],"predecessor-version":[{"id":247,"href":"https:\/\/www.bodofilmklubb.no\/index.php\/wp-json\/wp\/v2\/pages\/245\/revisions\/247"}],"wp:attachment":[{"href":"https:\/\/www.bodofilmklubb.no\/index.php\/wp-json\/wp\/v2\/media?parent=245"}],"curies":[{"name":"wp","href":"https:\/\/api.w.org\/{rel}","templated":true}]}}