{"id":2450,"date":"2025-01-04T20:46:58","date_gmt":"2025-01-04T19:46:58","guid":{"rendered":"https:\/\/www.bodofilmklubb.no\/?page_id=2450"},"modified":"2025-01-04T20:46:58","modified_gmt":"2025-01-04T19:46:58","slug":"uproar","status":"publish","type":"page","link":"https:\/\/www.bodofilmklubb.no\/index.php\/uproar\/","title":{"rendered":"Uproar"},"content":{"rendered":"\n<p>New Zealand 2023<\/p>\n\n\n\n<p>1 t 50 min<\/p>\n\n\n\n<p>Regi: Paul Middleditch, Hamish Bennett<\/p>\n\n\n\n<p>Med: Julian Dennison, Minnie Driver, Rhys Darby,<\/p>\n\n\n\n<p>Tale: Engelsk<\/p>\n\n\n\n<p>Tekst: Norsk<\/p>\n\n\n\n<p><strong>&nbsp;Morsom og inspirerende coming of age-film<\/strong><\/p>\n\n\n\n<p>1981: N\u00e5r New Zealand skal m\u00f8te S\u00f8r-Afrika i en rugbykamp, utl\u00f8ses store demonstrasjoner mot apartheid i \u00f8ystaten. 17-\u00e5ringen Josh er ikke s\u00e5 opptatt av rugby. Men han har maori-bakgrunn og m\u00e5 ta et standpunkt i kampen mot rasisme og for \u00e5 st\u00e5 opp for seg selv.<\/p>\n\n\n\n<p>Det unge stjerneskuddet Julian Dennison, som mange vil huske fra&nbsp;<em>Deadpool 2<\/em>&nbsp;(2018) og Taika Waititis&nbsp;<em>Hunt for the Wilderpeople<\/em>&nbsp;(2016) imponerer i hovedrollen som Josh. Hans makel\u00f8se karisma og tilstedev\u00e6relse f\u00e5r filmen til \u00e5 gnistre av b\u00e5de humor, energi og varme.<\/p>\n\n\n\n<p><em>Uproar<\/em>&nbsp;er en morsom og inspirerende coming of age-film om en ten\u00e5rings fors\u00f8k p\u00e5 \u00e5 finne sin plass, samtidig som hele nasjonens identitet settes p\u00e5 pr\u00f8ve.<\/p>\n\n\n\n<p>(Kosmorama)<\/p>\n\n\n\n<p><a href=\"https:\/\/www.filmmagasinet.no\/2024\/09\/uproar\/\">Omtale<\/a><\/p>\n\n\n\n<p><a href=\"https:\/\/www.youtube.com\/watch?v=4oW4DcSRZb4\">Trailer<\/a><\/p>\n\n\n\n<p><\/p>\n","protected":false},"excerpt":{"rendered":"<p>New Zealand 2023 1 t 50 min Regi: Paul Middleditch, Hamish Bennett Med: Julian Dennison, Minnie Driver, Rhys Darby, Tale: Engelsk Tekst: Norsk &nbsp;Morsom og inspirerende coming of age-film 1981: N\u00e5r New Zealand skal m\u00f8te S\u00f8r-Afrika i en rugbykamp, utl\u00f8ses store demonstrasjoner mot apartheid i \u00f8ystaten. 17-\u00e5ringen Josh er ikke s\u00e5 opptatt av rugby. Men [&hellip;]<\/p>\n","protected":false},"author":2,"featured_media":0,"parent":0,"menu_order":0,"comment_status":"closed","ping_status":"closed","template":"","meta":{"footnotes":""},"class_list":["post-2450","page","type-page","status-publish","hentry"],"_links":{"self":[{"href":"https:\/\/www.bodofilmklubb.no\/index.php\/wp-json\/wp\/v2\/pages\/2450","targetHints":{"allow":["GET"]}}],"collection":[{"href":"https:\/\/www.bodofilmklubb.no\/index.php\/wp-json\/wp\/v2\/pages"}],"about":[{"href":"https:\/\/www.bodofilmklubb.no\/index.php\/wp-json\/wp\/v2\/types\/page"}],"author":[{"embeddable":true,"href":"https:\/\/www.bodofilmklubb.no\/index.php\/wp-json\/wp\/v2\/users\/2"}],"replies":[{"embeddable":true,"href":"https:\/\/www.bodofilmklubb.no\/index.php\/wp-json\/wp\/v2\/comments?post=2450"}],"version-history":[{"count":1,"href":"https:\/\/www.bodofilmklubb.no\/index.php\/wp-json\/wp\/v2\/pages\/2450\/revisions"}],"predecessor-version":[{"id":2451,"href":"https:\/\/www.bodofilmklubb.no\/index.php\/wp-json\/wp\/v2\/pages\/2450\/revisions\/2451"}],"wp:attachment":[{"href":"https:\/\/www.bodofilmklubb.no\/index.php\/wp-json\/wp\/v2\/media?parent=2450"}],"curies":[{"name":"wp","href":"https:\/\/api.w.org\/{rel}","templated":true}]}}