{"id":2453,"date":"2025-01-04T20:57:27","date_gmt":"2025-01-04T19:57:27","guid":{"rendered":"https:\/\/www.bodofilmklubb.no\/?page_id=2453"},"modified":"2025-01-04T20:57:27","modified_gmt":"2025-01-04T19:57:27","slug":"til-verdens-ende","status":"publish","type":"page","link":"https:\/\/www.bodofilmklubb.no\/index.php\/til-verdens-ende\/","title":{"rendered":"Til verdens ende"},"content":{"rendered":"\n<p>Canada m.fl. 2024<\/p>\n\n\n\n<p>2 t 10 min<\/p>\n\n\n\n<p>Regi: Viggo Mortensen<\/p>\n\n\n\n<p>Med:Vicky Krieps, Viggo Mortensen<\/p>\n\n\n\n<p>Tale: Engelsk<\/p>\n\n\n\n<p>Tekst: Norsk<\/p>\n\n\n\n<p><strong>Romantisk western, skrevet og regissert av Viggo Mortensen<\/strong><\/p>\n\n\n\n<p>I det vestlige USA i 1860-\u00e5rene&nbsp;innleder&nbsp;den egenr\u00e5dige Vivienne (Vicky Krieps) et forhold til den danske immigranten Holger Olsen (Viggo Mortensen). De reiser sammen til hans beskjedne&nbsp;hjem p\u00e5 et lite sted i Nevada, hvor de starter et liv sammen. Men borgerkrigen skiller dem fra hverandre, og Vivienne m\u00e5 klare seg selv i deres nye hjemby, som kontrolleres av&nbsp;korrupte politikere og skrupell\u00f8se individer. Filmen er et portrett av&nbsp;en moderne og selvstendig kvinne som&nbsp;er fast bestemt&nbsp;p\u00e5 \u00e5&nbsp;forsvare seg selv i en uforsonlig verden dominert av&nbsp;hensynsl\u00f8se menn.<\/p>\n\n\n\n<p><em>Til verdens ende<\/em> er skrevet og regissert av Viggo Mortensen. I tillegg til \u00e5 spille den mannlige hovedrollen har han ogs\u00e5 produsert og komponert musikken. Den kvinnelige hovedrollen, Vivienne, spilles av den uforlignelige Vicky Krieps, bl.a. kjent fra <em>Phantom Thread<\/em> og <em>Corsage<\/em>.<\/p>\n\n\n\n<p><a href=\"https:\/\/cine.no\/2024\/06\/13\/til-verdens-ende-kjaerlighet-i-turbulente-tider\/#google_vignette\">Omtale<\/a><\/p>\n\n\n\n<p><a href=\"https:\/\/www.youtube.com\/watch?v=Xgv25Ni_jv0\">Trailer<\/a><\/p>\n\n\n\n<p><\/p>\n","protected":false},"excerpt":{"rendered":"<p>Canada m.fl. 2024 2 t 10 min Regi: Viggo Mortensen Med:Vicky Krieps, Viggo Mortensen Tale: Engelsk Tekst: Norsk Romantisk western, skrevet og regissert av Viggo Mortensen I det vestlige USA i 1860-\u00e5rene&nbsp;innleder&nbsp;den egenr\u00e5dige Vivienne (Vicky Krieps) et forhold til den danske immigranten Holger Olsen (Viggo Mortensen). De reiser sammen til hans beskjedne&nbsp;hjem p\u00e5 et lite [&hellip;]<\/p>\n","protected":false},"author":2,"featured_media":0,"parent":0,"menu_order":0,"comment_status":"closed","ping_status":"closed","template":"","meta":{"footnotes":""},"class_list":["post-2453","page","type-page","status-publish","hentry"],"_links":{"self":[{"href":"https:\/\/www.bodofilmklubb.no\/index.php\/wp-json\/wp\/v2\/pages\/2453","targetHints":{"allow":["GET"]}}],"collection":[{"href":"https:\/\/www.bodofilmklubb.no\/index.php\/wp-json\/wp\/v2\/pages"}],"about":[{"href":"https:\/\/www.bodofilmklubb.no\/index.php\/wp-json\/wp\/v2\/types\/page"}],"author":[{"embeddable":true,"href":"https:\/\/www.bodofilmklubb.no\/index.php\/wp-json\/wp\/v2\/users\/2"}],"replies":[{"embeddable":true,"href":"https:\/\/www.bodofilmklubb.no\/index.php\/wp-json\/wp\/v2\/comments?post=2453"}],"version-history":[{"count":1,"href":"https:\/\/www.bodofilmklubb.no\/index.php\/wp-json\/wp\/v2\/pages\/2453\/revisions"}],"predecessor-version":[{"id":2454,"href":"https:\/\/www.bodofilmklubb.no\/index.php\/wp-json\/wp\/v2\/pages\/2453\/revisions\/2454"}],"wp:attachment":[{"href":"https:\/\/www.bodofilmklubb.no\/index.php\/wp-json\/wp\/v2\/media?parent=2453"}],"curies":[{"name":"wp","href":"https:\/\/api.w.org\/{rel}","templated":true}]}}