{"id":248,"date":"2009-08-29T22:45:47","date_gmt":"2009-08-29T20:45:47","guid":{"rendered":"http:\/\/www.bodofilmklubb.no\/?page_id=248"},"modified":"2009-08-29T22:46:30","modified_gmt":"2009-08-29T20:46:30","slug":"filmquiz","status":"publish","type":"page","link":"https:\/\/www.bodofilmklubb.no\/index.php\/filmquiz\/","title":{"rendered":"Filmquiz"},"content":{"rendered":"<p>Sist h\u00f8st arrangerte vi filmklubbfest med filmquiz i anledning filmklubbjubileet &#8211; Dette var s\u00e5 g\u00f8y (synes vi selv) at vi vil gj\u00f8re det til en tradisjon. Derfor blir det i dag filmklubbfest med filmquiz p\u00e5 Kaf\u00e9 Kafka.<\/p>\n<p>Festen begynner kl. 18.00 etter l\u00f8rdagsfilmen. Alle kan v\u00e6re med, men vi h\u00e5per selvf\u00f8lgelig \u00e5 se mange av v\u00e5re medlemmer og venner der!<\/p>\n","protected":false},"excerpt":{"rendered":"<p>Sist h\u00f8st arrangerte vi filmklubbfest med filmquiz i anledning filmklubbjubileet &#8211; Dette var s\u00e5 g\u00f8y (synes vi selv) at vi vil gj\u00f8re det til en tradisjon. Derfor blir det i dag filmklubbfest med filmquiz p\u00e5 Kaf\u00e9 Kafka. Festen begynner kl. 18.00 etter l\u00f8rdagsfilmen. Alle kan v\u00e6re med, men vi h\u00e5per selvf\u00f8lgelig \u00e5 se mange av [&hellip;]<\/p>\n","protected":false},"author":2,"featured_media":0,"parent":0,"menu_order":0,"comment_status":"open","ping_status":"open","template":"","meta":{"footnotes":""},"class_list":["post-248","page","type-page","status-publish","hentry"],"_links":{"self":[{"href":"https:\/\/www.bodofilmklubb.no\/index.php\/wp-json\/wp\/v2\/pages\/248","targetHints":{"allow":["GET"]}}],"collection":[{"href":"https:\/\/www.bodofilmklubb.no\/index.php\/wp-json\/wp\/v2\/pages"}],"about":[{"href":"https:\/\/www.bodofilmklubb.no\/index.php\/wp-json\/wp\/v2\/types\/page"}],"author":[{"embeddable":true,"href":"https:\/\/www.bodofilmklubb.no\/index.php\/wp-json\/wp\/v2\/users\/2"}],"replies":[{"embeddable":true,"href":"https:\/\/www.bodofilmklubb.no\/index.php\/wp-json\/wp\/v2\/comments?post=248"}],"version-history":[{"count":3,"href":"https:\/\/www.bodofilmklubb.no\/index.php\/wp-json\/wp\/v2\/pages\/248\/revisions"}],"predecessor-version":[{"id":251,"href":"https:\/\/www.bodofilmklubb.no\/index.php\/wp-json\/wp\/v2\/pages\/248\/revisions\/251"}],"wp:attachment":[{"href":"https:\/\/www.bodofilmklubb.no\/index.php\/wp-json\/wp\/v2\/media?parent=248"}],"curies":[{"name":"wp","href":"https:\/\/api.w.org\/{rel}","templated":true}]}}