{"id":2498,"date":"2025-03-29T12:11:33","date_gmt":"2025-03-29T11:11:33","guid":{"rendered":"https:\/\/www.bodofilmklubb.no\/?page_id=2498"},"modified":"2025-03-29T12:14:56","modified_gmt":"2025-03-29T11:14:56","slug":"the-wrong-place","status":"publish","type":"page","link":"https:\/\/www.bodofilmklubb.no\/index.php\/the-wrong-place\/","title":{"rendered":"The Wrong Place"},"content":{"rendered":"\n<p>Originaltittel: Borgo<\/p>\n\n\n\n<p>Frankrike 2023<\/p>\n\n\n\n<p>1t 57min<\/p>\n\n\n\n<p>Regi: St\u00e9phane Demoustier<\/p>\n\n\n\n<p>Med: Hafsia Herzi, Moussa Mansaly, Florence Loiret-Caille<\/p>\n\n\n\n<p>Tale: Fransk&nbsp;&nbsp;&nbsp;&nbsp;&nbsp;<\/p>\n\n\n\n<p>Tekst: Engelsk<\/p>\n\n\n\n<p>Alder: 15 \u00e5r<\/p>\n\n\n\n<p><strong>Fengselsdrama p\u00e5 den franske \u00f8ya Korsika<\/strong><\/p>\n\n\n\n<p>Melissa er en 32 \u00e5r gammel, eksemplarisk og erfaren fengselsvakt, som flytter til den franske \u00f8ya Korsika sammen med mannen og sine to barn. Men under den varme sydensolen p\u00e5 skj\u00f8nnhets\u00f8ya, blir det ingen ferie p\u00e5 familien. Melissa starter i sin nye jobb i et korsikansk fengsel, og filmen foreg\u00e5r for det meste i det brutale fengslet. Her m\u00f8ter den innsatte Saveriu, som gir henne hjelp og beskyttelse, men etter l\u00f8slatelsen kontakter han Melissa og forventer hjelp tilbake. Denne thrilleren er b\u00e5de en fengselsfilm, en skildring av det korsikanske samfunnet og et portrett av en standhaftig kvinne, enest\u00e5ende spilt av Hafsia Herzi. <em>The Wrong Place<\/em> tar for seg moralsk gjeld, verdigheten, og \u00e6ren du finner mellom forbrytere.(Filmfestivalen i Haugesund)<br>Hafsia Herzi st\u00e5r forresten bak regien til <em>Bonne m\u00e8re<\/em>, som vi viste i 2023.<\/p>\n\n\n\n<p><a href=\"https:\/\/www.youtube.com\/watch?v=Z1xDK36TOWs\">Trailer<\/a><\/p>\n\n\n\n<p><strong>Denne visningen er st\u00f8ttet av Institut fran\u00e7ais.<\/strong><\/p>\n\n\n\n<p>Del av serien:<a href=\"https:\/\/www.bodofilmklubb.no\/index.php\/2023\/08\/film-i-biblioteket\/\"> Film i biblioteket<\/a><\/p>\n","protected":false},"excerpt":{"rendered":"<p>Originaltittel: Borgo Frankrike 2023 1t 57min Regi: St\u00e9phane Demoustier Med: Hafsia Herzi, Moussa Mansaly, Florence Loiret-Caille Tale: Fransk&nbsp;&nbsp;&nbsp;&nbsp;&nbsp; Tekst: Engelsk Alder: 15 \u00e5r Fengselsdrama p\u00e5 den franske \u00f8ya Korsika Melissa er en 32 \u00e5r gammel, eksemplarisk og erfaren fengselsvakt, som flytter til den franske \u00f8ya Korsika sammen med mannen og sine to barn. Men under [&hellip;]<\/p>\n","protected":false},"author":2,"featured_media":0,"parent":0,"menu_order":0,"comment_status":"closed","ping_status":"closed","template":"","meta":{"footnotes":""},"class_list":["post-2498","page","type-page","status-publish","hentry"],"_links":{"self":[{"href":"https:\/\/www.bodofilmklubb.no\/index.php\/wp-json\/wp\/v2\/pages\/2498","targetHints":{"allow":["GET"]}}],"collection":[{"href":"https:\/\/www.bodofilmklubb.no\/index.php\/wp-json\/wp\/v2\/pages"}],"about":[{"href":"https:\/\/www.bodofilmklubb.no\/index.php\/wp-json\/wp\/v2\/types\/page"}],"author":[{"embeddable":true,"href":"https:\/\/www.bodofilmklubb.no\/index.php\/wp-json\/wp\/v2\/users\/2"}],"replies":[{"embeddable":true,"href":"https:\/\/www.bodofilmklubb.no\/index.php\/wp-json\/wp\/v2\/comments?post=2498"}],"version-history":[{"count":2,"href":"https:\/\/www.bodofilmklubb.no\/index.php\/wp-json\/wp\/v2\/pages\/2498\/revisions"}],"predecessor-version":[{"id":2501,"href":"https:\/\/www.bodofilmklubb.no\/index.php\/wp-json\/wp\/v2\/pages\/2498\/revisions\/2501"}],"wp:attachment":[{"href":"https:\/\/www.bodofilmklubb.no\/index.php\/wp-json\/wp\/v2\/media?parent=2498"}],"curies":[{"name":"wp","href":"https:\/\/api.w.org\/{rel}","templated":true}]}}