{"id":2522,"date":"2025-09-13T15:00:48","date_gmt":"2025-09-13T13:00:48","guid":{"rendered":"https:\/\/www.bodofilmklubb.no\/?page_id=2522"},"modified":"2025-09-13T21:46:45","modified_gmt":"2025-09-13T19:46:45","slug":"goodfellas","status":"publish","type":"page","link":"https:\/\/www.bodofilmklubb.no\/index.php\/goodfellas\/","title":{"rendered":"Mafiabr\u00f8dre &#8211; Goodfellas"},"content":{"rendered":"\n<p>USA 1990<\/p>\n\n\n\n<p>2t 25min<\/p>\n\n\n\n<p>Regi: Martin Scorsese<\/p>\n\n\n\n<p>Med: Robert de Niro, Ray Liotta, Joe Pesci<\/p>\n\n\n\n<p>Tale: Engelsk<\/p>\n\n\n\n<p>Tekst: Ingen<\/p>\n\n\n\n<p><strong>Martin Scorseses beste film? <\/strong><strong>Se den p\u00e5 kino med oss!<\/strong><\/p>\n\n\n\n<p>Den irsk-sicilianske New York-gutten&nbsp;Henry Hill, spilt av Ray Liotta,&nbsp;starter 14 \u00e5r gammel&nbsp;som&nbsp;l\u00f8pegutt for lokale gangstere. Gjennom flere ti\u00e5r klatrer&nbsp;Henry og kompisene,&nbsp;den paranoide Jimmy Conway (Robert De Niro) og den psykotiske Tommy De Vito (Joe Pesci), i mafiahierarkiet, men b\u00e5ndene dem imellom svekkes og Henry tvinges til \u00e5 ta&nbsp;et oppgj\u00f8r med b\u00e5de kamerater og&nbsp;illegale aktiviteter.&nbsp;<\/p>\n\n\n\n<p><em>Goodfellas<\/em>&nbsp;g\u00e5r bort fra mafiaromantiseringen som for eksempel&nbsp;<em>Gudfaren<\/em>-trilogien gjorde seg skyldig i. Her gjemmer ingen sine ugjerninger bak forestillinger om \u00e6re og familie eller nostalgiske mandoliner. Motivasjonen er makt og penger, og grove forbrytelser som ran og mord, og etter hvert&nbsp;narkotikahandel,&nbsp;utf\u00f8res uten unnskyldninger. Skildringen av den blodige forbryterkulturen er basert p\u00e5 journalisten Nicholas Pileggis&nbsp;bok&nbsp;<em>Wiseguy<\/em>, som bygger p\u00e5&nbsp;livet til den&nbsp;virkelige Henry Hill.&nbsp;<\/p>\n\n\n\n<p>Tross den \u00e6rlige tiln\u00e6rmingen til temaet er&nbsp;<em>Goodfellas<\/em>&nbsp;underholdende og morsom, med kjappe replikker og utstrakt bruk av musikk fra ti\u00e5rene filmen foreg\u00e5r i. Verdt \u00e5 merke seg er at&nbsp;Scorsese hentet inspirasjon fra mange sjangere og perioder i filmhistorien. For eksempel er&nbsp;Tommy De Vitos skudd mot kamera p\u00e5 slutten av filmen en direkte referanse til&nbsp;<em>The Great Train Robbery<\/em>, og nouvelle vague-filmene, spesielt Truffauts&nbsp;<em>Jules et Jim<\/em>, p\u00e5virket b\u00e5de Thelma Schoonmakers klipp og bruken av fortellerstemme.&nbsp;<\/p>\n\n\n\n<p><em>Goodfellas<\/em>&nbsp;er blitt rangert som Scorseses beste film, verdens beste mafiafilm, beste film fra 90-tallet og en rekke andre listetopp-plasseringer, og det er en film fansen gjerne ser igjen og igjen. N\u00e5 viser vi den i en nyrestaurert 4K-utgave.&nbsp;<\/p>\n\n\n\n<p>(Cinemateket)<\/p>\n\n\n\n<p><a href=\"https:\/\/www.youtube.com\/watch?v=2ilzidi_J8Q\">Trailer<\/a><\/p>\n\n\n\n<p><\/p>\n","protected":false},"excerpt":{"rendered":"<p>USA 1990 2t 25min Regi: Martin Scorsese Med: Robert de Niro, Ray Liotta, Joe Pesci Tale: Engelsk Tekst: Ingen Martin Scorseses beste film? Se den p\u00e5 kino med oss! Den irsk-sicilianske New York-gutten&nbsp;Henry Hill, spilt av Ray Liotta,&nbsp;starter 14 \u00e5r gammel&nbsp;som&nbsp;l\u00f8pegutt for lokale gangstere. Gjennom flere ti\u00e5r klatrer&nbsp;Henry og kompisene,&nbsp;den paranoide Jimmy Conway (Robert De [&hellip;]<\/p>\n","protected":false},"author":2,"featured_media":0,"parent":0,"menu_order":0,"comment_status":"closed","ping_status":"closed","template":"","meta":{"footnotes":""},"class_list":["post-2522","page","type-page","status-publish","hentry"],"_links":{"self":[{"href":"https:\/\/www.bodofilmklubb.no\/index.php\/wp-json\/wp\/v2\/pages\/2522","targetHints":{"allow":["GET"]}}],"collection":[{"href":"https:\/\/www.bodofilmklubb.no\/index.php\/wp-json\/wp\/v2\/pages"}],"about":[{"href":"https:\/\/www.bodofilmklubb.no\/index.php\/wp-json\/wp\/v2\/types\/page"}],"author":[{"embeddable":true,"href":"https:\/\/www.bodofilmklubb.no\/index.php\/wp-json\/wp\/v2\/users\/2"}],"replies":[{"embeddable":true,"href":"https:\/\/www.bodofilmklubb.no\/index.php\/wp-json\/wp\/v2\/comments?post=2522"}],"version-history":[{"count":2,"href":"https:\/\/www.bodofilmklubb.no\/index.php\/wp-json\/wp\/v2\/pages\/2522\/revisions"}],"predecessor-version":[{"id":2554,"href":"https:\/\/www.bodofilmklubb.no\/index.php\/wp-json\/wp\/v2\/pages\/2522\/revisions\/2554"}],"wp:attachment":[{"href":"https:\/\/www.bodofilmklubb.no\/index.php\/wp-json\/wp\/v2\/media?parent=2522"}],"curies":[{"name":"wp","href":"https:\/\/api.w.org\/{rel}","templated":true}]}}