{"id":2525,"date":"2025-09-13T15:10:01","date_gmt":"2025-09-13T13:10:01","guid":{"rendered":"https:\/\/www.bodofilmklubb.no\/?page_id=2525"},"modified":"2025-09-13T21:49:04","modified_gmt":"2025-09-13T19:49:04","slug":"den-fabelaktige-amelie-fra-montmartre","status":"publish","type":"page","link":"https:\/\/www.bodofilmklubb.no\/index.php\/den-fabelaktige-amelie-fra-montmartre\/","title":{"rendered":"Den fabelaktige Am\u00e9lie fra Montmartre"},"content":{"rendered":"\n<p>Frankrike 2001<\/p>\n\n\n\n<p>2t 2min<\/p>\n\n\n\n<p>Regi: Jean-Pierre Jeunet<\/p>\n\n\n\n<p>Med: Audrey Tautou, Mathieu Kassovitz<\/p>\n\n\n\n<p>Tale: Fransk<\/p>\n\n\n\n<p>Tekst: Norsk<\/p>\n\n\n\n<p><strong>Den ultimate \u00abfeel-good\u00bb filmen som er s\u00e5 mye mer enn det<\/strong><\/p>\n\n\n\n<p>Barndommen til Am\u00e9lie var preget av eksentriske voksne, hjemmeskole, morens tragiske d\u00f8d og mangel p\u00e5 lekekamerater. Men fantasien var det ingenting \u00e5 si p\u00e5, og ensomheten ga n\u00e6ring til mange fikse id\u00e9er. N\u00e5r vi m\u00f8ter henne jobber hun som servit\u00f8r p\u00e5 en kaf\u00e9 i Montmartre. En dag finner hun et skrin som har tilh\u00f8rt en gutt som bodde i leiligheten hennes tidligere. Am\u00e9lie bestemmer seg for \u00e5 finne ut hvem denne gutten var, og dersom handlingen hennes gj\u00f8r ham lykkelig, skal hun fortsette \u00e5 gj\u00f8re gode gjerninger for andre.<\/p>\n\n\n\n<p><em>Den fabelaktige Am\u00e9lie fra Montmartre<\/em>&nbsp;ble b\u00e5de en kritiker- og publikumssuksess verden over og Audrey Tautous gjennombruddsfilm. Man kan kjenne igjen lekenheten, absurditeten og detaljrikdommen fra regiss\u00f8r Jean-Pierre Jeunets andre filmer, som&nbsp;<em>Delikatessen&nbsp;<\/em>og&nbsp;<em>De fortapte barns by<\/em>, men&nbsp;<em>Den fabelaktige Am\u00e9lie fra Montmartre&nbsp;<\/em>er adskillig lysere og har et mer romantisk syn p\u00e5 livet.<\/p>\n\n\n\n<p>(Cinemateket)<\/p>\n\n\n\n<p><a href=\"https:\/\/www.youtube.com\/watch?v=5Mjxr1uS_94\">Trailer<\/a><\/p>\n","protected":false},"excerpt":{"rendered":"<p>Frankrike 2001 2t 2min Regi: Jean-Pierre Jeunet Med: Audrey Tautou, Mathieu Kassovitz Tale: Fransk Tekst: Norsk Den ultimate \u00abfeel-good\u00bb filmen som er s\u00e5 mye mer enn det Barndommen til Am\u00e9lie var preget av eksentriske voksne, hjemmeskole, morens tragiske d\u00f8d og mangel p\u00e5 lekekamerater. Men fantasien var det ingenting \u00e5 si p\u00e5, og ensomheten ga n\u00e6ring [&hellip;]<\/p>\n","protected":false},"author":2,"featured_media":0,"parent":0,"menu_order":0,"comment_status":"closed","ping_status":"closed","template":"","meta":{"footnotes":""},"class_list":["post-2525","page","type-page","status-publish","hentry"],"_links":{"self":[{"href":"https:\/\/www.bodofilmklubb.no\/index.php\/wp-json\/wp\/v2\/pages\/2525","targetHints":{"allow":["GET"]}}],"collection":[{"href":"https:\/\/www.bodofilmklubb.no\/index.php\/wp-json\/wp\/v2\/pages"}],"about":[{"href":"https:\/\/www.bodofilmklubb.no\/index.php\/wp-json\/wp\/v2\/types\/page"}],"author":[{"embeddable":true,"href":"https:\/\/www.bodofilmklubb.no\/index.php\/wp-json\/wp\/v2\/users\/2"}],"replies":[{"embeddable":true,"href":"https:\/\/www.bodofilmklubb.no\/index.php\/wp-json\/wp\/v2\/comments?post=2525"}],"version-history":[{"count":2,"href":"https:\/\/www.bodofilmklubb.no\/index.php\/wp-json\/wp\/v2\/pages\/2525\/revisions"}],"predecessor-version":[{"id":2555,"href":"https:\/\/www.bodofilmklubb.no\/index.php\/wp-json\/wp\/v2\/pages\/2525\/revisions\/2555"}],"wp:attachment":[{"href":"https:\/\/www.bodofilmklubb.no\/index.php\/wp-json\/wp\/v2\/media?parent=2525"}],"curies":[{"name":"wp","href":"https:\/\/api.w.org\/{rel}","templated":true}]}}