{"id":2528,"date":"2025-09-13T15:16:19","date_gmt":"2025-09-13T13:16:19","guid":{"rendered":"https:\/\/www.bodofilmklubb.no\/?page_id=2528"},"modified":"2025-09-16T18:03:54","modified_gmt":"2025-09-16T16:03:54","slug":"the-getaway","status":"publish","type":"page","link":"https:\/\/www.bodofilmklubb.no\/index.php\/the-getaway\/","title":{"rendered":"The Getaway"},"content":{"rendered":"\n<p><\/p>\n\n\n\n<p>USA 1972<\/p>\n\n\n\n<p>2t 2min<\/p>\n\n\n\n<p>Regi: Sam Peckinpah<\/p>\n\n\n\n<p>Med: Steve McQueen, Ali MacGraw, Al Lettieri, Ben Johnson<\/p>\n\n\n\n<p>Tale: Engelsk<\/p>\n\n\n\n<p>Tekst: Ingen<\/p>\n\n\n\n<p><strong>Stilpregende hardkokt krim med Steve McQueen<\/strong><\/p>\n\n\n\n<p>Kombinasjonen Sam Peckinpah (regi), Walter Hill (manus), Steve McQueen og Jim Thompson (forfatteren av boka) skulle borge for et hardkokt krimdrama med mange uventede vendinger, og\u00a0<em>The Getaway<\/em>\u00a0er ikke langt unna \u00e5 leve opp til alle forventningene.\u00a0<\/p>\n\n\n\n<p>Steve McQueen er bankraneren som gj\u00f8r en avtale med den innflytelsesrike politikeren Banyon. Mot at Banyon f\u00e5r ham ut av fengsel, skal han rane en&nbsp;spesiell bank og utbyttet deles. Banyon insisterer p\u00e5 at noen av hans menn skal v\u00e6re med p\u00e5 ranet og naturligvis har disse sine egne planer. Dette er opptakten til en brutal jakt p\u00e5 McQueen, som raser mot den meksikanske grensa med b\u00e5de politiet og illsinte banditter i h\u00e6lene.<\/p>\n\n\n\n<p>(Cinemateket)<\/p>\n\n\n\n<p><a href=\"https:\/\/www.youtube.com\/watch?v=wMXIG8o0ef0\">Trailer<\/a><\/p>\n","protected":false},"excerpt":{"rendered":"<p>USA 1972 2t 2min Regi: Sam Peckinpah Med: Steve McQueen, Ali MacGraw, Al Lettieri, Ben Johnson Tale: Engelsk Tekst: Ingen Stilpregende hardkokt krim med Steve McQueen Kombinasjonen Sam Peckinpah (regi), Walter Hill (manus), Steve McQueen og Jim Thompson (forfatteren av boka) skulle borge for et hardkokt krimdrama med mange uventede vendinger, og\u00a0The Getaway\u00a0er ikke langt [&hellip;]<\/p>\n","protected":false},"author":2,"featured_media":0,"parent":0,"menu_order":0,"comment_status":"closed","ping_status":"closed","template":"","meta":{"footnotes":""},"class_list":["post-2528","page","type-page","status-publish","hentry"],"_links":{"self":[{"href":"https:\/\/www.bodofilmklubb.no\/index.php\/wp-json\/wp\/v2\/pages\/2528","targetHints":{"allow":["GET"]}}],"collection":[{"href":"https:\/\/www.bodofilmklubb.no\/index.php\/wp-json\/wp\/v2\/pages"}],"about":[{"href":"https:\/\/www.bodofilmklubb.no\/index.php\/wp-json\/wp\/v2\/types\/page"}],"author":[{"embeddable":true,"href":"https:\/\/www.bodofilmklubb.no\/index.php\/wp-json\/wp\/v2\/users\/2"}],"replies":[{"embeddable":true,"href":"https:\/\/www.bodofilmklubb.no\/index.php\/wp-json\/wp\/v2\/comments?post=2528"}],"version-history":[{"count":3,"href":"https:\/\/www.bodofilmklubb.no\/index.php\/wp-json\/wp\/v2\/pages\/2528\/revisions"}],"predecessor-version":[{"id":2570,"href":"https:\/\/www.bodofilmklubb.no\/index.php\/wp-json\/wp\/v2\/pages\/2528\/revisions\/2570"}],"wp:attachment":[{"href":"https:\/\/www.bodofilmklubb.no\/index.php\/wp-json\/wp\/v2\/media?parent=2528"}],"curies":[{"name":"wp","href":"https:\/\/api.w.org\/{rel}","templated":true}]}}