{"id":2531,"date":"2025-09-13T15:20:56","date_gmt":"2025-09-13T13:20:56","guid":{"rendered":"https:\/\/www.bodofilmklubb.no\/?page_id=2531"},"modified":"2025-09-13T15:20:56","modified_gmt":"2025-09-13T13:20:56","slug":"sunset-boulevard","status":"publish","type":"page","link":"https:\/\/www.bodofilmklubb.no\/index.php\/sunset-boulevard\/","title":{"rendered":"Sunset Boulevard"},"content":{"rendered":"\n<p>USA 1950<\/p>\n\n\n\n<p>1t 50min<\/p>\n\n\n\n<p>Regi: Billy Wilder<\/p>\n\n\n\n<p>Med: Gloria Swanson, William Holden, Erich von Stroheim<\/p>\n\n\n\n<p>Tale: Engelsk<\/p>\n\n\n\n<p>Tekst: Ingen<\/p>\n\n\n\n<p><strong>Billy Wilders svanesang over Hollywood<\/strong><\/p>\n\n\n\n<p>Dette er Billy Wilders mesterverk, og filmen David Lynch en gang hevdet \u00e5 kunne se ukentlig uten noensinne \u00e5 g\u00e5 lei. Den aldrende stumfilmstjernen Norma Desmond har ikke overlevd overgangen til lydfilm, og lever n\u00e5 tilbaketrukket i sin m\u00f8rke villa i Beverly Hills. Hun er bitter p\u00e5 Hollywood, men lever p\u00e5 dr\u00f8mmen om et grandiost comeback. Joe Gillis, en mislykket forfatter i beit for penger, tar p\u00e5 seg \u00e5 skrive et manus som skal gj\u00f8re henne til stjerne igjen. Han flytter inn i villaen hennes og oppdager at hele hennes verden er bygd p\u00e5 l\u00f8gn og bedrag.<\/p>\n\n\n\n<p>En m\u00f8rk, klaustrofobisk og fascinerende metafilm med en fantastisk Gloria Swanson i hovedrollen som den fallerte stumfilmdivaen. Erich von Stroheim spiller hennes tro tjener, og Buster Keaton kan ogs\u00e5 skimtes av den observante tilskuer.<\/p>\n\n\n\n<p>(Cinemateket)<\/p>\n\n\n\n<p><a href=\"https:\/\/www.youtube.com\/watch?v=ZQWqIA1-kvA\">Trailer<\/a><\/p>\n","protected":false},"excerpt":{"rendered":"<p>USA 1950 1t 50min Regi: Billy Wilder Med: Gloria Swanson, William Holden, Erich von Stroheim Tale: Engelsk Tekst: Ingen Billy Wilders svanesang over Hollywood Dette er Billy Wilders mesterverk, og filmen David Lynch en gang hevdet \u00e5 kunne se ukentlig uten noensinne \u00e5 g\u00e5 lei. Den aldrende stumfilmstjernen Norma Desmond har ikke overlevd overgangen til [&hellip;]<\/p>\n","protected":false},"author":2,"featured_media":0,"parent":0,"menu_order":0,"comment_status":"closed","ping_status":"closed","template":"","meta":{"footnotes":""},"class_list":["post-2531","page","type-page","status-publish","hentry"],"_links":{"self":[{"href":"https:\/\/www.bodofilmklubb.no\/index.php\/wp-json\/wp\/v2\/pages\/2531","targetHints":{"allow":["GET"]}}],"collection":[{"href":"https:\/\/www.bodofilmklubb.no\/index.php\/wp-json\/wp\/v2\/pages"}],"about":[{"href":"https:\/\/www.bodofilmklubb.no\/index.php\/wp-json\/wp\/v2\/types\/page"}],"author":[{"embeddable":true,"href":"https:\/\/www.bodofilmklubb.no\/index.php\/wp-json\/wp\/v2\/users\/2"}],"replies":[{"embeddable":true,"href":"https:\/\/www.bodofilmklubb.no\/index.php\/wp-json\/wp\/v2\/comments?post=2531"}],"version-history":[{"count":1,"href":"https:\/\/www.bodofilmklubb.no\/index.php\/wp-json\/wp\/v2\/pages\/2531\/revisions"}],"predecessor-version":[{"id":2532,"href":"https:\/\/www.bodofilmklubb.no\/index.php\/wp-json\/wp\/v2\/pages\/2531\/revisions\/2532"}],"wp:attachment":[{"href":"https:\/\/www.bodofilmklubb.no\/index.php\/wp-json\/wp\/v2\/media?parent=2531"}],"curies":[{"name":"wp","href":"https:\/\/api.w.org\/{rel}","templated":true}]}}