{"id":2534,"date":"2025-09-13T15:35:57","date_gmt":"2025-09-13T13:35:57","guid":{"rendered":"https:\/\/www.bodofilmklubb.no\/?page_id=2534"},"modified":"2025-09-16T18:05:15","modified_gmt":"2025-09-16T16:05:15","slug":"time-masters","status":"publish","type":"page","link":"https:\/\/www.bodofilmklubb.no\/index.php\/time-masters\/","title":{"rendered":"Time Masters"},"content":{"rendered":"\n<p>Originaltittel: Les Ma\u00eetres du temps<\/p>\n\n\n\n<p>Frankrike 1982<\/p>\n\n\n\n<p>1t 20min<\/p>\n\n\n\n<p>Regi: Ren\u00e9 Laloux<\/p>\n\n\n\n<p>Design: Moebius<\/p>\n\n\n\n<p>Tale: Fransk<\/p>\n\n\n\n<p>Tekst: Engelsk<\/p>\n\n\n\n<p><strong>Fransk animasjonsmesterverk signert Moebius og Ren\u00e9 Laloux<\/strong><\/p>\n\n\n\n<p>Dette er hypnotisk og filosofisk sci-fi-animasjon fra Frankrike, med en visuell stil signert den legendariske tegneserieskaperen M\u0153bius (Jean Giraud).<\/p>\n\n\n\n<p>Den unge gutten Piel er strandet p\u00e5 den farlige \u00f8rkenplaneten Perdide, mens en gruppe eksentriske romfarere legger ut p\u00e5 en desperat redningsferd gjennom galaksen. Underveis m\u00f8ter de telepatiske vesener, forr\u00e6deri og tidens mysterier.<\/p>\n\n\n\n<p>Et visuelt mesterverk og en tankevekkende reise om vennskap, skjebne og tidens g\u00e5tefulle kraft.<\/p>\n\n\n\n<p>Enten du er opptatt av animasjonsfilm, sci-fi eller har glede av \u00e5 oppdage filmskatter fra 1980-tallet \u2013 dette er filmen for deg.<\/p>\n\n\n\n<p>Visningen er i samarbeid med Institut fran\u00e7ais<\/p>\n\n\n\n<p><a href=\"https:\/\/www.youtube.com\/watch?v=D4f4tprXSiA\">Trailer<\/a><\/p>\n\n\n\n<p><\/p>\n","protected":false},"excerpt":{"rendered":"<p>Originaltittel: Les Ma\u00eetres du temps Frankrike 1982 1t 20min Regi: Ren\u00e9 Laloux Design: Moebius Tale: Fransk Tekst: Engelsk Fransk animasjonsmesterverk signert Moebius og Ren\u00e9 Laloux Dette er hypnotisk og filosofisk sci-fi-animasjon fra Frankrike, med en visuell stil signert den legendariske tegneserieskaperen M\u0153bius (Jean Giraud). Den unge gutten Piel er strandet p\u00e5 den farlige \u00f8rkenplaneten Perdide, [&hellip;]<\/p>\n","protected":false},"author":2,"featured_media":0,"parent":0,"menu_order":0,"comment_status":"closed","ping_status":"closed","template":"","meta":{"footnotes":""},"class_list":["post-2534","page","type-page","status-publish","hentry"],"_links":{"self":[{"href":"https:\/\/www.bodofilmklubb.no\/index.php\/wp-json\/wp\/v2\/pages\/2534","targetHints":{"allow":["GET"]}}],"collection":[{"href":"https:\/\/www.bodofilmklubb.no\/index.php\/wp-json\/wp\/v2\/pages"}],"about":[{"href":"https:\/\/www.bodofilmklubb.no\/index.php\/wp-json\/wp\/v2\/types\/page"}],"author":[{"embeddable":true,"href":"https:\/\/www.bodofilmklubb.no\/index.php\/wp-json\/wp\/v2\/users\/2"}],"replies":[{"embeddable":true,"href":"https:\/\/www.bodofilmklubb.no\/index.php\/wp-json\/wp\/v2\/comments?post=2534"}],"version-history":[{"count":3,"href":"https:\/\/www.bodofilmklubb.no\/index.php\/wp-json\/wp\/v2\/pages\/2534\/revisions"}],"predecessor-version":[{"id":2571,"href":"https:\/\/www.bodofilmklubb.no\/index.php\/wp-json\/wp\/v2\/pages\/2534\/revisions\/2571"}],"wp:attachment":[{"href":"https:\/\/www.bodofilmklubb.no\/index.php\/wp-json\/wp\/v2\/media?parent=2534"}],"curies":[{"name":"wp","href":"https:\/\/api.w.org\/{rel}","templated":true}]}}