{"id":2538,"date":"2025-09-13T15:43:09","date_gmt":"2025-09-13T13:43:09","guid":{"rendered":"https:\/\/www.bodofilmklubb.no\/?page_id=2538"},"modified":"2025-09-13T15:43:09","modified_gmt":"2025-09-13T13:43:09","slug":"fish-tank","status":"publish","type":"page","link":"https:\/\/www.bodofilmklubb.no\/index.php\/fish-tank\/","title":{"rendered":"Fish Tank"},"content":{"rendered":"\n<p>Storbritannia 2009<\/p>\n\n\n\n<p>2t 3min<\/p>\n\n\n\n<p>Regi: Andrea Arnold<\/p>\n\n\n\n<p>Med: Katie Jarvis, Michael Fassbender<\/p>\n\n\n\n<p>Tale: Engelsk<\/p>\n\n\n\n<p>Tekst: Norsk<\/p>\n\n\n\n<p><strong>Hjerteskj\u00e6rende&nbsp;oppvekstskildring<\/strong><\/p>\n\n\n\n<p>Mias tilv\u00e6relse er preget av hennes d\u00e5rlige forhold til moren, utsikter til spesialskole og den fundamentale frihetsf\u00f8lelsen som det \u00e5 danse gir henne. En dag dukker en mann opp hjemme hos Mia; han er morens nye elsker. Her er en voksenperson som tilsynelatende tar Mia p\u00e5 alvor, som ser henne. Da Mia kommer over en annonse om en dansejobb, sier han at hun kan f\u00e5 l\u00e5ne kameraet hans.&nbsp;<\/p>\n\n\n\n<p>Andrea Arnold lot aldri skuespillerne f\u00e5 lese hele manus, og filmen ble spilt inn kronologisk for \u00e5 sikre at skuespillerprestasjonene ble s\u00e5 rene som overhodet mulig. Resultatet er en intim, intens, tidvis sjokkerende og vond historie, som ogs\u00e5 er fylt av vakre \u00f8yeblikk, overraskende vendinger og glimt av h\u00e5p.&nbsp;<\/p>\n\n\n\n<p>Andra Arnold sin nyeste film <em>Bird<\/em> var et av h\u00f8ydepunktene i \u00e5rets v\u00e5rprogram. <em>Fish Tank<\/em> regnes av mange som hennes beste film.<\/p>\n\n\n\n<p>(Cinemateket)<\/p>\n\n\n\n<p><a href=\"https:\/\/www.youtube.com\/watch?v=xf5VOvB5MHA\">Trailer<\/a><\/p>\n","protected":false},"excerpt":{"rendered":"<p>Storbritannia 2009 2t 3min Regi: Andrea Arnold Med: Katie Jarvis, Michael Fassbender Tale: Engelsk Tekst: Norsk Hjerteskj\u00e6rende&nbsp;oppvekstskildring Mias tilv\u00e6relse er preget av hennes d\u00e5rlige forhold til moren, utsikter til spesialskole og den fundamentale frihetsf\u00f8lelsen som det \u00e5 danse gir henne. En dag dukker en mann opp hjemme hos Mia; han er morens nye elsker. Her [&hellip;]<\/p>\n","protected":false},"author":2,"featured_media":0,"parent":0,"menu_order":0,"comment_status":"closed","ping_status":"closed","template":"","meta":{"footnotes":""},"class_list":["post-2538","page","type-page","status-publish","hentry"],"_links":{"self":[{"href":"https:\/\/www.bodofilmklubb.no\/index.php\/wp-json\/wp\/v2\/pages\/2538","targetHints":{"allow":["GET"]}}],"collection":[{"href":"https:\/\/www.bodofilmklubb.no\/index.php\/wp-json\/wp\/v2\/pages"}],"about":[{"href":"https:\/\/www.bodofilmklubb.no\/index.php\/wp-json\/wp\/v2\/types\/page"}],"author":[{"embeddable":true,"href":"https:\/\/www.bodofilmklubb.no\/index.php\/wp-json\/wp\/v2\/users\/2"}],"replies":[{"embeddable":true,"href":"https:\/\/www.bodofilmklubb.no\/index.php\/wp-json\/wp\/v2\/comments?post=2538"}],"version-history":[{"count":1,"href":"https:\/\/www.bodofilmklubb.no\/index.php\/wp-json\/wp\/v2\/pages\/2538\/revisions"}],"predecessor-version":[{"id":2539,"href":"https:\/\/www.bodofilmklubb.no\/index.php\/wp-json\/wp\/v2\/pages\/2538\/revisions\/2539"}],"wp:attachment":[{"href":"https:\/\/www.bodofilmklubb.no\/index.php\/wp-json\/wp\/v2\/media?parent=2538"}],"curies":[{"name":"wp","href":"https:\/\/api.w.org\/{rel}","templated":true}]}}