{"id":2542,"date":"2025-09-13T15:51:53","date_gmt":"2025-09-13T13:51:53","guid":{"rendered":"https:\/\/www.bodofilmklubb.no\/?page_id=2542"},"modified":"2025-09-16T18:06:46","modified_gmt":"2025-09-16T16:06:46","slug":"haisommer","status":"publish","type":"page","link":"https:\/\/www.bodofilmklubb.no\/index.php\/haisommer\/","title":{"rendered":"Haisommer"},"content":{"rendered":"\n<p>Originaltittel: Jaws<\/p>\n\n\n\n<p>USA 1975<\/p>\n\n\n\n<p>2t 4min<\/p>\n\n\n\n<p>Regi: Steven Spielberg<\/p>\n\n\n\n<p>Med: Roy Scheider, Robert Shaw, Richard Dreyfuss<\/p>\n\n\n\n<p>Tale: Engelsk<\/p>\n\n\n\n<p>Tekst: Ingen<\/p>\n\n\n\n<p><strong>Steven Spielbergs klassiker fyller 50 \u00e5r \u2013 Opplev den p\u00e5 kino!<\/strong><\/p>\n\n\n\n<p>P\u00e5 en idyllisk badestrand i h\u00f8ysesongen angriper og dreper en hai flere av de badende. Tre menn legger ut i b\u00e5t for \u00e5 jakte p\u00e5 og uskadeliggj\u00f8re den morderiske haien. P\u00e5 land kjempes det for \u00e5 bevare idyllen, og dekke over at det popul\u00e6re feriestedet er hjems\u00f8kt av en menneskeetende hai.<\/p>\n\n\n\n<p>Suksessen\u00a0<em>Haisommer<\/em>\u00a0skremte kinogjengere bort fra badestrendene, dyttet den unge Steven Spielberg inn p\u00e5 regiss\u00f8renes A-liste, og forandret Hollywoods syn p\u00e5 hvordan filmer skulle lanseres. Det er den perfekte skrekkfilm og den f\u00f8rste blockbusteren. Filmen er myteomspunnet og et av en h\u00e5ndfull eksempler p\u00e5 den perfekte Hollywood-filmen.<\/p>\n\n\n\n<p><a href=\"https:\/\/www.youtube.com\/watch?v=N9hzLQUGr34\">Trailer<\/a><\/p>\n\n\n\n<p><\/p>\n","protected":false},"excerpt":{"rendered":"<p>Originaltittel: Jaws USA 1975 2t 4min Regi: Steven Spielberg Med: Roy Scheider, Robert Shaw, Richard Dreyfuss Tale: Engelsk Tekst: Ingen Steven Spielbergs klassiker fyller 50 \u00e5r \u2013 Opplev den p\u00e5 kino! P\u00e5 en idyllisk badestrand i h\u00f8ysesongen angriper og dreper en hai flere av de badende. Tre menn legger ut i b\u00e5t for \u00e5 jakte [&hellip;]<\/p>\n","protected":false},"author":2,"featured_media":0,"parent":0,"menu_order":0,"comment_status":"closed","ping_status":"closed","template":"","meta":{"footnotes":""},"class_list":["post-2542","page","type-page","status-publish","hentry"],"_links":{"self":[{"href":"https:\/\/www.bodofilmklubb.no\/index.php\/wp-json\/wp\/v2\/pages\/2542","targetHints":{"allow":["GET"]}}],"collection":[{"href":"https:\/\/www.bodofilmklubb.no\/index.php\/wp-json\/wp\/v2\/pages"}],"about":[{"href":"https:\/\/www.bodofilmklubb.no\/index.php\/wp-json\/wp\/v2\/types\/page"}],"author":[{"embeddable":true,"href":"https:\/\/www.bodofilmklubb.no\/index.php\/wp-json\/wp\/v2\/users\/2"}],"replies":[{"embeddable":true,"href":"https:\/\/www.bodofilmklubb.no\/index.php\/wp-json\/wp\/v2\/comments?post=2542"}],"version-history":[{"count":5,"href":"https:\/\/www.bodofilmklubb.no\/index.php\/wp-json\/wp\/v2\/pages\/2542\/revisions"}],"predecessor-version":[{"id":2572,"href":"https:\/\/www.bodofilmklubb.no\/index.php\/wp-json\/wp\/v2\/pages\/2542\/revisions\/2572"}],"wp:attachment":[{"href":"https:\/\/www.bodofilmklubb.no\/index.php\/wp-json\/wp\/v2\/media?parent=2542"}],"curies":[{"name":"wp","href":"https:\/\/api.w.org\/{rel}","templated":true}]}}