{"id":2546,"date":"2025-09-13T15:56:35","date_gmt":"2025-09-13T13:56:35","guid":{"rendered":"https:\/\/www.bodofilmklubb.no\/?page_id=2546"},"modified":"2025-09-16T18:07:55","modified_gmt":"2025-09-16T16:07:55","slug":"soundtrack-to-a-coup-detat","status":"publish","type":"page","link":"https:\/\/www.bodofilmklubb.no\/index.php\/soundtrack-to-a-coup-detat\/","title":{"rendered":"Soundtrack to a Coup d&#8217;Etat"},"content":{"rendered":"\n<p>Belgia, Nederland, Frankrike 2024<\/p>\n\n\n\n<p>2t 30min<\/p>\n\n\n\n<p>Regi: Johan Grimonprez<\/p>\n\n\n\n<p>Med: Louis Armstrong, Miles Davis, Fidel Castro, Nina Simone, Malcom X<\/p>\n\n\n\n<p>Tale: Engelsk<\/p>\n\n\n\n<p>Tekst: Norsk<\/p>\n\n\n\n<p><strong>N\u00e5r musikk blir brukt som&nbsp;v\u00e5pen.<\/strong><strong><\/strong><\/p>\n\n\n\n<p>Denne banebrytende filmen smelter sammen Kongos kamp for uavhengighet og USAs mest ukonvensjonelle v\u00e5pen i den kalde krigen: Jazz.<\/p>\n\n\n\n<p>I Soundtrack to a Coup d\u2019Etat n\u00f8ster regiss\u00f8r Johan Grimonprez opp i hva som skjedde under avkoloniseringen av Kongo \u2013 til lyden av jazz.<\/p>\n\n\n\n<p>Han skisserer den historiske konteksten, debatten i FNs hovedkvarter i New York og i Kongo, midt i den kalde krigen, f\u00f8r han zoomer inn p\u00e5 hendelsene som f\u00f8rte til det tragiske mordet, regissert av CIA, p\u00e5 Kongos f\u00f8rste demokratisk valgte leder, Patrice Lumumba, i 1961.<\/p>\n\n\n\n<p>Belgiske og amerikanske myndigheters brutale intervenering i landet, i frykten for \u00e5 miste kontroll over kongolesisk uran og andre metaller, f\u00f8rte til en lang tragedie i Kongo som vi fortsatt ser virkningen av i dag. Den eksplosive og deprimerende miksen av kolonialisme, kapitalisme og rasisme i samspill med musikk fra samtiden gj\u00f8r Soundtrack to a Coup d&#8217;Etat til en helt eksepsjonell film.<\/p>\n\n\n\n<p>Filmen er fantastisk godt satt sammen av et enormt materiale av arkivklipp fra Kongo, New York, samtaler i FN og Belgia, og har et driv som gj\u00f8r at to og en halv time suser forbi.<\/p>\n\n\n\n<p>Soundtrack to a Coup d\u2019Etat var Oscar-nominert i 2025, og har vunnet en rekke priser verden over. Blant disse er Special Jury Award for Cinematic Innovation for internasjonal dokumentarfilm p\u00e5 Sundance Film Festival, Beste dokumentar p\u00e5 Movies that Matter og International Documentary Associations pris for beste manus og redigering.<\/p>\n\n\n\n<p><a href=\"https:\/\/www.youtube.com\/watch?v=_RwLdIiZk_8\">Trailer<\/a><\/p>\n\n\n\n<p><\/p>\n","protected":false},"excerpt":{"rendered":"<p>Belgia, Nederland, Frankrike 2024 2t 30min Regi: Johan Grimonprez Med: Louis Armstrong, Miles Davis, Fidel Castro, Nina Simone, Malcom X Tale: Engelsk Tekst: Norsk N\u00e5r musikk blir brukt som&nbsp;v\u00e5pen. Denne banebrytende filmen smelter sammen Kongos kamp for uavhengighet og USAs mest ukonvensjonelle v\u00e5pen i den kalde krigen: Jazz. I Soundtrack to a Coup d\u2019Etat n\u00f8ster [&hellip;]<\/p>\n","protected":false},"author":2,"featured_media":0,"parent":0,"menu_order":0,"comment_status":"closed","ping_status":"closed","template":"","meta":{"footnotes":""},"class_list":["post-2546","page","type-page","status-publish","hentry"],"_links":{"self":[{"href":"https:\/\/www.bodofilmklubb.no\/index.php\/wp-json\/wp\/v2\/pages\/2546","targetHints":{"allow":["GET"]}}],"collection":[{"href":"https:\/\/www.bodofilmklubb.no\/index.php\/wp-json\/wp\/v2\/pages"}],"about":[{"href":"https:\/\/www.bodofilmklubb.no\/index.php\/wp-json\/wp\/v2\/types\/page"}],"author":[{"embeddable":true,"href":"https:\/\/www.bodofilmklubb.no\/index.php\/wp-json\/wp\/v2\/users\/2"}],"replies":[{"embeddable":true,"href":"https:\/\/www.bodofilmklubb.no\/index.php\/wp-json\/wp\/v2\/comments?post=2546"}],"version-history":[{"count":2,"href":"https:\/\/www.bodofilmklubb.no\/index.php\/wp-json\/wp\/v2\/pages\/2546\/revisions"}],"predecessor-version":[{"id":2573,"href":"https:\/\/www.bodofilmklubb.no\/index.php\/wp-json\/wp\/v2\/pages\/2546\/revisions\/2573"}],"wp:attachment":[{"href":"https:\/\/www.bodofilmklubb.no\/index.php\/wp-json\/wp\/v2\/media?parent=2546"}],"curies":[{"name":"wp","href":"https:\/\/api.w.org\/{rel}","templated":true}]}}