{"id":2549,"date":"2025-09-13T15:59:52","date_gmt":"2025-09-13T13:59:52","guid":{"rendered":"https:\/\/www.bodofilmklubb.no\/?page_id=2549"},"modified":"2025-09-13T15:59:52","modified_gmt":"2025-09-13T13:59:52","slug":"dirty-harry","status":"publish","type":"page","link":"https:\/\/www.bodofilmklubb.no\/index.php\/dirty-harry\/","title":{"rendered":"Dirty Harry"},"content":{"rendered":"\n<p>USA 1971<\/p>\n\n\n\n<p>1t 42min<\/p>\n\n\n\n<p>Regi: Don Siegel<\/p>\n\n\n\n<p>Med: Clint Eastwood, Andrew Robinson, Reni Santoni,<\/p>\n\n\n\n<p>Tale: Engelsk<\/p>\n\n\n\n<p>Tekst: Ingen<\/p>\n\n\n\n<p><strong>Do I feel lucky? Well, do ya,&nbsp;punk?<\/strong><\/p>\n\n\n\n<p>San Francisco, tidlig 70-tall. Den psykopatiske snikskytteren Scorpio terroriserer byen med krav om l\u00f8sepenger og trusler om flere drap. Politiet setter sin mest fryktl\u00f8se og kompromissl\u00f8se etterforsker p\u00e5 saken: Harry Callahan, bedre kjent som Dirty Harry. Med sin ikoniske .44 Magnum og sitatvennlige replikker tar Callahan opp jakten p\u00e5 morderen, og utfordrer b\u00e5de byr\u00e5krati og rettssystemets grenser.<\/p>\n\n\n\n<p><em>Dirty Harry<\/em>&nbsp;ble en milep\u00e6l i amerikansk filmhistorie og markerte starten p\u00e5 en ny type politifilm \u2013 r\u00e5, urban og moralsk tvetydig. Regiss\u00f8r Don Siegel og skuespiller Clint Eastwood skapte en karakter som b\u00e5de ble hyllet og kritisert: en antihelt som opererer p\u00e5 kanten av loven, men som mange oppfattet som en n\u00f8dvendig reaksjon p\u00e5 samtidens \u00f8kende kriminalitet og mistillit til myndighetene. Filmen ble inspirert av den virkelige Zodiac-drapsmannen, og speiler en tid preget av sosial uro, Vietnamkrig og rettighetskamper. Andy Robinsons urovekkende tolkning av Scorpio bidrar til filmens intense nerve, og Bruce Surtees\u2019 fotoarbeid gir San Francisco et m\u00f8rkt og truende uttrykk.<\/p>\n\n\n\n<p>(Cinemateket)<\/p>\n\n\n\n<p><a href=\"https:\/\/www.youtube.com\/watch?v=5DInP2bm2eI\">Trailer<\/a><\/p>\n","protected":false},"excerpt":{"rendered":"<p>USA 1971 1t 42min Regi: Don Siegel Med: Clint Eastwood, Andrew Robinson, Reni Santoni, Tale: Engelsk Tekst: Ingen Do I feel lucky? Well, do ya,&nbsp;punk? San Francisco, tidlig 70-tall. Den psykopatiske snikskytteren Scorpio terroriserer byen med krav om l\u00f8sepenger og trusler om flere drap. Politiet setter sin mest fryktl\u00f8se og kompromissl\u00f8se etterforsker p\u00e5 saken: Harry [&hellip;]<\/p>\n","protected":false},"author":2,"featured_media":0,"parent":0,"menu_order":0,"comment_status":"closed","ping_status":"closed","template":"","meta":{"footnotes":""},"class_list":["post-2549","page","type-page","status-publish","hentry"],"_links":{"self":[{"href":"https:\/\/www.bodofilmklubb.no\/index.php\/wp-json\/wp\/v2\/pages\/2549","targetHints":{"allow":["GET"]}}],"collection":[{"href":"https:\/\/www.bodofilmklubb.no\/index.php\/wp-json\/wp\/v2\/pages"}],"about":[{"href":"https:\/\/www.bodofilmklubb.no\/index.php\/wp-json\/wp\/v2\/types\/page"}],"author":[{"embeddable":true,"href":"https:\/\/www.bodofilmklubb.no\/index.php\/wp-json\/wp\/v2\/users\/2"}],"replies":[{"embeddable":true,"href":"https:\/\/www.bodofilmklubb.no\/index.php\/wp-json\/wp\/v2\/comments?post=2549"}],"version-history":[{"count":1,"href":"https:\/\/www.bodofilmklubb.no\/index.php\/wp-json\/wp\/v2\/pages\/2549\/revisions"}],"predecessor-version":[{"id":2550,"href":"https:\/\/www.bodofilmklubb.no\/index.php\/wp-json\/wp\/v2\/pages\/2549\/revisions\/2550"}],"wp:attachment":[{"href":"https:\/\/www.bodofilmklubb.no\/index.php\/wp-json\/wp\/v2\/media?parent=2549"}],"curies":[{"name":"wp","href":"https:\/\/api.w.org\/{rel}","templated":true}]}}