{"id":2578,"date":"2025-10-05T17:49:01","date_gmt":"2025-10-05T15:49:01","guid":{"rendered":"https:\/\/www.bodofilmklubb.no\/?page_id=2578"},"modified":"2025-10-05T17:52:33","modified_gmt":"2025-10-05T15:52:33","slug":"the-kingdom","status":"publish","type":"page","link":"https:\/\/www.bodofilmklubb.no\/index.php\/the-kingdom\/","title":{"rendered":"The Kingdom"},"content":{"rendered":"\n<p>Originaltittel: Le royaume<\/p>\n\n\n\n<p>Frankrike 2004<\/p>\n\n\n\n<p>1t 48min<\/p>\n\n\n\n<p>Regi: Julien Colonna<\/p>\n\n\n\n<p>Med: Ghjuvanna Benedetti, Saveriu Santucci<\/p>\n\n\n\n<p>Tale: Fransk<\/p>\n\n\n\n<p>Tekst: Engelsk<\/p>\n\n\n\n<p>Alder: 15 \u00e5r<\/p>\n\n\n\n<p><strong>Korsikansk blodhevn og dype konfliktlinjer p\u00e5 90-tallet f\u00e5r et sv\u00e6rt personlig preg n\u00e5r Lesia endelig f\u00e5r et n\u00e6rere forhold til sin far.<\/strong><\/p>\n\n\n\n<p>Lesias familie er ikke som alle andres. Faren er leder av en korsikansk mafia-klan, og organisert kriminalitet og konflikter med myndighetene p\u00e5 \u00f8ya gj\u00f8r at han i sv\u00e6rt mange \u00e5r har levd under jorda. Bakteppet er mafiakoblinger til Marseille og nasjonalisters kamp for l\u00f8srivelse fra Frankrike. Lesia bor vanligvis hos sin tante, men n\u00e5 er det sommerferie og hun skal v\u00e6re sammen med faren sin noen uker. Her har vi et far-datter-forhold som helt klart har noen ekstra utfordringer.<br><br>Vi blir med p\u00e5 en dramatisk overgang fra skole, venner og kj\u00e6reste til ulike skjulesteder, mafiabr\u00f8dre og likvideringer, og denne forandringen kommer snikende inn p\u00e5 oss gjennom filmens historie. Og parallelt med dette blir Lesia dratt stadig lenger inn i farens verden av hevn og kriminalitet. (TIFF)<\/p>\n\n\n\n<p><a href=\"https:\/\/www.youtube.com\/watch?v=tEcRqQ-UDqU\">Trailer<\/a><\/p>\n\n\n\n<p>I samarbeid med Institut fran\u00e7ais og Stormen bibliotek. Gratis filmvisning i litteratursalen. <\/p>\n\n\n\n<p><\/p>\n","protected":false},"excerpt":{"rendered":"<p>Originaltittel: Le royaume Frankrike 2004 1t 48min Regi: Julien Colonna Med: Ghjuvanna Benedetti, Saveriu Santucci Tale: Fransk Tekst: Engelsk Alder: 15 \u00e5r Korsikansk blodhevn og dype konfliktlinjer p\u00e5 90-tallet f\u00e5r et sv\u00e6rt personlig preg n\u00e5r Lesia endelig f\u00e5r et n\u00e6rere forhold til sin far. Lesias familie er ikke som alle andres. Faren er leder av [&hellip;]<\/p>\n","protected":false},"author":2,"featured_media":0,"parent":0,"menu_order":0,"comment_status":"closed","ping_status":"closed","template":"","meta":{"footnotes":""},"class_list":["post-2578","page","type-page","status-publish","hentry"],"_links":{"self":[{"href":"https:\/\/www.bodofilmklubb.no\/index.php\/wp-json\/wp\/v2\/pages\/2578","targetHints":{"allow":["GET"]}}],"collection":[{"href":"https:\/\/www.bodofilmklubb.no\/index.php\/wp-json\/wp\/v2\/pages"}],"about":[{"href":"https:\/\/www.bodofilmklubb.no\/index.php\/wp-json\/wp\/v2\/types\/page"}],"author":[{"embeddable":true,"href":"https:\/\/www.bodofilmklubb.no\/index.php\/wp-json\/wp\/v2\/users\/2"}],"replies":[{"embeddable":true,"href":"https:\/\/www.bodofilmklubb.no\/index.php\/wp-json\/wp\/v2\/comments?post=2578"}],"version-history":[{"count":2,"href":"https:\/\/www.bodofilmklubb.no\/index.php\/wp-json\/wp\/v2\/pages\/2578\/revisions"}],"predecessor-version":[{"id":2584,"href":"https:\/\/www.bodofilmklubb.no\/index.php\/wp-json\/wp\/v2\/pages\/2578\/revisions\/2584"}],"wp:attachment":[{"href":"https:\/\/www.bodofilmklubb.no\/index.php\/wp-json\/wp\/v2\/media?parent=2578"}],"curies":[{"name":"wp","href":"https:\/\/api.w.org\/{rel}","templated":true}]}}