{"id":2581,"date":"2025-10-05T17:50:51","date_gmt":"2025-10-05T15:50:51","guid":{"rendered":"https:\/\/www.bodofilmklubb.no\/?page_id=2581"},"modified":"2025-10-05T17:52:50","modified_gmt":"2025-10-05T15:52:50","slug":"alphaville","status":"publish","type":"page","link":"https:\/\/www.bodofilmklubb.no\/index.php\/alphaville\/","title":{"rendered":"Alphaville"},"content":{"rendered":"\n<p>Originaltittel: &nbsp; Alphaville: une \u00e9trange aventure de Lemmy Caution<\/p>\n\n\n\n<p>Frankrike 1965<\/p>\n\n\n\n<p>1t 39min<\/p>\n\n\n\n<p>Regi: Jean Luc Godard<\/p>\n\n\n\n<p>Med: Eddie Constantine,&nbsp;Anna Karina,&nbsp;Akim Tamiroff<\/p>\n\n\n\n<p>Tale: Fransk<\/p>\n\n\n\n<p>Tekst: Engelsk<\/p>\n\n\n\n<p>Alder: 12 \u00e5r<\/p>\n\n\n\n<p><strong>Godard smelter sammen film noir,&nbsp;science fiction og poesi i denne m\u00f8rke dystopiske&nbsp;thrilleren.<\/strong><strong><\/strong><\/p>\n\n\n\n<p>\u00c5ret er 1990: Lemmy Caution (i Eddie Constantines skikkelse)&nbsp;jobber for New York-avisen Figaro-Pravda. Han er sendt til den europeiske framtidsbyen Alphaville som er skapt og styrt av den gale vitenskapsmannen von Braun og hans datamaskin&nbsp;Alpha 60. I Alphaville hersker fornuften og logikkens lover, og som i ethvert totalit\u00e6rt samfunn straffes annerledestenkende med d\u00f8den. Von Brauns datter Natacha blir Lemmys guide gjennom byen. Etter hvert v\u00e5kner hun opp fra sin mentale dvale og viser f\u00f8lelser \u2013 ogs\u00e5 ovenfor Lemmy.&nbsp;<\/p>\n\n\n\n<p><em>Alphaville<\/em>&nbsp;har blitt tolket p\u00e5 mange m\u00e5ter. Kritikere i Vest-Europa mente den var et bilde p\u00e5 de undertrykte landene bak jernteppet, mens andre s\u00e5 filmen som en parodi p\u00e5 det konsumdyrkende Vest-Europa. I dag er det umulig \u00e5 ikke reflektere over hvor klarsynt filmen beskriver teknologiens og algoritmenes klamme grep om oss alle.&nbsp;<\/p>\n\n\n\n<p>Som i alle Godard-filmer er ogs\u00e5 kj\u00e6rligheten, eller den umulige kj\u00e6rligheten, et viktig tema, ettersom&nbsp;Lemmy og Natacha utvikler et slags forhold under umulige omstendigheter.<\/p>\n\n\n\n<p>Godards faste fotograf fra denne perioden, Raoul Coutard, videref\u00f8rer i&nbsp;<em>Alphaville<\/em>&nbsp;den stilen han innf\u00f8rte i&nbsp;<em>Til siste \u00e5ndedrag<\/em>. Det h\u00e5ndholdte og sv\u00e6rt bevegelige kameraet skaper autentisitet og flyt i kontrast til den s\u00e6regne og litt \u00abharde\u00bb&nbsp;klipperytmen. Godard tyr verken til sett eller spesialeffekter i&nbsp;<em>Alphaville<\/em>&nbsp;\u2013 filmens fremtidsunivers er utelukkende skapt ved bruk av samtidige locations, stort sett i Paris. (Cinematekene)<\/p>\n\n\n\n<p><a href=\"https:\/\/www.youtube.com\/watch?v=CzaATgGHmy0\">Trailer<\/a><\/p>\n\n\n\n<p>I samarbeid med Institut fran\u00e7ais og Stormen bibliotek. Gratis filmvisning i litteratursalen. <\/p>\n","protected":false},"excerpt":{"rendered":"<p>Originaltittel: &nbsp; Alphaville: une \u00e9trange aventure de Lemmy Caution Frankrike 1965 1t 39min Regi: Jean Luc Godard Med: Eddie Constantine,&nbsp;Anna Karina,&nbsp;Akim Tamiroff Tale: Fransk Tekst: Engelsk Alder: 12 \u00e5r Godard smelter sammen film noir,&nbsp;science fiction og poesi i denne m\u00f8rke dystopiske&nbsp;thrilleren. \u00c5ret er 1990: Lemmy Caution (i Eddie Constantines skikkelse)&nbsp;jobber for New York-avisen Figaro-Pravda. Han [&hellip;]<\/p>\n","protected":false},"author":2,"featured_media":0,"parent":0,"menu_order":0,"comment_status":"closed","ping_status":"closed","template":"","meta":{"footnotes":""},"class_list":["post-2581","page","type-page","status-publish","hentry"],"_links":{"self":[{"href":"https:\/\/www.bodofilmklubb.no\/index.php\/wp-json\/wp\/v2\/pages\/2581","targetHints":{"allow":["GET"]}}],"collection":[{"href":"https:\/\/www.bodofilmklubb.no\/index.php\/wp-json\/wp\/v2\/pages"}],"about":[{"href":"https:\/\/www.bodofilmklubb.no\/index.php\/wp-json\/wp\/v2\/types\/page"}],"author":[{"embeddable":true,"href":"https:\/\/www.bodofilmklubb.no\/index.php\/wp-json\/wp\/v2\/users\/2"}],"replies":[{"embeddable":true,"href":"https:\/\/www.bodofilmklubb.no\/index.php\/wp-json\/wp\/v2\/comments?post=2581"}],"version-history":[{"count":2,"href":"https:\/\/www.bodofilmklubb.no\/index.php\/wp-json\/wp\/v2\/pages\/2581\/revisions"}],"predecessor-version":[{"id":2585,"href":"https:\/\/www.bodofilmklubb.no\/index.php\/wp-json\/wp\/v2\/pages\/2581\/revisions\/2585"}],"wp:attachment":[{"href":"https:\/\/www.bodofilmklubb.no\/index.php\/wp-json\/wp\/v2\/media?parent=2581"}],"curies":[{"name":"wp","href":"https:\/\/api.w.org\/{rel}","templated":true}]}}