{"id":2607,"date":"2026-01-17T14:48:41","date_gmt":"2026-01-17T13:48:41","guid":{"rendered":"https:\/\/www.bodofilmklubb.no\/?page_id=2607"},"modified":"2026-01-17T14:48:41","modified_gmt":"2026-01-17T13:48:41","slug":"thief","status":"publish","type":"page","link":"https:\/\/www.bodofilmklubb.no\/index.php\/thief\/","title":{"rendered":"Thief"},"content":{"rendered":"\n<p>USA 1981<\/p>\n\n\n\n<p>2t 3min<\/p>\n\n\n\n<p>Regi: Michael Mann<\/p>\n\n\n\n<p>Med: James Caan, Tuesday Weld, Willie Nelson, James Belushi<\/p>\n\n\n\n<p>Tale: Engelsk<\/p>\n\n\n\n<p>Tekst: Utekstet<\/p>\n\n\n\n<p><strong>Michael Manns gjennombruddsfilm<\/strong><\/p>\n\n\n\n<p>Gjennombruddsfilmen til Michael Mann (<em>Heat, The Insider, Collateral<\/em>) er en heftig og&nbsp;tettpakket thriller om en gruppe kriminelle i Chicago, med Frank (James Caan) i spissen. Frank har tilbrakt elleve \u00e5r i fengsel, hvor han har f\u00e5tt oppl\u00e6ring av den rutinerte tyven Okla (Willie Nelson). N\u00e5 har&nbsp;Frank v\u00e6rt ute i fire \u00e5r, og han har etablert seg som en uredd og selvg\u00e5ende innbruddstyv, som opererer sammen med partneren Barry, spilt av James Belushi. Han innleder ogs\u00e5 et forhold til Jesse&nbsp;(Tuesday Weld), som han h\u00e5per \u00e5 sl\u00e5 seg ned sammen med, etter et siste, storslagent kupp.&nbsp;<\/p>\n\n\n\n<p><em>Thief&nbsp;<\/em>er en actionfilm hvor noen av de beste scenene er dialogbaserte, slik det ogs\u00e5 er i&nbsp;<em>Heat.&nbsp;<\/em>Scenen hvor Frank og Jesse sitter p\u00e5 en diner seint en kveld og snakker om livet, er et av flere h\u00f8ydepunkter i denne dirrende intense filmen.&nbsp;&nbsp;<\/p>\n\n\n\n<p>James Caan har sagt at dette er filmen han er mest stolt av,&nbsp;sammen med&nbsp;<em>Gudfaren<\/em>. Selv om Michael Mann&nbsp;gjorde tv-filmen&nbsp;<em>The Jericho Mile&nbsp;<\/em>to \u00e5r tidligere, blir&nbsp;<em>Thief&nbsp;<\/em>regnet som den egentlige&nbsp;debutfilmen hans, og starten p\u00e5 en bemerkelsesverdig karriere som en av de beste Hollywood-regiss\u00f8rene de siste 40 \u00e5rene.&nbsp;<\/p>\n\n\n\n<p>(Cinemateket)<\/p>\n\n\n\n<p><a href=\"https:\/\/www.youtube.com\/watch?v=YDa_z0op7iU\">Trailer<\/a><\/p>\n\n\n\n<p><strong>Michael Mann\u2019s \u00abThief\u00bb is a film of style, substance, and violently felt emotion, all wrapped up in one of the most intelligent thrillers I\u2019ve seen.<br><\/strong>Roger Ebert<\/p>\n\n\n\n<p><\/p>\n","protected":false},"excerpt":{"rendered":"<p>USA 1981 2t 3min Regi: Michael Mann Med: James Caan, Tuesday Weld, Willie Nelson, James Belushi Tale: Engelsk Tekst: Utekstet Michael Manns gjennombruddsfilm Gjennombruddsfilmen til Michael Mann (Heat, The Insider, Collateral) er en heftig og&nbsp;tettpakket thriller om en gruppe kriminelle i Chicago, med Frank (James Caan) i spissen. Frank har tilbrakt elleve \u00e5r i fengsel, [&hellip;]<\/p>\n","protected":false},"author":2,"featured_media":0,"parent":0,"menu_order":0,"comment_status":"closed","ping_status":"closed","template":"","meta":{"footnotes":""},"class_list":["post-2607","page","type-page","status-publish","hentry"],"_links":{"self":[{"href":"https:\/\/www.bodofilmklubb.no\/index.php\/wp-json\/wp\/v2\/pages\/2607","targetHints":{"allow":["GET"]}}],"collection":[{"href":"https:\/\/www.bodofilmklubb.no\/index.php\/wp-json\/wp\/v2\/pages"}],"about":[{"href":"https:\/\/www.bodofilmklubb.no\/index.php\/wp-json\/wp\/v2\/types\/page"}],"author":[{"embeddable":true,"href":"https:\/\/www.bodofilmklubb.no\/index.php\/wp-json\/wp\/v2\/users\/2"}],"replies":[{"embeddable":true,"href":"https:\/\/www.bodofilmklubb.no\/index.php\/wp-json\/wp\/v2\/comments?post=2607"}],"version-history":[{"count":1,"href":"https:\/\/www.bodofilmklubb.no\/index.php\/wp-json\/wp\/v2\/pages\/2607\/revisions"}],"predecessor-version":[{"id":2608,"href":"https:\/\/www.bodofilmklubb.no\/index.php\/wp-json\/wp\/v2\/pages\/2607\/revisions\/2608"}],"wp:attachment":[{"href":"https:\/\/www.bodofilmklubb.no\/index.php\/wp-json\/wp\/v2\/media?parent=2607"}],"curies":[{"name":"wp","href":"https:\/\/api.w.org\/{rel}","templated":true}]}}