{"id":2610,"date":"2026-01-17T14:50:32","date_gmt":"2026-01-17T13:50:32","guid":{"rendered":"https:\/\/www.bodofilmklubb.no\/?page_id=2610"},"modified":"2026-01-17T14:50:32","modified_gmt":"2026-01-17T13:50:32","slug":"bonjour-tristesse","status":"publish","type":"page","link":"https:\/\/www.bodofilmklubb.no\/index.php\/bonjour-tristesse\/","title":{"rendered":"Bonjour Tristesse"},"content":{"rendered":"\n<p>USA\/UK 1958<\/p>\n\n\n\n<p>1t 34min<\/p>\n\n\n\n<p>Regi: Otto Preminger<\/p>\n\n\n\n<p>Med: David Niven, Deborah Kerr, Jean Seberg<\/p>\n\n\n\n<p>Tale: Engelsk og fransk<\/p>\n\n\n\n<p>Tekst: Utekstet<\/p>\n\n\n\n<p><strong>Intrikat om sterke&nbsp;f\u00f8lelser<\/strong><strong><\/strong><\/p>\n\n\n\n<p>Estetisk sett var slutten av 50-tallet Hollywoods absolutte gullalder. Pengene str\u00f8mmet inn p\u00e5 de store produksjonsselskapenes konti, og brorparten ble pl\u00f8yd tilbake i nye filmer. Selv om de fleste regiss\u00f8rene brukte de enorme budsjettene hovedsakelig til \u00e5 fortelle historier p\u00e5 den tradisjonelle m\u00e5ten, var det et knippe som p\u00e5 elegant vis klarte \u00e5 bryte ny mark innenfor studiosystemet. Otto Preminger var en av disse, som p\u00e5 en subtil m\u00e5te maktet \u00e5 eksperimentere med originale billedkomposisjoner, elegante kamerakj\u00f8ringer og innovativ klipping og likevel gj\u00f8re filmen spiselig for et kommersielt publikum.&nbsp;<\/p>\n\n\n\n<p>I&nbsp;<em>Bonjour tristesse<\/em>, basert p\u00e5 Fran\u00e7oise Sagans ber\u00f8mte roman, benyttet han seg av det da relativt nye formatet cinemascope til \u00e5 fortelle en historie som nesten er for kammerspill \u00e5 regne. I en tid da formatet ble mest benyttet i storsl\u00e5tte drama, brukes det her i en intrikat og underholdende film om ambisi\u00f8se kj\u00e6rlighetsforhold og konfliktfylte romanser.&nbsp;<\/p>\n\n\n\n<p>Unge Cecile (Jean Seberg) bor alene med sin far, Raymond, som er enkemann og en kvinnebed\u00e5rer. De lever et sorgl\u00f8st og dekadent sosialt liv sammen, men n\u00e5r Raymond innleder et forhold med den vakre designeren Anne, trues Ceciles eksistens og status.<\/p>\n\n\n\n<p>Preminger fanger Ceciles desperate, hemmelige sorg, slik at man ikke kan unng\u00e5 \u00e5 f\u00f8le med henne. Jean-Luc Godard s\u00e5 Sebergs p\u00e5f\u00f8lgende rolle i&nbsp;<em>Til siste \u00e5ndedrag<\/em>&nbsp;som en fortsettelse av rollen som Cecile.&nbsp;<\/p>\n\n\n\n<p>(Cinemateket)<\/p>\n\n\n\n<p><a href=\"https:\/\/www.youtube.com\/watch?v=214M0wBQfcc\">Trailer<\/a><\/p>\n","protected":false},"excerpt":{"rendered":"<p>USA\/UK 1958 1t 34min Regi: Otto Preminger Med: David Niven, Deborah Kerr, Jean Seberg Tale: Engelsk og fransk Tekst: Utekstet Intrikat om sterke&nbsp;f\u00f8lelser Estetisk sett var slutten av 50-tallet Hollywoods absolutte gullalder. Pengene str\u00f8mmet inn p\u00e5 de store produksjonsselskapenes konti, og brorparten ble pl\u00f8yd tilbake i nye filmer. Selv om de fleste regiss\u00f8rene brukte de [&hellip;]<\/p>\n","protected":false},"author":2,"featured_media":0,"parent":0,"menu_order":0,"comment_status":"closed","ping_status":"closed","template":"","meta":{"footnotes":""},"class_list":["post-2610","page","type-page","status-publish","hentry"],"_links":{"self":[{"href":"https:\/\/www.bodofilmklubb.no\/index.php\/wp-json\/wp\/v2\/pages\/2610","targetHints":{"allow":["GET"]}}],"collection":[{"href":"https:\/\/www.bodofilmklubb.no\/index.php\/wp-json\/wp\/v2\/pages"}],"about":[{"href":"https:\/\/www.bodofilmklubb.no\/index.php\/wp-json\/wp\/v2\/types\/page"}],"author":[{"embeddable":true,"href":"https:\/\/www.bodofilmklubb.no\/index.php\/wp-json\/wp\/v2\/users\/2"}],"replies":[{"embeddable":true,"href":"https:\/\/www.bodofilmklubb.no\/index.php\/wp-json\/wp\/v2\/comments?post=2610"}],"version-history":[{"count":1,"href":"https:\/\/www.bodofilmklubb.no\/index.php\/wp-json\/wp\/v2\/pages\/2610\/revisions"}],"predecessor-version":[{"id":2611,"href":"https:\/\/www.bodofilmklubb.no\/index.php\/wp-json\/wp\/v2\/pages\/2610\/revisions\/2611"}],"wp:attachment":[{"href":"https:\/\/www.bodofilmklubb.no\/index.php\/wp-json\/wp\/v2\/media?parent=2610"}],"curies":[{"name":"wp","href":"https:\/\/api.w.org\/{rel}","templated":true}]}}