{"id":2616,"date":"2026-01-17T14:53:00","date_gmt":"2026-01-17T13:53:00","guid":{"rendered":"https:\/\/www.bodofilmklubb.no\/?page_id=2616"},"modified":"2026-04-09T18:19:24","modified_gmt":"2026-04-09T16:19:24","slug":"nouvelle-vague","status":"publish","type":"page","link":"https:\/\/www.bodofilmklubb.no\/index.php\/nouvelle-vague\/","title":{"rendered":"Nouvelle Vague"},"content":{"rendered":"\n<p>USA 2025<\/p>\n\n\n\n<p>1t 47min<\/p>\n\n\n\n<p>Regi: Richard Linklater<\/p>\n\n\n\n<p>Med: Guillaume Marbeck, Zoey Deutch<\/p>\n\n\n\n<p>Tale: Fransk<\/p>\n\n\n\n<p>Tekst: Norsk<\/p>\n\n\n\n<p><strong>Julaften for filmklubb-nerder<\/strong><\/p>\n\n\n\n<p><em>Nouelle vague<\/em> tar oss tilbake til Paris p\u00e5 50-tallet og viser p\u00e5 en lett og leken m\u00e5te hvordan den franske nyb\u00f8lgen vokste frem. Vi f\u00f8lger egenr\u00e5dige Jean-Luc Godards innspilling av <em>Til siste \u00e5ndedrag<\/em>, i en tid hvor unge filmskapere gjorde oppr\u00f8r mot det etablerte.<\/p>\n\n\n\n<p>Regiss\u00f8r Richard Linklater skaper en fiktiv bakomfortelling hvor vi blir med p\u00e5 23 dager med kaos, improvisasjon, frustrasjon og lek i gatene i Paris.<\/p>\n\n\n\n<p>Filmen er en hyllest til selve filmkunsten og varmer med humor, energi og et budskap om at kunsten seirer til slutt! For oss filmklubb-nerder, som har sett eller h\u00f8rt om filmer og regiss\u00f8rer fra denne utrolig kreative perioden i (fransk) filmhistorie, er det en fest \u00e5 spotte alle referansene og filmskapere som dukker opp i fortellingen. To slike referanser finner du i v\u00e5rens filmklubbprogram! Se <a href=\"https:\/\/www.bodofilmklubb.no\/index.php\/pickpocket-2\/\"><em>Pickpocket<\/em> <\/a>og ikke minst <em><a href=\"https:\/\/www.bodofilmklubb.no\/index.php\/bonjour-tristesse\/\">Bonjour Tristesse<\/a><\/em>.<\/p>\n\n\n\n<p><a href=\"https:\/\/www.youtube.com\/watch?v=H3dgv8YPUtw\">Trailer<\/a><\/p>\n\n\n\n<p><\/p>\n","protected":false},"excerpt":{"rendered":"<p>USA 2025 1t 47min Regi: Richard Linklater Med: Guillaume Marbeck, Zoey Deutch Tale: Fransk Tekst: Norsk Julaften for filmklubb-nerder Nouelle vague tar oss tilbake til Paris p\u00e5 50-tallet og viser p\u00e5 en lett og leken m\u00e5te hvordan den franske nyb\u00f8lgen vokste frem. Vi f\u00f8lger egenr\u00e5dige Jean-Luc Godards innspilling av Til siste \u00e5ndedrag, i en tid [&hellip;]<\/p>\n","protected":false},"author":2,"featured_media":0,"parent":0,"menu_order":0,"comment_status":"closed","ping_status":"closed","template":"","meta":{"footnotes":""},"class_list":["post-2616","page","type-page","status-publish","hentry"],"_links":{"self":[{"href":"https:\/\/www.bodofilmklubb.no\/index.php\/wp-json\/wp\/v2\/pages\/2616","targetHints":{"allow":["GET"]}}],"collection":[{"href":"https:\/\/www.bodofilmklubb.no\/index.php\/wp-json\/wp\/v2\/pages"}],"about":[{"href":"https:\/\/www.bodofilmklubb.no\/index.php\/wp-json\/wp\/v2\/types\/page"}],"author":[{"embeddable":true,"href":"https:\/\/www.bodofilmklubb.no\/index.php\/wp-json\/wp\/v2\/users\/2"}],"replies":[{"embeddable":true,"href":"https:\/\/www.bodofilmklubb.no\/index.php\/wp-json\/wp\/v2\/comments?post=2616"}],"version-history":[{"count":3,"href":"https:\/\/www.bodofilmklubb.no\/index.php\/wp-json\/wp\/v2\/pages\/2616\/revisions"}],"predecessor-version":[{"id":2679,"href":"https:\/\/www.bodofilmklubb.no\/index.php\/wp-json\/wp\/v2\/pages\/2616\/revisions\/2679"}],"wp:attachment":[{"href":"https:\/\/www.bodofilmklubb.no\/index.php\/wp-json\/wp\/v2\/media?parent=2616"}],"curies":[{"name":"wp","href":"https:\/\/api.w.org\/{rel}","templated":true}]}}