{"id":2619,"date":"2026-01-17T14:53:58","date_gmt":"2026-01-17T13:53:58","guid":{"rendered":"https:\/\/www.bodofilmklubb.no\/?page_id=2619"},"modified":"2026-01-17T15:25:14","modified_gmt":"2026-01-17T14:25:14","slug":"smating-som-dette","status":"publish","type":"page","link":"https:\/\/www.bodofilmklubb.no\/index.php\/smating-som-dette\/","title":{"rendered":"Sm\u00e5ting som dette"},"content":{"rendered":"\n<p>Originaltittel: Small Things Like These<\/p>\n\n\n\n<p>Irland 2024<\/p>\n\n\n\n<p>1t 38min<\/p>\n\n\n\n<p>Regi: Tim Mielants<\/p>\n\n\n\n<p>Med: Cillian Murphy, Eileen Walsh, Emily Watson<\/p>\n\n\n\n<p>Tale: Engelsk<\/p>\n\n\n\n<p>Tekst: Norsk<\/p>\n\n\n\n<p><\/p>\n\n\n\n<p><strong>Stillferdig og sterkt drama<\/strong><\/p>\n\n\n\n<p><em>Sm\u00e5ting som dette<\/em> er et sterkt og kritikerrost drama med Oscar-vinner Cillian Murphy i hovedrollen, om den katolske kirkens m\u00f8rke tradisjoner og maktmisbruk overfor s\u00e5rbare unge jenter \u2013 og de rystende skjebnene som fulgte. Filmen er basert p\u00e5 den internasjonale bestselgeren av forfatteren bak suksessen Tre lys (The Quiet Girl).<\/p>\n\n\n\n<p>Irland, 1985. Det er jul i den lille byen New Ross, og kullhandleren Bill Furlong har det travelt med \u00e5rets siste leveranser. Hjemme forbereder han h\u00f8ytiden med kona og de fem d\u00f8trene. Aller siste tur, p\u00e5 selve julaften, g\u00e5r til byens nonnekloster. Her m\u00f8ter Bill et menneske som virvler opp hans egen fortid, og som stiller ham overfor et moralsk dilemma. Skal han sikre seg og familien, eller lytte til sin egen samvittighet?<\/p>\n\n\n\n<p><a href=\"https:\/\/www.youtube.com\/watch?v=PpcRa28lvlk\">Trailer<\/a><\/p>\n","protected":false},"excerpt":{"rendered":"<p>Originaltittel: Small Things Like These Irland 2024 1t 38min Regi: Tim Mielants Med: Cillian Murphy, Eileen Walsh, Emily Watson Tale: Engelsk Tekst: Norsk Stillferdig og sterkt drama Sm\u00e5ting som dette er et sterkt og kritikerrost drama med Oscar-vinner Cillian Murphy i hovedrollen, om den katolske kirkens m\u00f8rke tradisjoner og maktmisbruk overfor s\u00e5rbare unge jenter \u2013 [&hellip;]<\/p>\n","protected":false},"author":2,"featured_media":0,"parent":0,"menu_order":0,"comment_status":"closed","ping_status":"closed","template":"","meta":{"footnotes":""},"class_list":["post-2619","page","type-page","status-publish","hentry"],"_links":{"self":[{"href":"https:\/\/www.bodofilmklubb.no\/index.php\/wp-json\/wp\/v2\/pages\/2619","targetHints":{"allow":["GET"]}}],"collection":[{"href":"https:\/\/www.bodofilmklubb.no\/index.php\/wp-json\/wp\/v2\/pages"}],"about":[{"href":"https:\/\/www.bodofilmklubb.no\/index.php\/wp-json\/wp\/v2\/types\/page"}],"author":[{"embeddable":true,"href":"https:\/\/www.bodofilmklubb.no\/index.php\/wp-json\/wp\/v2\/users\/2"}],"replies":[{"embeddable":true,"href":"https:\/\/www.bodofilmklubb.no\/index.php\/wp-json\/wp\/v2\/comments?post=2619"}],"version-history":[{"count":2,"href":"https:\/\/www.bodofilmklubb.no\/index.php\/wp-json\/wp\/v2\/pages\/2619\/revisions"}],"predecessor-version":[{"id":2629,"href":"https:\/\/www.bodofilmklubb.no\/index.php\/wp-json\/wp\/v2\/pages\/2619\/revisions\/2629"}],"wp:attachment":[{"href":"https:\/\/www.bodofilmklubb.no\/index.php\/wp-json\/wp\/v2\/media?parent=2619"}],"curies":[{"name":"wp","href":"https:\/\/api.w.org\/{rel}","templated":true}]}}