{"id":2633,"date":"2026-01-18T12:03:00","date_gmt":"2026-01-18T11:03:00","guid":{"rendered":"https:\/\/www.bodofilmklubb.no\/?page_id=2633"},"modified":"2026-01-18T12:06:11","modified_gmt":"2026-01-18T11:06:11","slug":"praktisk-info-om-bodo-filmklubb","status":"publish","type":"page","link":"https:\/\/www.bodofilmklubb.no\/index.php\/praktisk-info-om-bodo-filmklubb\/","title":{"rendered":"Praktisk info om Bod\u00f8 filmklubb"},"content":{"rendered":"\n<h3 class=\"wp-block-heading\">Om Bod\u00f8 Filmklubb:<\/h3>\n\n\n\n<p>Bod\u00f8 Filmklubb er en ikke-kommersiell forening som har som m\u00e5l \u00e5 supplere det kommersielle filmtilbudet med nye filmer og klassikere. Ofte trekker vi tematiske tr\u00e5der mellom flere filmer, vi tilbyr seminarer og har du lyst kan du gjerne diskutere \u201dfilm\u201d med likesinnede p\u00e5 kaf\u00e9 etter visningene. Du trenger ikke v\u00e6re filmviter for \u00e5 bli med \u2013 men du trenger medlemskap n\u00e5r du skal se l\u00f8rdagsfilmene! Fram kino i Bod\u00f8 sentrum er visningslokalet v\u00e5rt. <\/p>\n\n\n\n<p>I tillegg samarbeider vi med Stormen bibliotek om gratis filmvisninger i litteratursalen. Se egen <a href=\"https:\/\/www.bodofilmklubb.no\/index.php\/2023\/08\/film-i-biblioteket\/\">infoside<\/a>.<\/p>\n\n\n\n<p>Vil du vite mer om hva en filmklubb er bes\u00f8k: <a href=\"http:\/\/www.filmklubb.no\">http:\/\/www.filmklubb.no<\/a><\/p>\n\n\n\n<h2 class=\"wp-block-heading\">Medlemskap:<\/h2>\n\n\n\n<p>\u2013 Aldersgrense for medlemskap er 15 \u00e5r.<\/p>\n\n\n\n<p>\u2013 Medlemskap selges ved oppm\u00f8te \u00bd time f\u00f8r l\u00f8rdagsvisningene p\u00e5 Fram kino.<\/p>\n\n\n\n<p>\u2013 Medlemskapet for ett semester (halv\u00e5r) inkluderer adgang til alle l\u00f8rdagsvisningene.<\/p>\n\n\n\n<p>\u2013 Priser for medlemskap: Normalpris: kroner 300,-; St\u00f8ttepris: 400,-; Rabattpris: 200,-<\/p>\n\n\n\n<p>\u2013 Innehaver av kulturkortet for ungdom og studenter vil f\u00e5 medlemskap til rabattert pris (200,-)<\/p>\n\n\n\n<p>\u2013 Pr\u00f8vemedlemskap 1 film: kroner 100,-<\/p>\n\n\n\n<p>\u2013 Betaling skjer kontant eller med Vipps.<\/p>\n\n\n\n<p><strong>Visninger:<\/strong><\/p>\n\n\n\n<p>Filmklubben har faste egne visninger l\u00f8rdager kl. 15:30 p\u00e5 Fram kino. I tillegg samarbeider vi med Fram om visninger torsdager.<\/p>\n\n\n\n<p><strong>L\u00f8rdagsfilmer:<\/strong><\/p>\n\n\n\n<p>\u2013 Vises p\u00e5 Fram kino. Arrang\u00f8r er Bod\u00f8 Filmklubb.<\/p>\n\n\n\n<p>\u2013 Forutsetter filmklubbmedlemskap.<\/p>\n\n\n\n<p>\u2013 Visningene starter l\u00f8rdager kl 15:30 p\u00e5 Fram Kino.<\/p>\n\n\n\n<p>\u2013 Adgang til filmene er inkludert i medlemskapsprisen (300\/400\/200)<\/p>\n\n\n\n<p><strong>Torsdagsfilmer:<\/strong><\/p>\n\n\n\n<p>\u2013 Her vises det aktuelle kinofilmer som vi mener er verdt \u00e5 f\u00e5 med seg<\/p>\n\n\n\n<p>\u2013 Er \u00e5pne for alle (medlemmer og ikke-medlemmer). Visningene er i samarbeid med Fram kino.<\/p>\n\n\n\n<p>\u2013 Tidspunkt varierer \u2013 f\u00f8lg med framkino.no<\/p>\n\n\n\n<p>\u2013 Billettene selges av Fram kino til vanlige betingelser.<\/p>\n\n\n\n<p>\u2013 Filmklubbmedlemmer f\u00e5r rabatt ved fremvisning av medlemsbevis.<br><br>\u2013 Rabatten gjelder s\u00e5 lenge filmene vises av Fram kino (det vil si, ikke bare torsdagen)<\/p>\n\n\n\n<p><strong>Kontaktinfo:<\/strong><\/p>\n\n\n\n<p>e-post: post(at)bodofilmklubb.no<\/p>\n","protected":false},"excerpt":{"rendered":"<p>Om Bod\u00f8 Filmklubb: Bod\u00f8 Filmklubb er en ikke-kommersiell forening som har som m\u00e5l \u00e5 supplere det kommersielle filmtilbudet med nye filmer og klassikere. Ofte trekker vi tematiske tr\u00e5der mellom flere filmer, vi tilbyr seminarer og har du lyst kan du gjerne diskutere \u201dfilm\u201d med likesinnede p\u00e5 kaf\u00e9 etter visningene. Du trenger ikke v\u00e6re filmviter for [&hellip;]<\/p>\n","protected":false},"author":2,"featured_media":0,"parent":0,"menu_order":0,"comment_status":"closed","ping_status":"closed","template":"","meta":{"footnotes":""},"class_list":["post-2633","page","type-page","status-publish","hentry"],"_links":{"self":[{"href":"https:\/\/www.bodofilmklubb.no\/index.php\/wp-json\/wp\/v2\/pages\/2633","targetHints":{"allow":["GET"]}}],"collection":[{"href":"https:\/\/www.bodofilmklubb.no\/index.php\/wp-json\/wp\/v2\/pages"}],"about":[{"href":"https:\/\/www.bodofilmklubb.no\/index.php\/wp-json\/wp\/v2\/types\/page"}],"author":[{"embeddable":true,"href":"https:\/\/www.bodofilmklubb.no\/index.php\/wp-json\/wp\/v2\/users\/2"}],"replies":[{"embeddable":true,"href":"https:\/\/www.bodofilmklubb.no\/index.php\/wp-json\/wp\/v2\/comments?post=2633"}],"version-history":[{"count":4,"href":"https:\/\/www.bodofilmklubb.no\/index.php\/wp-json\/wp\/v2\/pages\/2633\/revisions"}],"predecessor-version":[{"id":2637,"href":"https:\/\/www.bodofilmklubb.no\/index.php\/wp-json\/wp\/v2\/pages\/2633\/revisions\/2637"}],"wp:attachment":[{"href":"https:\/\/www.bodofilmklubb.no\/index.php\/wp-json\/wp\/v2\/media?parent=2633"}],"curies":[{"name":"wp","href":"https:\/\/api.w.org\/{rel}","templated":true}]}}