{"id":2646,"date":"2026-01-18T13:33:19","date_gmt":"2026-01-18T12:33:19","guid":{"rendered":"https:\/\/www.bodofilmklubb.no\/?page_id=2646"},"modified":"2026-01-18T14:19:30","modified_gmt":"2026-01-18T13:19:30","slug":"samba-traore","status":"publish","type":"page","link":"https:\/\/www.bodofilmklubb.no\/index.php\/samba-traore\/","title":{"rendered":"Samba Traor\u00e9"},"content":{"rendered":"\n<p>Burkina Faso 1992<\/p>\n\n\n\n<p>1t 20min<\/p>\n\n\n\n<p>Regi: Idrissa Ou\u00e9draogo<\/p>\n\n\n\n<p>Med: Ir\u00e8ne Tassembedo, Abdoulaye Komboudri, Bakary Sangar\u00e9, Mariam Kaba<\/p>\n\n\n\n<p>Tale: Fransk m.fl.<\/p>\n\n\n\n<p>Tekst: Engelsk<\/p>\n\n\n\n<p><strong>Restaurert afrikansk klassiker<\/strong><\/p>\n\n\n\n<p>Kort tid etter at han vant Grand Prix i Cannes med <em>The Law<\/em> (1990), fulgte den burkinske regiss\u00f8ren og manusforfatteren Idrissa Ou\u00e9draogo opp med den <em>Samba Traor\u00e9<\/em> i 1992, som sikret ham S\u00f8lvbj\u00f8rnen p\u00e5 Berlinalen i 1993.<\/p>\n\n\n\n<p><em>Samba Traor\u00e9<\/em> handler om en mann som vender tilbake til landsbyen sin med en koffert full av stj\u00e5lne penger, og de stadig mer omfattende konsekvensene \u2013 fra kona, familien og hele landsbyen \u2013 av l\u00f8gnen om hvor pengene kommer fra. Kofferten med penger, som han bruker til \u00e5 investere i landsbyen og styrke sin posisjon blant venner og familie, blir et symbol p\u00e5 den forgiftede gaven som det moderne livet representerer. Sambas svakhet og feighet er alles svakhet og feighet, og selv om vi synes synd p\u00e5 ham n\u00e5r han handler i desperasjon, forst\u00e5r vi ham ogs\u00e5.<\/p>\n\n\n\n<p>Filmen handler, p\u00e5 en direkte men poetisk m\u00e5te, om konfliktene mellom by og landsbygd, modernitet og tradisjon i Burkina Faso. \u00abOu\u00e9draogos historiefortelling har en magisk kvalitet, men her er b\u00e5de karakterene og omgivelsene gjennomf\u00f8rt moderne,\u00bb uttalte African Film Festival of New York. Gina Telaroli beskrev den i <em>Film Comment<\/em> som en \u00abstram studie av skyld\u00bb, mens <em>Sight &amp; Sound<\/em> slo fast, i en omfattende nekrolog fra 2018, at Ou\u00e9draogos \u00abbidrag til filmen var monumentalt.\u00bb \u00abEn av de store klassikerne i mitt liv,\u00bb sa <em>Queer<\/em>\u2013 og <em>Challengers<\/em>-regiss\u00f8r Luca Guadagnino. \u00abJeg vil aldri glemme da jeg s\u00e5 denne filmen for f\u00f8rste gang, fra en av de st\u00f8rste regiss\u00f8rene gjennom tidene.\u00bb<\/p>\n\n\n\n<p>En av 90-tallets essensielle filmer, har Ou\u00e9draogos mesterverk endelig blitt restaurert til en stand som gj\u00f8r rettferdighet mot dets storhet, og sikrer at det kan fortsette \u00e5 bli verdsatt over hele verden &#8211; og bli oppdaget av nye publikummere. <\/p>\n\n\n\n<p><strong>Vi gleder oss med andre ord at vi kan presentere filmen i Bod\u00f8 og oppdage den sammen med dere!<\/strong><\/p>\n\n\n\n<p><a href=\"https:\/\/www.dailymotion.com\/video\/x8thhzc\">Trailer<\/a><\/p>\n\n\n\n<p>I samarbeid med Institut fran\u00e7ais og Stormen bibliotek kan vi vise dere flotte franske filmer i litteratursalen. Det er filmer som aldri fikk sin sjanse p\u00e5 norske kinoer, med mulig unntak av noen festivalvisninger. Dere har n\u00e5 en unik mulighet til \u00e5 oppleve ny fransk film i litteratursalen. Og en eller annen fransk klassiker!? Og det hele gratis og \u00e5pen for alle \u2013 filmklubbmedlem eller ei.<\/p>\n\n\n\n<p>Mer info <a href=\"https:\/\/www.bodofilmklubb.no\/index.php\/2023\/08\/film-i-biblioteket\/\">her<\/a>.<\/p>\n\n\n\n<p><\/p>\n","protected":false},"excerpt":{"rendered":"<p>Burkina Faso 1992 1t 20min Regi: Idrissa Ou\u00e9draogo Med: Ir\u00e8ne Tassembedo, Abdoulaye Komboudri, Bakary Sangar\u00e9, Mariam Kaba Tale: Fransk m.fl. Tekst: Engelsk Restaurert afrikansk klassiker Kort tid etter at han vant Grand Prix i Cannes med The Law (1990), fulgte den burkinske regiss\u00f8ren og manusforfatteren Idrissa Ou\u00e9draogo opp med den Samba Traor\u00e9 i 1992, som [&hellip;]<\/p>\n","protected":false},"author":2,"featured_media":0,"parent":0,"menu_order":0,"comment_status":"closed","ping_status":"closed","template":"","meta":{"footnotes":""},"class_list":["post-2646","page","type-page","status-publish","hentry"],"_links":{"self":[{"href":"https:\/\/www.bodofilmklubb.no\/index.php\/wp-json\/wp\/v2\/pages\/2646","targetHints":{"allow":["GET"]}}],"collection":[{"href":"https:\/\/www.bodofilmklubb.no\/index.php\/wp-json\/wp\/v2\/pages"}],"about":[{"href":"https:\/\/www.bodofilmklubb.no\/index.php\/wp-json\/wp\/v2\/types\/page"}],"author":[{"embeddable":true,"href":"https:\/\/www.bodofilmklubb.no\/index.php\/wp-json\/wp\/v2\/users\/2"}],"replies":[{"embeddable":true,"href":"https:\/\/www.bodofilmklubb.no\/index.php\/wp-json\/wp\/v2\/comments?post=2646"}],"version-history":[{"count":3,"href":"https:\/\/www.bodofilmklubb.no\/index.php\/wp-json\/wp\/v2\/pages\/2646\/revisions"}],"predecessor-version":[{"id":2660,"href":"https:\/\/www.bodofilmklubb.no\/index.php\/wp-json\/wp\/v2\/pages\/2646\/revisions\/2660"}],"wp:attachment":[{"href":"https:\/\/www.bodofilmklubb.no\/index.php\/wp-json\/wp\/v2\/media?parent=2646"}],"curies":[{"name":"wp","href":"https:\/\/api.w.org\/{rel}","templated":true}]}}